{"id":10227,"date":"2020-04-20T22:57:09","date_gmt":"2020-04-20T20:57:09","guid":{"rendered":"https:\/\/www.cantonuovo.org\/?page_id=10227"},"modified":"2020-04-27T12:19:36","modified_gmt":"2020-04-27T10:19:36","slug":"5-odpustenie-hriechov","status":"publish","type":"page","link":"https:\/\/www.cantonuovo.org\/sk\/seminar-zivot-v-duchu\/5-odpustenie-hriechov\/","title":{"rendered":"5. Odpustenie"},"content":{"rendered":"<section class=\"wpb-content-wrapper\"><p>[vc_row gap=&#8220;35&#8243;][vc_column width=&#8220;1\/2&#8243; css=&#8220;.vc_custom_1587320541069{padding: 5% !important;background-color: #ededed !important;}&#8220;][vc_column_text]<\/p>\n<h4>Odpor\u00fa\u010dan\u00e9 biblick\u00e9 odkazy:<\/h4>\n<p>[\/vc_column_text][vc_separator color=&#8220;black&#8220; style=&#8220;dotted&#8220;][vc_column_text]Exododus 20, 1-17 (Dt 5, 1-21)<\/p>\n<p>Mat\u00fa\u0161 22, 36-40<\/p>\n<p>J\u00e1n 13,34-35<\/p>\n<p>Mat\u00fa\u0161 6, 10-15<\/p>\n<p>J\u00e1n 8, 31-36<\/p>\n<p>Luk\u00e1\u0161 7, 36 \u2013 50<\/p>\n<p>Mat\u00fa\u0161 18, 21-35<\/p>\n<p>J\u00e1n 8, 1-11<\/p>\n<p>\u017dalm 51<\/p>\n<p>Luk\u00e1\u0161 17, 15<\/p>\n<p>Rimanom 3, 23<\/p>\n<p>Rimanom 3, 9<\/p>\n<p>Rimanom 5, 19<\/p>\n<p>Zjavenie 12, 10<\/p>\n<p>\u017didom 9, 11-12<\/p>\n<p>1Petrov 1, 18-20<\/p>\n<p>\u017didom 9, 12-26<\/p>\n<p>1 J\u00e1n 1, 7<\/p>\n<p>\u017didom 10, 22<\/p>\n<p>Rimanom 8, 1<\/p>\n<p>J\u00e1n 20, 22<\/p>\n<p>Jakub 5, 13-16[\/vc_column_text][\/vc_column][vc_column width=&#8220;1\/2&#8243;][vc_column_text]<\/p>\n<h4>Odkaz na skladby:<\/h4>\n<p>[\/vc_column_text][vc_video link=&#8220;https:\/\/soundcloud.com\/user-307321596\/amo-la-tua-legge?in=user-307321596\/sets\/salmo-nuovo-2010&#8243; title=&#8220;Milujem Tvoj z\u00e1kon&#8220;][vc_video link=&#8220;https:\/\/www.youtube.com\/watch?v=KnTbE10kl-s&#8220; title=&#8220;A prejdem tou riekou&#8220;][vc_video link=&#8220;https:\/\/www.youtube.com\/watch?v=YszmEsvI6h8&#8243; title=&#8220;Bach: St. Matthew Passion &#8211; Matth\u00e4us-Passion &#8211; BWV 244 &#8211; Erbarme Dich&#8220;][vc_video link=&#8220;https:\/\/www.youtube.com\/watch?v=1UM8RthqYaU&#8220; title=&#8220;Je\u017ei\u0161 mi odpustil&#8220;][vc_video link=&#8220;https:\/\/www.youtube.com\/watch?v=UjFXAU2poxc&#8220; title=&#8220;Prebu\u010f sa, Izrael&#8220;][\/vc_column][\/vc_row][vc_row][vc_column][vc_column_text]<\/p>\n<p>[\/vc_column_text][\/vc_column][\/vc_row]<\/p>\n<\/section>","protected":false},"excerpt":{"rendered":"<p>[vc_row gap=&#8220;35&#8243;][vc_column width=&#8220;1\/2&#8243; css=&#8220;.vc_custom_1587320541069{padding: 5% !important;background-color: #ededed !important;}&#8220;][vc_column_text] Odpor\u00fa\u010dan\u00e9 biblick\u00e9 odkazy: [\/vc_column_text][vc_separator color=&#8220;black&#8220; style=&#8220;dotted&#8220;][vc_column_text]Exododus 20,&#8230;<\/p>\n","protected":false},"author":1,"featured_media":10096,"parent":10151,"menu_order":0,"comment_status":"open","ping_status":"closed","template":"","meta":{"footnotes":""},"class_list":["post-10227","page","type-page","status-publish","has-post-thumbnail","hentry"],"yoast_head":"<!-- This site is optimized with the Yoast SEO plugin v27.4 - https:\/\/yoast.com\/product\/yoast-seo-wordpress\/ -->\n<title>5. Odpustenie - Fondazione Cantonuovo<\/title>\n<meta name=\"robots\" content=\"index, follow, max-snippet:-1, max-image-preview:large, max-video-preview:-1\" \/>\n<link rel=\"canonical\" href=\"https:\/\/www.cantonuovo.org\/sk\/seminar-zivot-v-duchu\/5-odpustenie-hriechov\/\" \/>\n<meta property=\"og:locale\" content=\"sk_SK\" \/>\n<meta property=\"og:type\" content=\"article\" \/>\n<meta property=\"og:title\" content=\"5. Odpustenie - Fondazione Cantonuovo\" \/>\n<meta property=\"og:description\" content=\"[vc_row gap=&#8220;35&#8243;][vc_column width=&#8220;1\/2&#8243; css=&#8220;.vc_custom_1587320541069{padding: 5% !important;background-color: #ededed !important;}&#8220;][vc_column_text] Odpor\u00fa\u010dan\u00e9 biblick\u00e9 odkazy: [\/vc_column_text][vc_separator color=&#8220;black&#8220; style=&#8220;dotted&#8220;][vc_column_text]Exododus 20,...\" \/>\n<meta property=\"og:url\" content=\"https:\/\/www.cantonuovo.org\/sk\/seminar-zivot-v-duchu\/5-odpustenie-hriechov\/\" \/>\n<meta property=\"og:site_name\" content=\"Fondazione Cantonuovo\" \/>\n<meta property=\"article:publisher\" content=\"https:\/\/www.facebook.com\/Fondazione-Cantonuovo-157049929923\/\" \/>\n<meta property=\"article:modified_time\" content=\"2020-04-27T10:19:36+00:00\" \/>\n<meta property=\"og:image\" content=\"https:\/\/www.cantonuovo.org\/wp-content\/uploads\/2020\/04\/1oxd.gif\" \/>\n\t<meta property=\"og:image:width\" content=\"1090\" \/>\n\t<meta property=\"og:image:height\" content=\"613\" \/>\n\t<meta property=\"og:image:type\" content=\"image\/gif\" \/>\n<meta name=\"twitter:card\" content=\"summary_large_image\" \/>\n<meta name=\"twitter:label1\" content=\"Predpokladan\u00fd \u010das \u010d\u00edtania\" \/>\n\t<meta name=\"twitter:data1\" content=\"1 min\u00fata\" \/>\n<script type=\"application\/ld+json\" class=\"yoast-schema-graph\">{\"@context\":\"https:\\\/\\\/schema.org\",\"@graph\":[{\"@type\":\"WebPage\",\"@id\":\"https:\\\/\\\/www.cantonuovo.org\\\/sk\\\/seminar-zivot-v-duchu\\\/5-odpustenie-hriechov\\\/\",\"url\":\"https:\\\/\\\/www.cantonuovo.org\\\/sk\\\/seminar-zivot-v-duchu\\\/5-odpustenie-hriechov\\\/\",\"name\":\"5. Odpustenie - Fondazione Cantonuovo\",\"isPartOf\":{\"@id\":\"https:\\\/\\\/www.cantonuovo.org\\\/sk\\\/#website\"},\"primaryImageOfPage\":{\"@id\":\"https:\\\/\\\/www.cantonuovo.org\\\/sk\\\/seminar-zivot-v-duchu\\\/5-odpustenie-hriechov\\\/#primaryimage\"},\"image\":{\"@id\":\"https:\\\/\\\/www.cantonuovo.org\\\/sk\\\/seminar-zivot-v-duchu\\\/5-odpustenie-hriechov\\\/#primaryimage\"},\"thumbnailUrl\":\"https:\\\/\\\/www.cantonuovo.org\\\/wp-content\\\/uploads\\\/2020\\\/04\\\/1oxd.gif\",\"datePublished\":\"2020-04-20T20:57:09+00:00\",\"dateModified\":\"2020-04-27T10:19:36+00:00\",\"breadcrumb\":{\"@id\":\"https:\\\/\\\/www.cantonuovo.org\\\/sk\\\/seminar-zivot-v-duchu\\\/5-odpustenie-hriechov\\\/#breadcrumb\"},\"inLanguage\":\"sk-SK\",\"potentialAction\":[{\"@type\":\"ReadAction\",\"target\":[\"https:\\\/\\\/www.cantonuovo.org\\\/sk\\\/seminar-zivot-v-duchu\\\/5-odpustenie-hriechov\\\/\"]}]},{\"@type\":\"ImageObject\",\"inLanguage\":\"sk-SK\",\"@id\":\"https:\\\/\\\/www.cantonuovo.org\\\/sk\\\/seminar-zivot-v-duchu\\\/5-odpustenie-hriechov\\\/#primaryimage\",\"url\":\"https:\\\/\\\/www.cantonuovo.org\\\/wp-content\\\/uploads\\\/2020\\\/04\\\/1oxd.gif\",\"contentUrl\":\"https:\\\/\\\/www.cantonuovo.org\\\/wp-content\\\/uploads\\\/2020\\\/04\\\/1oxd.gif\",\"width\":1090,\"height\":613},{\"@type\":\"BreadcrumbList\",\"@id\":\"https:\\\/\\\/www.cantonuovo.org\\\/sk\\\/seminar-zivot-v-duchu\\\/5-odpustenie-hriechov\\\/#breadcrumb\",\"itemListElement\":[{\"@type\":\"ListItem\",\"position\":1,\"name\":\"Home\",\"item\":\"https:\\\/\\\/www.cantonuovo.org\\\/sk\\\/\"},{\"@type\":\"ListItem\",\"position\":2,\"name\":\"SEMIN\u00c1R \u017dIVOT V DUCHU\",\"item\":\"https:\\\/\\\/www.cantonuovo.org\\\/sk\\\/seminar-zivot-v-duchu\\\/\"},{\"@type\":\"ListItem\",\"position\":3,\"name\":\"5. Odpustenie\"}]},{\"@type\":\"WebSite\",\"@id\":\"https:\\\/\\\/www.cantonuovo.org\\\/sk\\\/#website\",\"url\":\"https:\\\/\\\/www.cantonuovo.org\\\/sk\\\/\",\"name\":\"Fondazione Cantonuovo\",\"description\":\"Fondazione Cantonuovo\",\"publisher\":{\"@id\":\"https:\\\/\\\/www.cantonuovo.org\\\/sk\\\/#organization\"},\"potentialAction\":[{\"@type\":\"SearchAction\",\"target\":{\"@type\":\"EntryPoint\",\"urlTemplate\":\"https:\\\/\\\/www.cantonuovo.org\\\/sk\\\/?s={search_term_string}\"},\"query-input\":{\"@type\":\"PropertyValueSpecification\",\"valueRequired\":true,\"valueName\":\"search_term_string\"}}],\"inLanguage\":\"sk-SK\"},{\"@type\":\"Organization\",\"@id\":\"https:\\\/\\\/www.cantonuovo.org\\\/sk\\\/#organization\",\"name\":\"Fondazione Cantonuovo\",\"url\":\"https:\\\/\\\/www.cantonuovo.org\\\/sk\\\/\",\"logo\":{\"@type\":\"ImageObject\",\"inLanguage\":\"sk-SK\",\"@id\":\"https:\\\/\\\/www.cantonuovo.org\\\/sk\\\/#\\\/schema\\\/logo\\\/image\\\/\",\"url\":\"https:\\\/\\\/www.cantonuovo.org\\\/wp-content\\\/uploads\\\/2019\\\/01\\\/logo-fondazione-cantonuovo-grigio.png\",\"contentUrl\":\"https:\\\/\\\/www.cantonuovo.org\\\/wp-content\\\/uploads\\\/2019\\\/01\\\/logo-fondazione-cantonuovo-grigio.png\",\"width\":180,\"height\":56,\"caption\":\"Fondazione Cantonuovo\"},\"image\":{\"@id\":\"https:\\\/\\\/www.cantonuovo.org\\\/sk\\\/#\\\/schema\\\/logo\\\/image\\\/\"},\"sameAs\":[\"https:\\\/\\\/www.facebook.com\\\/Fondazione-Cantonuovo-157049929923\\\/\",\"https:\\\/\\\/www.youtube.com\\\/user\\\/cantonuovo\"]}]}<\/script>\n<!-- \/ Yoast SEO plugin. -->","yoast_head_json":{"title":"5. Odpustenie - Fondazione Cantonuovo","robots":{"index":"index","follow":"follow","max-snippet":"max-snippet:-1","max-image-preview":"max-image-preview:large","max-video-preview":"max-video-preview:-1"},"canonical":"https:\/\/www.cantonuovo.org\/sk\/seminar-zivot-v-duchu\/5-odpustenie-hriechov\/","og_locale":"sk_SK","og_type":"article","og_title":"5. Odpustenie - Fondazione Cantonuovo","og_description":"[vc_row gap=&#8220;35&#8243;][vc_column width=&#8220;1\/2&#8243; css=&#8220;.vc_custom_1587320541069{padding: 5% !important;background-color: #ededed !important;}&#8220;][vc_column_text] Odpor\u00fa\u010dan\u00e9 biblick\u00e9 odkazy: [\/vc_column_text][vc_separator color=&#8220;black&#8220; style=&#8220;dotted&#8220;][vc_column_text]Exododus 20,...","og_url":"https:\/\/www.cantonuovo.org\/sk\/seminar-zivot-v-duchu\/5-odpustenie-hriechov\/","og_site_name":"Fondazione Cantonuovo","article_publisher":"https:\/\/www.facebook.com\/Fondazione-Cantonuovo-157049929923\/","article_modified_time":"2020-04-27T10:19:36+00:00","og_image":[{"url":"https:\/\/www.cantonuovo.org\/wp-content\/uploads\/2020\/04\/1oxd.gif","width":1090,"height":613,"type":"image\/gif"}],"twitter_card":"summary_large_image","twitter_misc":{"Predpokladan\u00fd \u010das \u010d\u00edtania":"1 min\u00fata"},"schema":{"@context":"https:\/\/schema.org","@graph":[{"@type":"WebPage","@id":"https:\/\/www.cantonuovo.org\/sk\/seminar-zivot-v-duchu\/5-odpustenie-hriechov\/","url":"https:\/\/www.cantonuovo.org\/sk\/seminar-zivot-v-duchu\/5-odpustenie-hriechov\/","name":"5. Odpustenie - Fondazione Cantonuovo","isPartOf":{"@id":"https:\/\/www.cantonuovo.org\/sk\/#website"},"primaryImageOfPage":{"@id":"https:\/\/www.cantonuovo.org\/sk\/seminar-zivot-v-duchu\/5-odpustenie-hriechov\/#primaryimage"},"image":{"@id":"https:\/\/www.cantonuovo.org\/sk\/seminar-zivot-v-duchu\/5-odpustenie-hriechov\/#primaryimage"},"thumbnailUrl":"https:\/\/www.cantonuovo.org\/wp-content\/uploads\/2020\/04\/1oxd.gif","datePublished":"2020-04-20T20:57:09+00:00","dateModified":"2020-04-27T10:19:36+00:00","breadcrumb":{"@id":"https:\/\/www.cantonuovo.org\/sk\/seminar-zivot-v-duchu\/5-odpustenie-hriechov\/#breadcrumb"},"inLanguage":"sk-SK","potentialAction":[{"@type":"ReadAction","target":["https:\/\/www.cantonuovo.org\/sk\/seminar-zivot-v-duchu\/5-odpustenie-hriechov\/"]}]},{"@type":"ImageObject","inLanguage":"sk-SK","@id":"https:\/\/www.cantonuovo.org\/sk\/seminar-zivot-v-duchu\/5-odpustenie-hriechov\/#primaryimage","url":"https:\/\/www.cantonuovo.org\/wp-content\/uploads\/2020\/04\/1oxd.gif","contentUrl":"https:\/\/www.cantonuovo.org\/wp-content\/uploads\/2020\/04\/1oxd.gif","width":1090,"height":613},{"@type":"BreadcrumbList","@id":"https:\/\/www.cantonuovo.org\/sk\/seminar-zivot-v-duchu\/5-odpustenie-hriechov\/#breadcrumb","itemListElement":[{"@type":"ListItem","position":1,"name":"Home","item":"https:\/\/www.cantonuovo.org\/sk\/"},{"@type":"ListItem","position":2,"name":"SEMIN\u00c1R \u017dIVOT V DUCHU","item":"https:\/\/www.cantonuovo.org\/sk\/seminar-zivot-v-duchu\/"},{"@type":"ListItem","position":3,"name":"5. Odpustenie"}]},{"@type":"WebSite","@id":"https:\/\/www.cantonuovo.org\/sk\/#website","url":"https:\/\/www.cantonuovo.org\/sk\/","name":"Fondazione Cantonuovo","description":"Fondazione Cantonuovo","publisher":{"@id":"https:\/\/www.cantonuovo.org\/sk\/#organization"},"potentialAction":[{"@type":"SearchAction","target":{"@type":"EntryPoint","urlTemplate":"https:\/\/www.cantonuovo.org\/sk\/?s={search_term_string}"},"query-input":{"@type":"PropertyValueSpecification","valueRequired":true,"valueName":"search_term_string"}}],"inLanguage":"sk-SK"},{"@type":"Organization","@id":"https:\/\/www.cantonuovo.org\/sk\/#organization","name":"Fondazione Cantonuovo","url":"https:\/\/www.cantonuovo.org\/sk\/","logo":{"@type":"ImageObject","inLanguage":"sk-SK","@id":"https:\/\/www.cantonuovo.org\/sk\/#\/schema\/logo\/image\/","url":"https:\/\/www.cantonuovo.org\/wp-content\/uploads\/2019\/01\/logo-fondazione-cantonuovo-grigio.png","contentUrl":"https:\/\/www.cantonuovo.org\/wp-content\/uploads\/2019\/01\/logo-fondazione-cantonuovo-grigio.png","width":180,"height":56,"caption":"Fondazione Cantonuovo"},"image":{"@id":"https:\/\/www.cantonuovo.org\/sk\/#\/schema\/logo\/image\/"},"sameAs":["https:\/\/www.facebook.com\/Fondazione-Cantonuovo-157049929923\/","https:\/\/www.youtube.com\/user\/cantonuovo"]}]}},"_links":{"self":[{"href":"https:\/\/www.cantonuovo.org\/sk\/wp-json\/wp\/v2\/pages\/10227","targetHints":{"allow":["GET"]}}],"collection":[{"href":"https:\/\/www.cantonuovo.org\/sk\/wp-json\/wp\/v2\/pages"}],"about":[{"href":"https:\/\/www.cantonuovo.org\/sk\/wp-json\/wp\/v2\/types\/page"}],"author":[{"embeddable":true,"href":"https:\/\/www.cantonuovo.org\/sk\/wp-json\/wp\/v2\/users\/1"}],"replies":[{"embeddable":true,"href":"https:\/\/www.cantonuovo.org\/sk\/wp-json\/wp\/v2\/comments?post=10227"}],"version-history":[{"count":0,"href":"https:\/\/www.cantonuovo.org\/sk\/wp-json\/wp\/v2\/pages\/10227\/revisions"}],"up":[{"embeddable":true,"href":"https:\/\/www.cantonuovo.org\/sk\/wp-json\/wp\/v2\/pages\/10151"}],"wp:featuredmedia":[{"embeddable":true,"href":"https:\/\/www.cantonuovo.org\/sk\/wp-json\/wp\/v2\/media\/10096"}],"wp:attachment":[{"href":"https:\/\/www.cantonuovo.org\/sk\/wp-json\/wp\/v2\/media?parent=10227"}],"curies":[{"name":"wp","href":"https:\/\/api.w.org\/{rel}","templated":true}]}}