{"id":10230,"date":"2020-04-20T22:57:43","date_gmt":"2020-04-20T20:57:43","guid":{"rendered":"https:\/\/www.cantonuovo.org\/?page_id=10230"},"modified":"2020-04-28T15:00:58","modified_gmt":"2020-04-28T13:00:58","slug":"6-jezis-uzdravuje-a-oslobodzuje","status":"publish","type":"page","link":"https:\/\/www.cantonuovo.org\/sk\/seminar-zivot-v-duchu\/6-jezis-uzdravuje-a-oslobodzuje\/","title":{"rendered":"6. Je\u017ei\u0161 uzdravuje a oslobodzuje"},"content":{"rendered":"<section class=\"wpb-content-wrapper\"><p>[vc_row gap=&#8220;35&#8243;][vc_column width=&#8220;1\/2&#8243; css=&#8220;.vc_custom_1587320541069{padding: 5% !important;background-color: #ededed !important;}&#8220;][vc_column_text]<\/p>\n<h4>Odpor\u00fa\u010dan\u00e9 biblick\u00e9 odkazy:<\/h4>\n<p>[\/vc_column_text][vc_separator color=&#8220;black&#8220; style=&#8220;dotted&#8220;][vc_column_text]<\/p>\n<ul>\n<li>Izai\u00e1\u0161 61, 1-2<\/li>\n<li>Luk\u00e1\u0161 4, 16-21<\/li>\n<li>Mat\u00fa\u0161 8, 23- 34; 9, 1-38<\/li>\n<li>Mat\u00fa\u0161 8, 16-17<\/li>\n<li>Mat\u00fa\u0161 4, 23-25<\/li>\n<li>Mat\u00fa\u0161 12, 14-16<\/li>\n<li>Mat\u00fa\u0161 14, 34-36<\/li>\n<li>Marek 1, 21-42<\/li>\n<li>Marek 3,7-12<\/li>\n<li>Marko 6, 53-56<\/li>\n<li>Luk\u00e1\u0161 4, 14-15<\/li>\n<li>Luk\u00e1\u0161 4, 36-37<\/li>\n<li>Luk\u00e1\u0161 5, 15-16<\/li>\n<li>Luk\u00e1\u0161 6, 17-19<\/li>\n<li>Luk\u00e1\u0161 8, 2<\/li>\n<li>Marek 3, 10-12<\/li>\n<li>Marek 7, 31-36<\/li>\n<li>J\u00e1n 11, 17-46<\/li>\n<\/ul>\n<p>[\/vc_column_text][\/vc_column][vc_column width=&#8220;1\/2&#8243;][vc_column_text]<\/p>\n<h4>Odkaz na skladby:<\/h4>\n<p>[\/vc_column_text][vc_video link=&#8220;https:\/\/soundcloud.com\/user-307321596\/medley-kingdom-man-mambo-sawa?in=user-307321596\/sets\/respiro-live&#8220; title=&#8220;Medley: Kingdom Man &#8211; Mambo Sawa Sawa &#8211; La Gioia Del Signore&#8220;][vc_video link=&#8220;https:\/\/www.youtube.com\/watch?v=E3Ae8PxlR-o&#8220; title=&#8220;Radostne vol\u00e1me&#8220;][vc_video link=&#8220;https:\/\/www.youtube.com\/watch?v=wkK6ayTAeKk&#8220; title=&#8220;Splendido (\u017diariv\u00fd)&#8220;][vc_video link=&#8220;https:\/\/soundcloud.com\/user-307321596\/05-vincitori-171218?in=user-307321596\/sets\/cantonuovo-album&#8220; title=&#8220;Vincitori (My sme zv\u00ed\u0165azili)&#8220;][\/vc_column][\/vc_row][vc_row][vc_column][vc_column_text]<\/p>\n<p>[\/vc_column_text][\/vc_column][\/vc_row]<\/p>\n<\/section>","protected":false},"excerpt":{"rendered":"<p>[vc_row gap=&#8220;35&#8243;][vc_column width=&#8220;1\/2&#8243; css=&#8220;.vc_custom_1587320541069{padding: 5% !important;background-color: #ededed !important;}&#8220;][vc_column_text] Odpor\u00fa\u010dan\u00e9 biblick\u00e9 odkazy: [\/vc_column_text][vc_separator color=&#8220;black&#8220; style=&#8220;dotted&#8220;][vc_column_text] Izai\u00e1\u0161&#8230;<\/p>\n","protected":false},"author":1,"featured_media":10096,"parent":10151,"menu_order":0,"comment_status":"open","ping_status":"closed","template":"","meta":{"footnotes":""},"class_list":["post-10230","page","type-page","status-publish","has-post-thumbnail","hentry"],"yoast_head":"<!-- This site is optimized with the Yoast SEO plugin v27.4 - https:\/\/yoast.com\/product\/yoast-seo-wordpress\/ -->\n<title>6. Je\u017ei\u0161 uzdravuje a oslobodzuje - Fondazione Cantonuovo<\/title>\n<meta name=\"robots\" content=\"index, follow, max-snippet:-1, max-image-preview:large, max-video-preview:-1\" \/>\n<link rel=\"canonical\" href=\"https:\/\/www.cantonuovo.org\/sk\/seminar-zivot-v-duchu\/6-jezis-uzdravuje-a-oslobodzuje\/\" \/>\n<meta property=\"og:locale\" content=\"sk_SK\" \/>\n<meta property=\"og:type\" content=\"article\" \/>\n<meta property=\"og:title\" content=\"6. Je\u017ei\u0161 uzdravuje a oslobodzuje - Fondazione Cantonuovo\" \/>\n<meta property=\"og:description\" content=\"[vc_row gap=&#8220;35&#8243;][vc_column width=&#8220;1\/2&#8243; css=&#8220;.vc_custom_1587320541069{padding: 5% !important;background-color: #ededed !important;}&#8220;][vc_column_text] Odpor\u00fa\u010dan\u00e9 biblick\u00e9 odkazy: [\/vc_column_text][vc_separator color=&#8220;black&#8220; style=&#8220;dotted&#8220;][vc_column_text] Izai\u00e1\u0161...\" \/>\n<meta property=\"og:url\" content=\"https:\/\/www.cantonuovo.org\/sk\/seminar-zivot-v-duchu\/6-jezis-uzdravuje-a-oslobodzuje\/\" \/>\n<meta property=\"og:site_name\" content=\"Fondazione Cantonuovo\" \/>\n<meta property=\"article:publisher\" content=\"https:\/\/www.facebook.com\/Fondazione-Cantonuovo-157049929923\/\" \/>\n<meta property=\"article:modified_time\" content=\"2020-04-28T13:00:58+00:00\" \/>\n<meta property=\"og:image\" content=\"https:\/\/www.cantonuovo.org\/wp-content\/uploads\/2020\/04\/1oxd.gif\" \/>\n\t<meta property=\"og:image:width\" content=\"1090\" \/>\n\t<meta property=\"og:image:height\" content=\"613\" \/>\n\t<meta property=\"og:image:type\" content=\"image\/gif\" \/>\n<meta name=\"twitter:card\" content=\"summary_large_image\" \/>\n<meta name=\"twitter:label1\" content=\"Predpokladan\u00fd \u010das \u010d\u00edtania\" \/>\n\t<meta name=\"twitter:data1\" content=\"1 min\u00fata\" \/>\n<script type=\"application\/ld+json\" class=\"yoast-schema-graph\">{\"@context\":\"https:\\\/\\\/schema.org\",\"@graph\":[{\"@type\":\"WebPage\",\"@id\":\"https:\\\/\\\/www.cantonuovo.org\\\/sk\\\/seminar-zivot-v-duchu\\\/6-jezis-uzdravuje-a-oslobodzuje\\\/\",\"url\":\"https:\\\/\\\/www.cantonuovo.org\\\/sk\\\/seminar-zivot-v-duchu\\\/6-jezis-uzdravuje-a-oslobodzuje\\\/\",\"name\":\"6. Je\u017ei\u0161 uzdravuje a oslobodzuje - Fondazione Cantonuovo\",\"isPartOf\":{\"@id\":\"https:\\\/\\\/www.cantonuovo.org\\\/sk\\\/#website\"},\"primaryImageOfPage\":{\"@id\":\"https:\\\/\\\/www.cantonuovo.org\\\/sk\\\/seminar-zivot-v-duchu\\\/6-jezis-uzdravuje-a-oslobodzuje\\\/#primaryimage\"},\"image\":{\"@id\":\"https:\\\/\\\/www.cantonuovo.org\\\/sk\\\/seminar-zivot-v-duchu\\\/6-jezis-uzdravuje-a-oslobodzuje\\\/#primaryimage\"},\"thumbnailUrl\":\"https:\\\/\\\/www.cantonuovo.org\\\/wp-content\\\/uploads\\\/2020\\\/04\\\/1oxd.gif\",\"datePublished\":\"2020-04-20T20:57:43+00:00\",\"dateModified\":\"2020-04-28T13:00:58+00:00\",\"breadcrumb\":{\"@id\":\"https:\\\/\\\/www.cantonuovo.org\\\/sk\\\/seminar-zivot-v-duchu\\\/6-jezis-uzdravuje-a-oslobodzuje\\\/#breadcrumb\"},\"inLanguage\":\"sk-SK\",\"potentialAction\":[{\"@type\":\"ReadAction\",\"target\":[\"https:\\\/\\\/www.cantonuovo.org\\\/sk\\\/seminar-zivot-v-duchu\\\/6-jezis-uzdravuje-a-oslobodzuje\\\/\"]}]},{\"@type\":\"ImageObject\",\"inLanguage\":\"sk-SK\",\"@id\":\"https:\\\/\\\/www.cantonuovo.org\\\/sk\\\/seminar-zivot-v-duchu\\\/6-jezis-uzdravuje-a-oslobodzuje\\\/#primaryimage\",\"url\":\"https:\\\/\\\/www.cantonuovo.org\\\/wp-content\\\/uploads\\\/2020\\\/04\\\/1oxd.gif\",\"contentUrl\":\"https:\\\/\\\/www.cantonuovo.org\\\/wp-content\\\/uploads\\\/2020\\\/04\\\/1oxd.gif\",\"width\":1090,\"height\":613},{\"@type\":\"BreadcrumbList\",\"@id\":\"https:\\\/\\\/www.cantonuovo.org\\\/sk\\\/seminar-zivot-v-duchu\\\/6-jezis-uzdravuje-a-oslobodzuje\\\/#breadcrumb\",\"itemListElement\":[{\"@type\":\"ListItem\",\"position\":1,\"name\":\"Home\",\"item\":\"https:\\\/\\\/www.cantonuovo.org\\\/sk\\\/\"},{\"@type\":\"ListItem\",\"position\":2,\"name\":\"SEMIN\u00c1R \u017dIVOT V DUCHU\",\"item\":\"https:\\\/\\\/www.cantonuovo.org\\\/sk\\\/seminar-zivot-v-duchu\\\/\"},{\"@type\":\"ListItem\",\"position\":3,\"name\":\"6. Je\u017ei\u0161 uzdravuje a oslobodzuje\"}]},{\"@type\":\"WebSite\",\"@id\":\"https:\\\/\\\/www.cantonuovo.org\\\/sk\\\/#website\",\"url\":\"https:\\\/\\\/www.cantonuovo.org\\\/sk\\\/\",\"name\":\"Fondazione Cantonuovo\",\"description\":\"Fondazione Cantonuovo\",\"publisher\":{\"@id\":\"https:\\\/\\\/www.cantonuovo.org\\\/sk\\\/#organization\"},\"potentialAction\":[{\"@type\":\"SearchAction\",\"target\":{\"@type\":\"EntryPoint\",\"urlTemplate\":\"https:\\\/\\\/www.cantonuovo.org\\\/sk\\\/?s={search_term_string}\"},\"query-input\":{\"@type\":\"PropertyValueSpecification\",\"valueRequired\":true,\"valueName\":\"search_term_string\"}}],\"inLanguage\":\"sk-SK\"},{\"@type\":\"Organization\",\"@id\":\"https:\\\/\\\/www.cantonuovo.org\\\/sk\\\/#organization\",\"name\":\"Fondazione Cantonuovo\",\"url\":\"https:\\\/\\\/www.cantonuovo.org\\\/sk\\\/\",\"logo\":{\"@type\":\"ImageObject\",\"inLanguage\":\"sk-SK\",\"@id\":\"https:\\\/\\\/www.cantonuovo.org\\\/sk\\\/#\\\/schema\\\/logo\\\/image\\\/\",\"url\":\"https:\\\/\\\/www.cantonuovo.org\\\/wp-content\\\/uploads\\\/2019\\\/01\\\/logo-fondazione-cantonuovo-grigio.png\",\"contentUrl\":\"https:\\\/\\\/www.cantonuovo.org\\\/wp-content\\\/uploads\\\/2019\\\/01\\\/logo-fondazione-cantonuovo-grigio.png\",\"width\":180,\"height\":56,\"caption\":\"Fondazione Cantonuovo\"},\"image\":{\"@id\":\"https:\\\/\\\/www.cantonuovo.org\\\/sk\\\/#\\\/schema\\\/logo\\\/image\\\/\"},\"sameAs\":[\"https:\\\/\\\/www.facebook.com\\\/Fondazione-Cantonuovo-157049929923\\\/\",\"https:\\\/\\\/www.youtube.com\\\/user\\\/cantonuovo\"]}]}<\/script>\n<!-- \/ Yoast SEO plugin. -->","yoast_head_json":{"title":"6. Je\u017ei\u0161 uzdravuje a oslobodzuje - Fondazione Cantonuovo","robots":{"index":"index","follow":"follow","max-snippet":"max-snippet:-1","max-image-preview":"max-image-preview:large","max-video-preview":"max-video-preview:-1"},"canonical":"https:\/\/www.cantonuovo.org\/sk\/seminar-zivot-v-duchu\/6-jezis-uzdravuje-a-oslobodzuje\/","og_locale":"sk_SK","og_type":"article","og_title":"6. Je\u017ei\u0161 uzdravuje a oslobodzuje - Fondazione Cantonuovo","og_description":"[vc_row gap=&#8220;35&#8243;][vc_column width=&#8220;1\/2&#8243; css=&#8220;.vc_custom_1587320541069{padding: 5% !important;background-color: #ededed !important;}&#8220;][vc_column_text] Odpor\u00fa\u010dan\u00e9 biblick\u00e9 odkazy: [\/vc_column_text][vc_separator color=&#8220;black&#8220; style=&#8220;dotted&#8220;][vc_column_text] Izai\u00e1\u0161...","og_url":"https:\/\/www.cantonuovo.org\/sk\/seminar-zivot-v-duchu\/6-jezis-uzdravuje-a-oslobodzuje\/","og_site_name":"Fondazione Cantonuovo","article_publisher":"https:\/\/www.facebook.com\/Fondazione-Cantonuovo-157049929923\/","article_modified_time":"2020-04-28T13:00:58+00:00","og_image":[{"url":"https:\/\/www.cantonuovo.org\/wp-content\/uploads\/2020\/04\/1oxd.gif","width":1090,"height":613,"type":"image\/gif"}],"twitter_card":"summary_large_image","twitter_misc":{"Predpokladan\u00fd \u010das \u010d\u00edtania":"1 min\u00fata"},"schema":{"@context":"https:\/\/schema.org","@graph":[{"@type":"WebPage","@id":"https:\/\/www.cantonuovo.org\/sk\/seminar-zivot-v-duchu\/6-jezis-uzdravuje-a-oslobodzuje\/","url":"https:\/\/www.cantonuovo.org\/sk\/seminar-zivot-v-duchu\/6-jezis-uzdravuje-a-oslobodzuje\/","name":"6. Je\u017ei\u0161 uzdravuje a oslobodzuje - Fondazione Cantonuovo","isPartOf":{"@id":"https:\/\/www.cantonuovo.org\/sk\/#website"},"primaryImageOfPage":{"@id":"https:\/\/www.cantonuovo.org\/sk\/seminar-zivot-v-duchu\/6-jezis-uzdravuje-a-oslobodzuje\/#primaryimage"},"image":{"@id":"https:\/\/www.cantonuovo.org\/sk\/seminar-zivot-v-duchu\/6-jezis-uzdravuje-a-oslobodzuje\/#primaryimage"},"thumbnailUrl":"https:\/\/www.cantonuovo.org\/wp-content\/uploads\/2020\/04\/1oxd.gif","datePublished":"2020-04-20T20:57:43+00:00","dateModified":"2020-04-28T13:00:58+00:00","breadcrumb":{"@id":"https:\/\/www.cantonuovo.org\/sk\/seminar-zivot-v-duchu\/6-jezis-uzdravuje-a-oslobodzuje\/#breadcrumb"},"inLanguage":"sk-SK","potentialAction":[{"@type":"ReadAction","target":["https:\/\/www.cantonuovo.org\/sk\/seminar-zivot-v-duchu\/6-jezis-uzdravuje-a-oslobodzuje\/"]}]},{"@type":"ImageObject","inLanguage":"sk-SK","@id":"https:\/\/www.cantonuovo.org\/sk\/seminar-zivot-v-duchu\/6-jezis-uzdravuje-a-oslobodzuje\/#primaryimage","url":"https:\/\/www.cantonuovo.org\/wp-content\/uploads\/2020\/04\/1oxd.gif","contentUrl":"https:\/\/www.cantonuovo.org\/wp-content\/uploads\/2020\/04\/1oxd.gif","width":1090,"height":613},{"@type":"BreadcrumbList","@id":"https:\/\/www.cantonuovo.org\/sk\/seminar-zivot-v-duchu\/6-jezis-uzdravuje-a-oslobodzuje\/#breadcrumb","itemListElement":[{"@type":"ListItem","position":1,"name":"Home","item":"https:\/\/www.cantonuovo.org\/sk\/"},{"@type":"ListItem","position":2,"name":"SEMIN\u00c1R \u017dIVOT V DUCHU","item":"https:\/\/www.cantonuovo.org\/sk\/seminar-zivot-v-duchu\/"},{"@type":"ListItem","position":3,"name":"6. Je\u017ei\u0161 uzdravuje a oslobodzuje"}]},{"@type":"WebSite","@id":"https:\/\/www.cantonuovo.org\/sk\/#website","url":"https:\/\/www.cantonuovo.org\/sk\/","name":"Fondazione Cantonuovo","description":"Fondazione Cantonuovo","publisher":{"@id":"https:\/\/www.cantonuovo.org\/sk\/#organization"},"potentialAction":[{"@type":"SearchAction","target":{"@type":"EntryPoint","urlTemplate":"https:\/\/www.cantonuovo.org\/sk\/?s={search_term_string}"},"query-input":{"@type":"PropertyValueSpecification","valueRequired":true,"valueName":"search_term_string"}}],"inLanguage":"sk-SK"},{"@type":"Organization","@id":"https:\/\/www.cantonuovo.org\/sk\/#organization","name":"Fondazione Cantonuovo","url":"https:\/\/www.cantonuovo.org\/sk\/","logo":{"@type":"ImageObject","inLanguage":"sk-SK","@id":"https:\/\/www.cantonuovo.org\/sk\/#\/schema\/logo\/image\/","url":"https:\/\/www.cantonuovo.org\/wp-content\/uploads\/2019\/01\/logo-fondazione-cantonuovo-grigio.png","contentUrl":"https:\/\/www.cantonuovo.org\/wp-content\/uploads\/2019\/01\/logo-fondazione-cantonuovo-grigio.png","width":180,"height":56,"caption":"Fondazione Cantonuovo"},"image":{"@id":"https:\/\/www.cantonuovo.org\/sk\/#\/schema\/logo\/image\/"},"sameAs":["https:\/\/www.facebook.com\/Fondazione-Cantonuovo-157049929923\/","https:\/\/www.youtube.com\/user\/cantonuovo"]}]}},"_links":{"self":[{"href":"https:\/\/www.cantonuovo.org\/sk\/wp-json\/wp\/v2\/pages\/10230","targetHints":{"allow":["GET"]}}],"collection":[{"href":"https:\/\/www.cantonuovo.org\/sk\/wp-json\/wp\/v2\/pages"}],"about":[{"href":"https:\/\/www.cantonuovo.org\/sk\/wp-json\/wp\/v2\/types\/page"}],"author":[{"embeddable":true,"href":"https:\/\/www.cantonuovo.org\/sk\/wp-json\/wp\/v2\/users\/1"}],"replies":[{"embeddable":true,"href":"https:\/\/www.cantonuovo.org\/sk\/wp-json\/wp\/v2\/comments?post=10230"}],"version-history":[{"count":0,"href":"https:\/\/www.cantonuovo.org\/sk\/wp-json\/wp\/v2\/pages\/10230\/revisions"}],"up":[{"embeddable":true,"href":"https:\/\/www.cantonuovo.org\/sk\/wp-json\/wp\/v2\/pages\/10151"}],"wp:featuredmedia":[{"embeddable":true,"href":"https:\/\/www.cantonuovo.org\/sk\/wp-json\/wp\/v2\/media\/10096"}],"wp:attachment":[{"href":"https:\/\/www.cantonuovo.org\/sk\/wp-json\/wp\/v2\/media?parent=10230"}],"curies":[{"name":"wp","href":"https:\/\/api.w.org\/{rel}","templated":true}]}}