{"id":10247,"date":"2020-04-20T23:03:45","date_gmt":"2020-04-20T21:03:45","guid":{"rendered":"https:\/\/www.cantonuovo.org\/?page_id=10247"},"modified":"2020-05-02T09:20:24","modified_gmt":"2020-05-02T07:20:24","slug":"10-modlitba-za-prijatie-krstu-v-duchu-svatom","status":"publish","type":"page","link":"https:\/\/www.cantonuovo.org\/sk\/seminar-zivot-v-duchu\/10-modlitba-za-prijatie-krstu-v-duchu-svatom\/","title":{"rendered":"10. Modlitba za prijatie krstu v Duchu Sv\u00e4tom"},"content":{"rendered":"<section class=\"wpb-content-wrapper\"><p>[vc_row gap=&#8220;35&#8243;][vc_column width=&#8220;1\/2&#8243; css=&#8220;.vc_custom_1587320541069{padding: 5% !important;background-color: #ededed !important;}&#8220;][vc_column_text]<\/p>\n<h4>Odpor\u00fa\u010dan\u00e9 biblick\u00e9 odkazy:<\/h4>\n<p>[\/vc_column_text][vc_separator color=&#8220;black&#8220; style=&#8220;dotted&#8220;][vc_column_text]<u>1 Kor 13, 4-8<\/u>: \u201c<em><strong>4<\/strong><\/em>\u00a0L\u00e1ska je trpezliv\u00e1, l\u00e1ska je dobrotiv\u00e1; nez\u00e1vid\u00ed, nevyp\u00edna sa, nevystatuje sa,\u00a0<em><strong>5<\/strong><\/em>\u00a0nie je nehanebn\u00e1, nie je sebeck\u00e1, neroz\u010du\u013euje sa, nemysl\u00ed na zl\u00e9,\u00a0<em><strong>6<\/strong><\/em>\u00a0nete\u0161\u00ed sa z nepr\u00e1vosti, ale raduje sa z pravdy.\u00a0<em><strong>7<\/strong><\/em>\u00a0V\u0161etko zn\u00e1\u0161a, v\u0161etko ver\u00ed, v\u0161etko d\u00fafa, v\u0161etko vydr\u017e\u00ed.\u00a0<em><strong>8<\/strong><\/em>\u00a0L\u00e1ska nikdy nezanikne. Proroctv\u00e1 prestan\u00fa, jazyky zam\u013aknu a poznanie pominie.\u201d<\/p>\n<p><u>Jn 7, 37-39<\/u>: <em><strong>37<\/strong><\/em>\u00a0V posledn\u00fd, ve\u013ek\u00fd de\u0148 sviatkov Je\u017ei\u0161 vstal a zvolal: &#8222;Ak je niekto sm\u00e4dn\u00fd a ver\u00ed vo m\u0148a, nech pr\u00edde ku mne a nech pije.\u00a0<em><strong>38<\/strong><\/em>\u00a0Ako hovor\u00ed P\u00edsmo, z jeho vn\u00fatra pote\u010d\u00fa pr\u00fady \u017eivej vody\u201d <em><strong>39<\/strong><\/em>\u00a0To povedal o Duchu, ktor\u00e9ho mali dosta\u0165 t\u00ed, \u010do v neho uverili. Lebo e\u0161te nebolo Ducha, preto\u017ee Je\u017ei\u0161 e\u0161te nebol osl\u00e1ven\u00fd.<\/p>\n<p><u>1 Kor 12, 1-3<\/u>: <em><strong>1<\/strong><\/em>\u00a0Keby som hovoril \u013eudsk\u00fdmi jazykmi aj anjelsk\u00fdmi, a l\u00e1sky by som nemal, bol by som ako cvend\u017eiaci kov a zuniaci cimbal.\u00a0<em><strong>2<\/strong><\/em>\u00a0A keby som mal dar proroctva a poznal v\u0161etky tajomstv\u00e1 a v\u0161etku vedu a keby som mal tak\u00fa siln\u00fa vieru, \u017ee by som vrchy pren\u00e1\u0161al, a l\u00e1sky by som nemal, ni\u010d\u00edm by som nebol.\u00a0<em><strong>3<\/strong><\/em>\u00a0A keby som rozdal cel\u00fd svoj majetok ako almu\u017enu a keby som obetoval svoje telo, aby som bol sl\u00e1vny, a l\u00e1sky by som nemal, ni\u010d by mi to neoso\u017eilo.<\/p>\n<p><u>Mt 7, 15-20<\/u>: <em><strong>15<\/strong><\/em>\u00a0Chr\u00e1\u0148te sa falo\u0161n\u00fdch prorokov: prich\u00e1dzaj\u00fa k v\u00e1m v ov\u010dom r\u00fachu, ale vn\u00fatri s\u00fa drav\u00ed vlci.\u00a0<em><strong>16<\/strong><\/em>\u00a0Pozn\u00e1te ich po ovoc\u00ed. Ve\u010f \u010di oberaj\u00fa z t\u0155nia hrozn\u00e1 alebo z bodliakov figy?\u00a0<em><strong>17<\/strong><\/em>\u00a0Tak ka\u017ed\u00fd dobr\u00fd strom rod\u00ed dobr\u00e9 ovocie, k\u00fdm zl\u00fd strom rod\u00ed zl\u00e9 ovocie.\u00a0<em><strong>18<\/strong><\/em>\u00a0Dobr\u00fd strom nem\u00f4\u017ee rodi\u0165 zl\u00e9 ovocie a zl\u00fd strom nem\u00f4\u017ee rodi\u0165 dobr\u00e9 ovocie.\u00a0<em><strong>19<\/strong><\/em>\u00a0Ka\u017ed\u00fd strom, ktor\u00fd neprin\u00e1\u0161a dobr\u00e9 ovocie, vytn\u00fa a hodia do oh\u0148a.\u00a0<em><strong>20<\/strong><\/em>\u00a0Teda po ich ovoc\u00ed ich pozn\u00e1te.<\/p>\n<p><u>Mt 7, 21-23<\/u>: <em><strong>21<\/strong><\/em>\u00a0Nie ka\u017ed\u00fd, kto mi hovor\u00ed: &#8222;Pane, Pane,&#8220; vojde do nebesk\u00e9ho kr\u00e1\u013eovstva, ale iba ten, kto pln\u00ed v\u00f4\u013eu m\u00f4jho Otca, ktor\u00fd je na nebesiach.\u00a0<em><strong>22<\/strong><\/em>\u00a0Mnoh\u00ed mi v onen de\u0148 povedia: &#8222;Pane, Pane, \u010di sme neprorokovali v tvojom mene? Nevyh\u00e1\u0148ali sme, v tvojom mene zl\u00fdch duchov a neurobili sme v tvojom mene ve\u013ea z\u00e1zrakov?&#8220;\u00a0<em><strong>23<\/strong><\/em>\u00a0Vtedy im vyhl\u00e1sim: Nikdy som v\u00e1s nepoznal; od\u00ed\u010fte odo m\u0148a vy, \u010do p\u00e1chate nepr\u00e1vos\u0165!<\/p>\n<p>&nbsp;<\/p>\n<p><strong>JE\u017dI\u0160 KRISTUS \u017dIJE V TEBE<\/strong><\/p>\n<p>Zjav\u00edm svoju sv\u00e4tos\u0165 vo v\u00e1s!<\/p>\n<p>Vlo\u017e\u00edm do v\u00e1s svojho Ducha!<\/p>\n<p>M\u00f4j Duch pr\u00edde preb\u00fdva\u0165 vo v\u00e1s a o\u017eijete, do v\u00e1s vylejem Ducha a o\u017eijete.<\/p>\n<p>Ja som v Otcovi a vy vo mne a ja vo v\u00e1s.<\/p>\n<p>Ak ma niekto miluje, bude zachov\u00e1va\u0165 moje slovo a m\u00f4j Otec ho bude milova\u0165 a pr\u00eddeme k nemu a budeme preb\u00fdva\u0165 s n\u00edm.<\/p>\n<p>Boh Otec je pr\u00edtomn\u00fd vo v\u0161etk\u00fdch.<\/p>\n<p>Ste pod vl\u00e1dou Ducha, preto\u017ee Duch Bo\u017e\u00ed vo v\u00e1s \u017eije. Ak je Kristus vo v\u00e1s a ak Duch vo v\u00e1s preb\u00fdva, On d\u00e1 \u017eivot aj v\u00e1\u0161mu smrte\u013en\u00e9mu telu prostredn\u00edctvom Ducha, ktor\u00fd vo v\u00e1s \u017eije.<\/p>\n<p>\u010ci neviete, \u017ee Duch Bo\u017e\u00ed preb\u00fdva vo v\u00e1s?<\/p>\n<p>\u010ci neviete, \u017ee va\u0161e telo je chr\u00e1mom Ducha Sv\u00e4t\u00e9ho, ktor\u00fd je vo v\u00e1s?<\/p>\n<p>Sk\u00famajte sam\u00fdch seba, ci m\u00e1te vieru, sk\u00famajte sa.<\/p>\n<p>Neviete sn\u00e1\u010f, \u017ee Je\u017ei\u0161 Kristus \u017eije vo v\u00e1s?<\/p>\n<p>V \u0148om ste budovan\u00ed, aby ste sa stali Bo\u017e\u00edm pr\u00edbytkom <em>skrze<\/em> Ducha Sv\u00e4t\u00e9ho.<\/p>\n<p>Toto je tajomstvo ukryt\u00e9 po st\u00e1ro\u010dia a gener\u00e1cie, ale teraz sa zjavilo jeho sv\u00e4t\u00fdm, a to je Kristus vo v\u00e1s, n\u00e1dej sl\u00e1vy.<\/p>\n<p>Kto zachov\u00e1va Jeho prik\u00e1zania, zost\u00e1va v Bohu a On v \u0148om. A pod\u013ea toho vieme, \u017ee preb\u00fdva v n\u00e1s, skrze Ducha, ktor\u00e9ho n\u00e1m dal.<\/p>\n<p>Ten, ktor\u00fd je vo v\u00e1s, je mocnej\u0161\u00ed ako ten, ktor\u00fd je vo svete.<\/p>\n<p>Ak sa milujeme navz\u00e1jom, Boh zost\u00e1va v n\u00e1s. Pod\u013ea toho rozpozn\u00e1me, \u017ee zost\u00e1vame v \u0148om a on v n\u00e1s: ka\u017ed\u00fd, kto vyzn\u00e1, \u017ee Je\u017ei\u0161 je Bo\u017e\u00edm Synom, Boh preb\u00fdva v \u0148om a on v Bohu.<\/p>\n<p>Ka\u017ed\u00fd, kto je v l\u00e1ske, preb\u00fdva v Bohu a Boh preb\u00fdva v \u0148om.<\/p>\n<p>Ot\u010de, l\u00e1ska, ktorou si ma miloval nech je v nich a aj Ja v nich!<\/p>\n<p>&nbsp;<\/p>\n<p><strong>BOH JE DUCH<\/strong><\/p>\n<p>Je to Duch, ktor\u00fd d\u00e1va \u017eivot.<\/p>\n<p>Slov\u00e1, ktor\u00e9 som v\u00e1m povedal, s\u00fa Duch a \u017eivot.<\/p>\n<p>Ktoko\u013evek je sm\u00e4dn\u00fd, nech pr\u00edde ku mne a pije, kto very vo m\u0148a, a z jeho vn\u00fatra pote\u010d\u00fa pr\u00fady \u017eivej vody.<\/p>\n<p>Otec v\u00e1m d\u00e1 in\u00e9ho Ute\u0161ite\u013ea, aby zostal nav\u017edy s vami, Ducha pravdy, On bude preb\u00fdva\u0165 s vami a bude vo v\u00e1s.<\/p>\n<p>Duch Sv\u00e4t\u00fd v\u00e1s nau\u010d\u00ed v\u0161etko a pripomenie v\u00e1m v\u0161etko, \u010do som v\u00e1m povedal.<\/p>\n<p>Ten, ktor\u00e9ho v\u00e1m po\u0161lem od Otca, bude sved\u010di\u0165 o mne, on presved\u010d\u00ed\/usved\u010d\u00ed svet o hriechu, spravodlivosti a s\u00fade,<\/p>\n<p>povedie v\u00e1s k plnosti pravdy, povie v\u00e1m v\u0161etko, \u010do po\u010dul,<\/p>\n<p>ozn\u00e1mi v\u00e1m veci bud\u00face, osl\u00e1vi ma.<\/p>\n<p>Prijmite Ducha Sv\u00e4t\u00e9ho!<\/p>\n<p>Zo\u0161lem na v\u00e1s Toho, ktor\u00e9ho m\u00f4j Otec pris\u013e\u00fabil, aby ste boli zaodet\u00ed mocou zhora.<\/p>\n<p>Po\u010dkajte, a\u017e sa napln\u00ed pr\u00eds\u013eub Otca, budete pokrsten\u00ed v Duchu Sv\u00e4tom!<\/p>\n<p>Ke\u010f na v\u00e1s zost\u00fapi Duch Sv\u00e4t\u00fd, dostanete moc a budete mi svedkami.[\/vc_column_text][\/vc_column][vc_column width=&#8220;1\/2&#8243;][vc_column_text]<\/p>\n<h4>Odkaz na skladby:<\/h4>\n<p>[\/vc_column_text][vc_video link=&#8220;https:\/\/soundcloud.com\/user-307321596\/12-dic-16-nevesta&#8220; title=&#8220;Nevesta a Bar\u00e1nok&#8220;][vc_video link=&#8220;https:\/\/soundcloud.com\/user-307321596\/holy-spirit&#8220; title=&#8220;Come Holy Spirit&#8220;][vc_video link=&#8220;https:\/\/www.youtube.com\/watch?v=4Dy7DQiCfGo&#8220; title=&#8220;Kadosh&#8220;][vc_video link=&#8220;https:\/\/soundcloud.com\/user-307321596\/lingue-cantonuovo&#8220; title=&#8220;Modlitba v jazykoch Cantonuovo&#8220;][vc_video link=&#8220;https:\/\/soundcloud.com\/user-307321596\/glory&#8220; title=&#8220;Glory&#8220;][\/vc_column][\/vc_row][vc_row][vc_column][vc_column_text]<\/p>\n<p>[\/vc_column_text][\/vc_column][\/vc_row]<\/p>\n<\/section>","protected":false},"excerpt":{"rendered":"<p>[vc_row gap=&#8220;35&#8243;][vc_column width=&#8220;1\/2&#8243; css=&#8220;.vc_custom_1587320541069{padding: 5% !important;background-color: #ededed !important;}&#8220;][vc_column_text] Odpor\u00fa\u010dan\u00e9 biblick\u00e9 odkazy: [\/vc_column_text][vc_separator color=&#8220;black&#8220; style=&#8220;dotted&#8220;][vc_column_text]1 Kor&#8230;<\/p>\n","protected":false},"author":1,"featured_media":10096,"parent":10151,"menu_order":0,"comment_status":"open","ping_status":"closed","template":"","meta":{"footnotes":""},"class_list":["post-10247","page","type-page","status-publish","has-post-thumbnail","hentry"],"yoast_head":"<!-- This site is optimized with the Yoast SEO plugin v27.4 - https:\/\/yoast.com\/product\/yoast-seo-wordpress\/ -->\n<title>10. Modlitba za prijatie krstu v Duchu Sv\u00e4tom - Fondazione Cantonuovo<\/title>\n<meta name=\"robots\" content=\"index, follow, max-snippet:-1, max-image-preview:large, max-video-preview:-1\" \/>\n<link rel=\"canonical\" href=\"https:\/\/www.cantonuovo.org\/sk\/seminar-zivot-v-duchu\/10-modlitba-za-prijatie-krstu-v-duchu-svatom\/\" \/>\n<meta property=\"og:locale\" content=\"sk_SK\" \/>\n<meta property=\"og:type\" content=\"article\" \/>\n<meta property=\"og:title\" content=\"10. Modlitba za prijatie krstu v Duchu Sv\u00e4tom - Fondazione Cantonuovo\" \/>\n<meta property=\"og:description\" content=\"[vc_row gap=&#8220;35&#8243;][vc_column width=&#8220;1\/2&#8243; css=&#8220;.vc_custom_1587320541069{padding: 5% !important;background-color: #ededed !important;}&#8220;][vc_column_text] Odpor\u00fa\u010dan\u00e9 biblick\u00e9 odkazy: [\/vc_column_text][vc_separator color=&#8220;black&#8220; style=&#8220;dotted&#8220;][vc_column_text]1 Kor...\" \/>\n<meta property=\"og:url\" content=\"https:\/\/www.cantonuovo.org\/sk\/seminar-zivot-v-duchu\/10-modlitba-za-prijatie-krstu-v-duchu-svatom\/\" \/>\n<meta property=\"og:site_name\" content=\"Fondazione Cantonuovo\" \/>\n<meta property=\"article:publisher\" content=\"https:\/\/www.facebook.com\/Fondazione-Cantonuovo-157049929923\/\" \/>\n<meta property=\"article:modified_time\" content=\"2020-05-02T07:20:24+00:00\" \/>\n<meta property=\"og:image\" content=\"https:\/\/www.cantonuovo.org\/wp-content\/uploads\/2020\/04\/1oxd.gif\" \/>\n\t<meta property=\"og:image:width\" content=\"1090\" \/>\n\t<meta property=\"og:image:height\" content=\"613\" \/>\n\t<meta property=\"og:image:type\" content=\"image\/gif\" \/>\n<meta name=\"twitter:card\" content=\"summary_large_image\" \/>\n<meta name=\"twitter:label1\" content=\"Predpokladan\u00fd \u010das \u010d\u00edtania\" \/>\n\t<meta name=\"twitter:data1\" content=\"5 min\u00fat\" \/>\n<script type=\"application\/ld+json\" class=\"yoast-schema-graph\">{\"@context\":\"https:\\\/\\\/schema.org\",\"@graph\":[{\"@type\":\"WebPage\",\"@id\":\"https:\\\/\\\/www.cantonuovo.org\\\/sk\\\/seminar-zivot-v-duchu\\\/10-modlitba-za-prijatie-krstu-v-duchu-svatom\\\/\",\"url\":\"https:\\\/\\\/www.cantonuovo.org\\\/sk\\\/seminar-zivot-v-duchu\\\/10-modlitba-za-prijatie-krstu-v-duchu-svatom\\\/\",\"name\":\"10. Modlitba za prijatie krstu v Duchu Sv\u00e4tom - Fondazione Cantonuovo\",\"isPartOf\":{\"@id\":\"https:\\\/\\\/www.cantonuovo.org\\\/sk\\\/#website\"},\"primaryImageOfPage\":{\"@id\":\"https:\\\/\\\/www.cantonuovo.org\\\/sk\\\/seminar-zivot-v-duchu\\\/10-modlitba-za-prijatie-krstu-v-duchu-svatom\\\/#primaryimage\"},\"image\":{\"@id\":\"https:\\\/\\\/www.cantonuovo.org\\\/sk\\\/seminar-zivot-v-duchu\\\/10-modlitba-za-prijatie-krstu-v-duchu-svatom\\\/#primaryimage\"},\"thumbnailUrl\":\"https:\\\/\\\/www.cantonuovo.org\\\/wp-content\\\/uploads\\\/2020\\\/04\\\/1oxd.gif\",\"datePublished\":\"2020-04-20T21:03:45+00:00\",\"dateModified\":\"2020-05-02T07:20:24+00:00\",\"breadcrumb\":{\"@id\":\"https:\\\/\\\/www.cantonuovo.org\\\/sk\\\/seminar-zivot-v-duchu\\\/10-modlitba-za-prijatie-krstu-v-duchu-svatom\\\/#breadcrumb\"},\"inLanguage\":\"sk-SK\",\"potentialAction\":[{\"@type\":\"ReadAction\",\"target\":[\"https:\\\/\\\/www.cantonuovo.org\\\/sk\\\/seminar-zivot-v-duchu\\\/10-modlitba-za-prijatie-krstu-v-duchu-svatom\\\/\"]}]},{\"@type\":\"ImageObject\",\"inLanguage\":\"sk-SK\",\"@id\":\"https:\\\/\\\/www.cantonuovo.org\\\/sk\\\/seminar-zivot-v-duchu\\\/10-modlitba-za-prijatie-krstu-v-duchu-svatom\\\/#primaryimage\",\"url\":\"https:\\\/\\\/www.cantonuovo.org\\\/wp-content\\\/uploads\\\/2020\\\/04\\\/1oxd.gif\",\"contentUrl\":\"https:\\\/\\\/www.cantonuovo.org\\\/wp-content\\\/uploads\\\/2020\\\/04\\\/1oxd.gif\",\"width\":1090,\"height\":613},{\"@type\":\"BreadcrumbList\",\"@id\":\"https:\\\/\\\/www.cantonuovo.org\\\/sk\\\/seminar-zivot-v-duchu\\\/10-modlitba-za-prijatie-krstu-v-duchu-svatom\\\/#breadcrumb\",\"itemListElement\":[{\"@type\":\"ListItem\",\"position\":1,\"name\":\"Home\",\"item\":\"https:\\\/\\\/www.cantonuovo.org\\\/sk\\\/\"},{\"@type\":\"ListItem\",\"position\":2,\"name\":\"SEMIN\u00c1R \u017dIVOT V DUCHU\",\"item\":\"https:\\\/\\\/www.cantonuovo.org\\\/sk\\\/seminar-zivot-v-duchu\\\/\"},{\"@type\":\"ListItem\",\"position\":3,\"name\":\"10. Modlitba za prijatie krstu v Duchu Sv\u00e4tom\"}]},{\"@type\":\"WebSite\",\"@id\":\"https:\\\/\\\/www.cantonuovo.org\\\/sk\\\/#website\",\"url\":\"https:\\\/\\\/www.cantonuovo.org\\\/sk\\\/\",\"name\":\"Fondazione Cantonuovo\",\"description\":\"Fondazione Cantonuovo\",\"publisher\":{\"@id\":\"https:\\\/\\\/www.cantonuovo.org\\\/sk\\\/#organization\"},\"potentialAction\":[{\"@type\":\"SearchAction\",\"target\":{\"@type\":\"EntryPoint\",\"urlTemplate\":\"https:\\\/\\\/www.cantonuovo.org\\\/sk\\\/?s={search_term_string}\"},\"query-input\":{\"@type\":\"PropertyValueSpecification\",\"valueRequired\":true,\"valueName\":\"search_term_string\"}}],\"inLanguage\":\"sk-SK\"},{\"@type\":\"Organization\",\"@id\":\"https:\\\/\\\/www.cantonuovo.org\\\/sk\\\/#organization\",\"name\":\"Fondazione Cantonuovo\",\"url\":\"https:\\\/\\\/www.cantonuovo.org\\\/sk\\\/\",\"logo\":{\"@type\":\"ImageObject\",\"inLanguage\":\"sk-SK\",\"@id\":\"https:\\\/\\\/www.cantonuovo.org\\\/sk\\\/#\\\/schema\\\/logo\\\/image\\\/\",\"url\":\"https:\\\/\\\/www.cantonuovo.org\\\/wp-content\\\/uploads\\\/2019\\\/01\\\/logo-fondazione-cantonuovo-grigio.png\",\"contentUrl\":\"https:\\\/\\\/www.cantonuovo.org\\\/wp-content\\\/uploads\\\/2019\\\/01\\\/logo-fondazione-cantonuovo-grigio.png\",\"width\":180,\"height\":56,\"caption\":\"Fondazione Cantonuovo\"},\"image\":{\"@id\":\"https:\\\/\\\/www.cantonuovo.org\\\/sk\\\/#\\\/schema\\\/logo\\\/image\\\/\"},\"sameAs\":[\"https:\\\/\\\/www.facebook.com\\\/Fondazione-Cantonuovo-157049929923\\\/\",\"https:\\\/\\\/www.youtube.com\\\/user\\\/cantonuovo\"]}]}<\/script>\n<!-- \/ Yoast SEO plugin. -->","yoast_head_json":{"title":"10. Modlitba za prijatie krstu v Duchu Sv\u00e4tom - Fondazione Cantonuovo","robots":{"index":"index","follow":"follow","max-snippet":"max-snippet:-1","max-image-preview":"max-image-preview:large","max-video-preview":"max-video-preview:-1"},"canonical":"https:\/\/www.cantonuovo.org\/sk\/seminar-zivot-v-duchu\/10-modlitba-za-prijatie-krstu-v-duchu-svatom\/","og_locale":"sk_SK","og_type":"article","og_title":"10. Modlitba za prijatie krstu v Duchu Sv\u00e4tom - Fondazione Cantonuovo","og_description":"[vc_row gap=&#8220;35&#8243;][vc_column width=&#8220;1\/2&#8243; css=&#8220;.vc_custom_1587320541069{padding: 5% !important;background-color: #ededed !important;}&#8220;][vc_column_text] Odpor\u00fa\u010dan\u00e9 biblick\u00e9 odkazy: [\/vc_column_text][vc_separator color=&#8220;black&#8220; style=&#8220;dotted&#8220;][vc_column_text]1 Kor...","og_url":"https:\/\/www.cantonuovo.org\/sk\/seminar-zivot-v-duchu\/10-modlitba-za-prijatie-krstu-v-duchu-svatom\/","og_site_name":"Fondazione Cantonuovo","article_publisher":"https:\/\/www.facebook.com\/Fondazione-Cantonuovo-157049929923\/","article_modified_time":"2020-05-02T07:20:24+00:00","og_image":[{"url":"https:\/\/www.cantonuovo.org\/wp-content\/uploads\/2020\/04\/1oxd.gif","width":1090,"height":613,"type":"image\/gif"}],"twitter_card":"summary_large_image","twitter_misc":{"Predpokladan\u00fd \u010das \u010d\u00edtania":"5 min\u00fat"},"schema":{"@context":"https:\/\/schema.org","@graph":[{"@type":"WebPage","@id":"https:\/\/www.cantonuovo.org\/sk\/seminar-zivot-v-duchu\/10-modlitba-za-prijatie-krstu-v-duchu-svatom\/","url":"https:\/\/www.cantonuovo.org\/sk\/seminar-zivot-v-duchu\/10-modlitba-za-prijatie-krstu-v-duchu-svatom\/","name":"10. Modlitba za prijatie krstu v Duchu Sv\u00e4tom - Fondazione Cantonuovo","isPartOf":{"@id":"https:\/\/www.cantonuovo.org\/sk\/#website"},"primaryImageOfPage":{"@id":"https:\/\/www.cantonuovo.org\/sk\/seminar-zivot-v-duchu\/10-modlitba-za-prijatie-krstu-v-duchu-svatom\/#primaryimage"},"image":{"@id":"https:\/\/www.cantonuovo.org\/sk\/seminar-zivot-v-duchu\/10-modlitba-za-prijatie-krstu-v-duchu-svatom\/#primaryimage"},"thumbnailUrl":"https:\/\/www.cantonuovo.org\/wp-content\/uploads\/2020\/04\/1oxd.gif","datePublished":"2020-04-20T21:03:45+00:00","dateModified":"2020-05-02T07:20:24+00:00","breadcrumb":{"@id":"https:\/\/www.cantonuovo.org\/sk\/seminar-zivot-v-duchu\/10-modlitba-za-prijatie-krstu-v-duchu-svatom\/#breadcrumb"},"inLanguage":"sk-SK","potentialAction":[{"@type":"ReadAction","target":["https:\/\/www.cantonuovo.org\/sk\/seminar-zivot-v-duchu\/10-modlitba-za-prijatie-krstu-v-duchu-svatom\/"]}]},{"@type":"ImageObject","inLanguage":"sk-SK","@id":"https:\/\/www.cantonuovo.org\/sk\/seminar-zivot-v-duchu\/10-modlitba-za-prijatie-krstu-v-duchu-svatom\/#primaryimage","url":"https:\/\/www.cantonuovo.org\/wp-content\/uploads\/2020\/04\/1oxd.gif","contentUrl":"https:\/\/www.cantonuovo.org\/wp-content\/uploads\/2020\/04\/1oxd.gif","width":1090,"height":613},{"@type":"BreadcrumbList","@id":"https:\/\/www.cantonuovo.org\/sk\/seminar-zivot-v-duchu\/10-modlitba-za-prijatie-krstu-v-duchu-svatom\/#breadcrumb","itemListElement":[{"@type":"ListItem","position":1,"name":"Home","item":"https:\/\/www.cantonuovo.org\/sk\/"},{"@type":"ListItem","position":2,"name":"SEMIN\u00c1R \u017dIVOT V DUCHU","item":"https:\/\/www.cantonuovo.org\/sk\/seminar-zivot-v-duchu\/"},{"@type":"ListItem","position":3,"name":"10. Modlitba za prijatie krstu v Duchu Sv\u00e4tom"}]},{"@type":"WebSite","@id":"https:\/\/www.cantonuovo.org\/sk\/#website","url":"https:\/\/www.cantonuovo.org\/sk\/","name":"Fondazione Cantonuovo","description":"Fondazione Cantonuovo","publisher":{"@id":"https:\/\/www.cantonuovo.org\/sk\/#organization"},"potentialAction":[{"@type":"SearchAction","target":{"@type":"EntryPoint","urlTemplate":"https:\/\/www.cantonuovo.org\/sk\/?s={search_term_string}"},"query-input":{"@type":"PropertyValueSpecification","valueRequired":true,"valueName":"search_term_string"}}],"inLanguage":"sk-SK"},{"@type":"Organization","@id":"https:\/\/www.cantonuovo.org\/sk\/#organization","name":"Fondazione Cantonuovo","url":"https:\/\/www.cantonuovo.org\/sk\/","logo":{"@type":"ImageObject","inLanguage":"sk-SK","@id":"https:\/\/www.cantonuovo.org\/sk\/#\/schema\/logo\/image\/","url":"https:\/\/www.cantonuovo.org\/wp-content\/uploads\/2019\/01\/logo-fondazione-cantonuovo-grigio.png","contentUrl":"https:\/\/www.cantonuovo.org\/wp-content\/uploads\/2019\/01\/logo-fondazione-cantonuovo-grigio.png","width":180,"height":56,"caption":"Fondazione Cantonuovo"},"image":{"@id":"https:\/\/www.cantonuovo.org\/sk\/#\/schema\/logo\/image\/"},"sameAs":["https:\/\/www.facebook.com\/Fondazione-Cantonuovo-157049929923\/","https:\/\/www.youtube.com\/user\/cantonuovo"]}]}},"_links":{"self":[{"href":"https:\/\/www.cantonuovo.org\/sk\/wp-json\/wp\/v2\/pages\/10247","targetHints":{"allow":["GET"]}}],"collection":[{"href":"https:\/\/www.cantonuovo.org\/sk\/wp-json\/wp\/v2\/pages"}],"about":[{"href":"https:\/\/www.cantonuovo.org\/sk\/wp-json\/wp\/v2\/types\/page"}],"author":[{"embeddable":true,"href":"https:\/\/www.cantonuovo.org\/sk\/wp-json\/wp\/v2\/users\/1"}],"replies":[{"embeddable":true,"href":"https:\/\/www.cantonuovo.org\/sk\/wp-json\/wp\/v2\/comments?post=10247"}],"version-history":[{"count":0,"href":"https:\/\/www.cantonuovo.org\/sk\/wp-json\/wp\/v2\/pages\/10247\/revisions"}],"up":[{"embeddable":true,"href":"https:\/\/www.cantonuovo.org\/sk\/wp-json\/wp\/v2\/pages\/10151"}],"wp:featuredmedia":[{"embeddable":true,"href":"https:\/\/www.cantonuovo.org\/sk\/wp-json\/wp\/v2\/media\/10096"}],"wp:attachment":[{"href":"https:\/\/www.cantonuovo.org\/sk\/wp-json\/wp\/v2\/media?parent=10247"}],"curies":[{"name":"wp","href":"https:\/\/api.w.org\/{rel}","templated":true}]}}