{"id":10249,"date":"2020-04-20T23:04:02","date_gmt":"2020-04-20T21:04:02","guid":{"rendered":"https:\/\/www.cantonuovo.org\/?page_id=10249"},"modified":"2020-05-03T10:18:05","modified_gmt":"2020-05-03T08:18:05","slug":"11-si-sucastou-bozej-rodiny-a-mozes-svedcit-o-jezisovi","status":"publish","type":"page","link":"https:\/\/www.cantonuovo.org\/sk\/seminar-zivot-v-duchu\/11-si-sucastou-bozej-rodiny-a-mozes-svedcit-o-jezisovi\/","title":{"rendered":"11. Si s\u00fa\u010das\u0165ou Bo\u017eej rodiny a m\u00f4\u017ee\u0161 sved\u010di\u0165 o Je\u017ei\u0161ovi"},"content":{"rendered":"<section class=\"wpb-content-wrapper\"><p>[vc_row gap=&#8220;35&#8243;][vc_column width=&#8220;1\/2&#8243; css=&#8220;.vc_custom_1587320541069{padding: 5% !important;background-color: #ededed !important;}&#8220;][vc_column_text]<\/p>\n<h4>Odpor\u00fa\u010dan\u00e9 biblick\u00e9 odkazy:<\/h4>\n<p>[\/vc_column_text][vc_separator color=&#8220;black&#8220; style=&#8220;dotted&#8220;][vc_column_text]<strong>Efezanom 2, 19-22<\/strong><strong>: <\/strong>19 Teda u\u017e nie ste cudzinci ani pri\u0161elci, ale ste spoluob\u010dania sv\u00e4t\u00fdch a patr\u00edte do Bo\u017eej rodiny. 20 Ste postaven\u00ed na z\u00e1klade apo\u0161tolov a prorokov; hlavn\u00fdm uholn\u00fdm kame\u0148om je s\u00e1m Kristus Je\u017ei\u0161. 21 V \u0148om cel\u00e1 stavba pevne posp\u00e1jan\u00e1 rastie v sv\u00e4t\u00fd chr\u00e1m v P\u00e1novi, 22 v \u0148om ste aj vy vbudovan\u00ed do Bo\u017eieho pr\u00edbytku v Duchu.Mat\u00fa\u0161 12, 46-50: 46 K\u00fdm e\u0161te hovoril z\u00e1stupom, vonku st\u00e1la jeho matka a bratia a chceli sa s n\u00edm rozpr\u00e1va\u0165. 47 Ktosi mu povedal: &#8222;Vonku stoj\u00ed tvoja matka a tvoji bratia a chc\u00fa sa s tebou rozpr\u00e1va\u0165.&#8220; 48 On v\u0161ak odvetil tomu, \u010do mu to vravel: &#8222;Kto je moja matka a kto s\u00fa moji bratia?&#8220; 49 Vystrel ruku nad svojich u\u010den\u00edkov a povedal: &#8222;H\u013ea, moja matka a moji bratia. 50 Lebo ka\u017ed\u00fd, kto pln\u00ed v\u00f4\u013eu m\u00f4jho Otca, ktor\u00fd je na nebesiach je m\u00f4j brat i sestra i matka.&#8220;<\/p>\n<p><strong>Luk\u00e1\u0161 11, 27-28<\/strong><strong>:<\/strong> 27 Ako to hovoril, ak\u00e1si \u017eena zo z\u00e1stupu pozdvihla svoj hlas a povedala mu: &#8222;Blahoslaven\u00fd \u017eivot, ktor\u00fd \u0165a nosil, a prsia, ktor\u00e9 si po\u017e\u00edval.&#8220; 28 Ale on povedal: &#8222;Sk\u00f4r s\u00fa blahoslaven\u00ed t\u00ed, \u010do po\u010d\u00favaj\u00fa Bo\u017eie slovo a zachov\u00e1vaj\u00fa ho.&#8220;<\/p>\n<p><strong>J\u00e1n 1, 12-13<\/strong><strong>: <\/strong>12 Ale t\u00fdm, ktor\u00ed ho prijali, dal moc sta\u0165 sa Bo\u017e\u00edmi de\u0165mi: t\u00fdm, \u010do uverili v jeho meno, 13 \u010do sa nenarodili ani z krvi ani z v\u00f4le tela ani z v\u00f4le mu\u017ea, ale z Boha.<\/p>\n<p><strong>Gala\u0165anom 4, 6<\/strong><strong>: <\/strong>Preto\u017ee ste synmi, poslal Boh do na\u0161ich s\u0155dc Ducha svojho Syna a on vol\u00e1: &#8222;Abba, Ot\u010de!&#8220;.<\/p>\n<p><strong>\u017dalm 118, 22-23<\/strong><strong>: 22 <\/strong>Kame\u0148, \u010do stavitelia zavrhli, stal sa kame\u0148om uholn\u00fdm. 23 To sa stalo na pokyn P\u00e1na; vec v na\u0161ich o\u010diach obdivuhodn\u00e1.<\/p>\n<p><strong>Mat\u00fa\u0161 21, 42-43:<\/strong> 42 Je\u017ei\u0161 im povedal: &#8222;Nikdy ste ne\u010d\u00edtali v P\u00edsme: &#8222;Kame\u0148, \u010do stavitelia zavrhli, stal sa kame\u0148om uholn\u00fdm. To sa stalo na pokyn P\u00e1na; vec v na\u0161ich o\u010diach obdivuhodn\u00e1&#8220;? 43 preto v\u00e1m hovor\u00edm: V\u00e1m sa Bo\u017eie kr\u00e1\u013eovstvo vezme a d\u00e1 sa n\u00e1rodu, ktor\u00fd bude prin\u00e1\u0161a\u0165 \u00farodu<\/p>\n<p><strong>Izai\u00e1\u0161 28, 16<\/strong><strong>:<\/strong> Preto takto hovor\u00ed P\u00e1n, Jahve: &#8222;H\u013ea ja polo\u017e\u00edm na Sione kame\u0148, kame\u0148 vysk\u00fa\u0161an\u00fd, uholn\u00fd, vz\u00e1cny, pevne zasaden\u00fd. Kto uver\u00ed, nezakol\u00ed\u0161e.<\/p>\n<p><strong>Rimanom 9, 33<\/strong><strong>: <\/strong>\u2026ako je nap\u00edsan\u00e9: &#8222;H\u013ea, kladiem na Sione kame\u0148 \u00farazu a skalu pohor\u0161enia; kto v neho ver\u00ed, nebude zahanben\u00fd.&#8220;<\/p>\n<p><strong>1 Korin\u0165anom 3,16-17<\/strong><strong>: <\/strong>16 Neviete \u017ee ste Bo\u017e\u00ed chr\u00e1m a \u017ee vo v\u00e1s preb\u00fdva Bo\u017e\u00ed Duch? 17 Kto by teda Bo\u017e\u00ed chr\u00e1m zni\u010dil, toho Boh zni\u010d\u00ed. Lebo Bo\u017e\u00ed chr\u00e1m je sv\u00e4t\u00fd &#8211; a n\u00edm ste vy.<\/p>\n<p><strong>2 Korin\u0165anom 6,16:<\/strong> A ako s\u00favis\u00ed Bo\u017e\u00ed chr\u00e1m s modlami?! A vy ste chr\u00e1m \u017eiv\u00e9ho Boha, ako hovor\u00ed Boh: &#8222;Budem v nich preb\u00fdva\u0165 a medzi nimi chodi\u0165, budem ich Bohom a oni bud\u00fa mojim \u013eudom.<\/p>\n<p><strong>1 Korin\u0165anom 6,19:<\/strong> A neviete, \u017ee va\u0161e telo je chr\u00e1mom Ducha Sv\u00e4t\u00e9ho, ktor\u00fd je vo v\u00e1s, ktor\u00e9ho m\u00e1te od Boha, a \u017ee nepatr\u00edte sebe?<\/p>\n<p><strong>1 Petrov 2, 4-5:<\/strong> 4 Prich\u00e1dzajte k nemu, k \u017eiv\u00e9mu kame\u0148u, ktor\u00fd \u013eudia s\u00edce zavrhli, ale pred Bohom je vyvolen\u00fd a vz\u00e1cny, 5 a dajte sa vbudova\u0165 aj vy ako \u017eiv\u00e9 kamene do duchovn\u00e9ho domu, do sv\u00e4t\u00e9ho k\u0148azstva, aby ste prin\u00e1\u0161ali duchovn\u00e9 obety, pr\u00edjemn\u00e9 Bohu skrze Je\u017ei\u0161a Krista.<\/p>\n<p><strong>Skutky apo\u0161tolov<\/strong> <strong>2, 37-40<\/strong><strong>: <\/strong>37 Ke\u010f to po\u010duli, boles\u0165 im prenikla srdce a povedali Petrovi a ostatn\u00fdm apo\u0161tolom: &#8222;\u010co m\u00e1me robi\u0165 bratia?&#8220; 38 Peter im povedal: &#8222;Robte pok\u00e1nie a nech sa d\u00e1 ka\u017ed\u00fd z v\u00e1s pokrsti\u0165 v mene Je\u017ei\u0161a Krista na odpustenie svojich hriechov a dostanete dar Sv\u00e4t\u00e9ho Ducha. 39 Ve\u010f to pris\u013e\u00fabenie patr\u00ed v\u00e1m a va\u0161im de\u0165om i v\u0161etk\u00fdm, \u010do s\u00fa \u010faleko; v\u0161etk\u00fdm, ktor\u00fdch si povol\u00e1 P\u00e1n, n\u00e1\u0161 Boh.&#8220; 40 A e\u0161te mnoh\u00fdmi in\u00fdmi slovami ich zaprisah\u00e1val a povzbudzoval: &#8222;Zachr\u00e1\u0148te sa z tohoto zvrhl\u00e9ho pokolenia!&#8220;<\/p>\n<p><strong>Skutky apo\u0161tolov<\/strong> <strong>2, 41-47<\/strong><strong>: <\/strong>41 Oni prijali jeho slovo a dali sa pokrsti\u0165; a v ten de\u0148 sa pridalo asi tritis\u00edc du\u0161\u00ed. 42 Vytrvalo sa z\u00fa\u010dast\u0148ovali na u\u010den\u00ed apo\u0161tolov a na bratskom spolo\u010denstve, na l\u00e1man\u00ed chleba a na modlitb\u00e1ch. 43 V\u0161etk\u00fdch sa zmoc\u0148ovala b\u00e1ze\u0148; prostredn\u00edctvom apo\u0161tolov sa dialo mno\u017estvo divov a znamen\u00ed. 44 V\u0161etci, \u010do uverili, boli pospolu a v\u0161etko mali spolo\u010dn\u00e9. 45 Pred\u00e1vali pozemky a majetky a rozde\u013eovali ich v\u0161etk\u00fdm, pod\u013ea toho, ako kto potreboval. 46 De\u0148 \u010do de\u0148 svorne zotrv\u00e1vali v chr\u00e1me, po domoch l\u00e1mali chlieb a s rados\u0165ou a \u00faprimn\u00fdm srdcom po\u017e\u00edvali pokrm. 47 chv\u00e1lili Boha a boli mil\u00ed v\u0161etk\u00e9mu \u013eudu. A P\u00e1n ka\u017ed\u00fd de\u0148 rozmno\u017eoval t\u00fdch, \u010do mali by\u0165 spasen\u00ed.<\/p>\n<p><strong>Skutky apo\u0161tolov<\/strong> <strong>4, 32-37<\/strong><strong>: <\/strong>32 Mno\u017estvo veriacich malo jedno srdce a jednu du\u0161u. A nik z nich nehovoril, \u017ee nie\u010do z toho, \u010do mal, je jeho, ale v\u0161etko mali spolo\u010dn\u00e9. 33 Apo\u0161toli ve\u013ekou silou vyd\u00e1vali svedectvo o zm\u0155tvychvstan\u00ed P\u00e1na Je\u017ei\u0161a a na v\u0161etk\u00fdch spo\u010d\u00edvala ve\u013ek\u00e1 milos\u0165, 34 ve\u010f medzi nimi nebolo n\u00fadzneho, lebo v\u0161etci, \u010do mali polia alebo domy, pred\u00e1vali ich a \u010do za ne ut\u0155\u017eili, prin\u00e1\u0161ali 35 a kl\u00e1dli apo\u0161tolom k noh\u00e1m, a rozde\u013eovalo sa ka\u017ed\u00e9mu pod\u013ea toho, kto ako potreboval. 36 Aj Jozef, ktor\u00e9mu apo\u0161toli dali meno Barnab\u00e1\u0161, \u010do v preklade znamen\u00e1 syn \u00datechy, levita, rodom Cyper\u010dan, 37 mal ro\u013eu, predal ju a peniaze priniesol a polo\u017eil apo\u0161tolom k noh\u00e1m.<\/p>\n<p><strong>Skutky apo\u0161tolov<\/strong> <strong>4, 33<\/strong><strong>: <\/strong>Apo\u0161toli ve\u013ekou silou vyd\u00e1vali svedectvo o zm\u0155tvychvstan\u00ed P\u00e1na Je\u017ei\u0161a a na v\u0161etk\u00fdch spo\u010d\u00edvala ve\u013ek\u00e1 milos\u0165<\/p>\n<p><strong>Skutky apo\u0161tolov 5, 12-16<\/strong><strong>: <\/strong>12 Rukami apo\u0161tolov sa dialo mno\u017estvo znamen\u00ed a divov medzi \u013eudom. V\u0161etci svorne zotrv\u00e1vali v \u0160alam\u00fanovom st\u013aporad\u00ed. 13 Ale nik in\u00fd sa k nim neodv\u00e1\u017eil, pripoji\u0165, no \u013eud ich velebil 14 a \u010d\u00edm \u010falej, t\u00fdm viac prib\u00fadalo veriacich P\u00e1novi; ve\u013ek\u00e9 mno\u017estvo mu\u017eov a \u017eien. 15 E\u0161te aj na ulice vyn\u00e1\u0161ali chor\u00fdch a kl\u00e1dli ich na postele a l\u00f4\u017eka, aby aspo\u0148 Petrova t\u00f4\u0148a padla na niektor\u00e9ho z nich, ke\u010f tade p\u00f4jde. 16 Aj z miest okolo Jeruzalema sa zbiehalo mno\u017estvo \u013eudu, prin\u00e1\u0161ali chor\u00fdch a tr\u00e1pen\u00fdch ne\u010dist\u00fdmi duchmi a v\u0161etci sa uzdravovali<\/p>\n<p><strong>J\u00e1n 15, 16<\/strong><strong>: <\/strong>\u201d Nie vy ste si vyvolili m\u0148a, ale ja som si vyvolil v\u00e1s a ustanovil som v\u00e1s, aby ste i\u0161li a prin\u00e1\u0161ali ovocie a aby va\u0161e ovocie zostalo; aby v\u00e1m Otec dal v\u0161etko, o \u010do ho budete prosi\u0165 v mojom mene.<\/p>\n<p><strong>1 Korin\u0165anom 12, 12-14<\/strong><strong>: <\/strong>12 Lebo ako je jedno telo a m\u00e1 mnoho \u00fadov, ale v\u0161etky \u00fady tela s\u00fa jedno telo, hoci ich je mnoho, tak aj Kristus. 13 Ve\u010f my v\u0161etci, \u010di \u017didia alebo Gr\u00e9ci, \u010di otroci alebo slobodn\u00ed, boli sme v jednom Duchu pokrsten\u00ed v jedno telo. A v\u0161etci sme boli napojen\u00ed jedn\u00fdm Duchom. 14 Telo nie je jeden \u00fad, ale mnoho \u00fadov.[\/vc_column_text][\/vc_column][vc_column width=&#8220;1\/2&#8243;][vc_column_text]<\/p>\n<h4>Odkaz na piesne:<\/h4>\n<p>[\/vc_column_text][vc_video link=&#8220;https:\/\/www.youtube.com\/watch?v=OrYo8TfIt-A&#8220; title=&#8220;Only God (Iba Boh)&#8220;][vc_video link=&#8220;https:\/\/soundcloud.com\/user-307321596\/lingue-cantonuovo&#8220; title=&#8220;Modlitba v jazykoch v Cantonuovo&#8220;][vc_video link=&#8220;https:\/\/www.youtube.com\/watch?v=sSsDwB9Mc_0&#8243; title=&#8220;\u010co Boh urobil vo mne&#8220;][vc_video link=&#8220;https:\/\/www.youtube.com\/watch?v=YUchzURgtLc&#8220; title=&#8220;Vstanem z m\u0155tvych&#8220;][vc_video link=&#8220;https:\/\/www.youtube.com\/watch?v=UMAilaIvrKQ&#8220; title=&#8220;Nov\u00e1 piese\u0148&#8220;][vc_video link=&#8220;https:\/\/www.youtube.com\/watch?v=UjFXAU2poxc&#8220; title=&#8220;Prebu\u010f sa Izrael&#8220;][\/vc_column][\/vc_row][vc_row][vc_column][vc_column_text]<\/p>\n<p>[\/vc_column_text][\/vc_column][\/vc_row]<\/p>\n<\/section>","protected":false},"excerpt":{"rendered":"<p>[vc_row gap=&#8220;35&#8243;][vc_column width=&#8220;1\/2&#8243; css=&#8220;.vc_custom_1587320541069{padding: 5% !important;background-color: #ededed !important;}&#8220;][vc_column_text] Odpor\u00fa\u010dan\u00e9 biblick\u00e9 odkazy: [\/vc_column_text][vc_separator color=&#8220;black&#8220; style=&#8220;dotted&#8220;][vc_column_text]Efezanom 2,&#8230;<\/p>\n","protected":false},"author":1,"featured_media":10096,"parent":10151,"menu_order":0,"comment_status":"open","ping_status":"closed","template":"","meta":{"footnotes":""},"class_list":["post-10249","page","type-page","status-publish","has-post-thumbnail","hentry"],"yoast_head":"<!-- This site is optimized with the Yoast SEO plugin v27.4 - https:\/\/yoast.com\/product\/yoast-seo-wordpress\/ -->\n<title>11. Si s\u00fa\u010das\u0165ou Bo\u017eej rodiny a m\u00f4\u017ee\u0161 sved\u010di\u0165 o Je\u017ei\u0161ovi - Fondazione Cantonuovo<\/title>\n<meta name=\"robots\" content=\"index, follow, max-snippet:-1, max-image-preview:large, max-video-preview:-1\" \/>\n<link rel=\"canonical\" href=\"https:\/\/www.cantonuovo.org\/sk\/seminar-zivot-v-duchu\/11-si-sucastou-bozej-rodiny-a-mozes-svedcit-o-jezisovi\/\" \/>\n<meta property=\"og:locale\" content=\"sk_SK\" \/>\n<meta property=\"og:type\" content=\"article\" \/>\n<meta property=\"og:title\" content=\"11. Si s\u00fa\u010das\u0165ou Bo\u017eej rodiny a m\u00f4\u017ee\u0161 sved\u010di\u0165 o Je\u017ei\u0161ovi - Fondazione Cantonuovo\" \/>\n<meta property=\"og:description\" content=\"[vc_row gap=&#8220;35&#8243;][vc_column width=&#8220;1\/2&#8243; css=&#8220;.vc_custom_1587320541069{padding: 5% !important;background-color: #ededed !important;}&#8220;][vc_column_text] Odpor\u00fa\u010dan\u00e9 biblick\u00e9 odkazy: [\/vc_column_text][vc_separator color=&#8220;black&#8220; style=&#8220;dotted&#8220;][vc_column_text]Efezanom 2,...\" \/>\n<meta property=\"og:url\" content=\"https:\/\/www.cantonuovo.org\/sk\/seminar-zivot-v-duchu\/11-si-sucastou-bozej-rodiny-a-mozes-svedcit-o-jezisovi\/\" \/>\n<meta property=\"og:site_name\" content=\"Fondazione Cantonuovo\" \/>\n<meta property=\"article:publisher\" content=\"https:\/\/www.facebook.com\/Fondazione-Cantonuovo-157049929923\/\" \/>\n<meta property=\"article:modified_time\" content=\"2020-05-03T08:18:05+00:00\" \/>\n<meta property=\"og:image\" content=\"https:\/\/www.cantonuovo.org\/wp-content\/uploads\/2020\/04\/1oxd.gif\" \/>\n\t<meta property=\"og:image:width\" content=\"1090\" \/>\n\t<meta property=\"og:image:height\" content=\"613\" \/>\n\t<meta property=\"og:image:type\" content=\"image\/gif\" \/>\n<meta name=\"twitter:card\" content=\"summary_large_image\" \/>\n<meta name=\"twitter:label1\" content=\"Predpokladan\u00fd \u010das \u010d\u00edtania\" \/>\n\t<meta name=\"twitter:data1\" content=\"7 min\u00fat\" \/>\n<script type=\"application\/ld+json\" class=\"yoast-schema-graph\">{\"@context\":\"https:\\\/\\\/schema.org\",\"@graph\":[{\"@type\":\"WebPage\",\"@id\":\"https:\\\/\\\/www.cantonuovo.org\\\/sk\\\/seminar-zivot-v-duchu\\\/11-si-sucastou-bozej-rodiny-a-mozes-svedcit-o-jezisovi\\\/\",\"url\":\"https:\\\/\\\/www.cantonuovo.org\\\/sk\\\/seminar-zivot-v-duchu\\\/11-si-sucastou-bozej-rodiny-a-mozes-svedcit-o-jezisovi\\\/\",\"name\":\"11. Si s\u00fa\u010das\u0165ou Bo\u017eej rodiny a m\u00f4\u017ee\u0161 sved\u010di\u0165 o Je\u017ei\u0161ovi - Fondazione Cantonuovo\",\"isPartOf\":{\"@id\":\"https:\\\/\\\/www.cantonuovo.org\\\/sk\\\/#website\"},\"primaryImageOfPage\":{\"@id\":\"https:\\\/\\\/www.cantonuovo.org\\\/sk\\\/seminar-zivot-v-duchu\\\/11-si-sucastou-bozej-rodiny-a-mozes-svedcit-o-jezisovi\\\/#primaryimage\"},\"image\":{\"@id\":\"https:\\\/\\\/www.cantonuovo.org\\\/sk\\\/seminar-zivot-v-duchu\\\/11-si-sucastou-bozej-rodiny-a-mozes-svedcit-o-jezisovi\\\/#primaryimage\"},\"thumbnailUrl\":\"https:\\\/\\\/www.cantonuovo.org\\\/wp-content\\\/uploads\\\/2020\\\/04\\\/1oxd.gif\",\"datePublished\":\"2020-04-20T21:04:02+00:00\",\"dateModified\":\"2020-05-03T08:18:05+00:00\",\"breadcrumb\":{\"@id\":\"https:\\\/\\\/www.cantonuovo.org\\\/sk\\\/seminar-zivot-v-duchu\\\/11-si-sucastou-bozej-rodiny-a-mozes-svedcit-o-jezisovi\\\/#breadcrumb\"},\"inLanguage\":\"sk-SK\",\"potentialAction\":[{\"@type\":\"ReadAction\",\"target\":[\"https:\\\/\\\/www.cantonuovo.org\\\/sk\\\/seminar-zivot-v-duchu\\\/11-si-sucastou-bozej-rodiny-a-mozes-svedcit-o-jezisovi\\\/\"]}]},{\"@type\":\"ImageObject\",\"inLanguage\":\"sk-SK\",\"@id\":\"https:\\\/\\\/www.cantonuovo.org\\\/sk\\\/seminar-zivot-v-duchu\\\/11-si-sucastou-bozej-rodiny-a-mozes-svedcit-o-jezisovi\\\/#primaryimage\",\"url\":\"https:\\\/\\\/www.cantonuovo.org\\\/wp-content\\\/uploads\\\/2020\\\/04\\\/1oxd.gif\",\"contentUrl\":\"https:\\\/\\\/www.cantonuovo.org\\\/wp-content\\\/uploads\\\/2020\\\/04\\\/1oxd.gif\",\"width\":1090,\"height\":613},{\"@type\":\"BreadcrumbList\",\"@id\":\"https:\\\/\\\/www.cantonuovo.org\\\/sk\\\/seminar-zivot-v-duchu\\\/11-si-sucastou-bozej-rodiny-a-mozes-svedcit-o-jezisovi\\\/#breadcrumb\",\"itemListElement\":[{\"@type\":\"ListItem\",\"position\":1,\"name\":\"Home\",\"item\":\"https:\\\/\\\/www.cantonuovo.org\\\/sk\\\/\"},{\"@type\":\"ListItem\",\"position\":2,\"name\":\"SEMIN\u00c1R \u017dIVOT V DUCHU\",\"item\":\"https:\\\/\\\/www.cantonuovo.org\\\/sk\\\/seminar-zivot-v-duchu\\\/\"},{\"@type\":\"ListItem\",\"position\":3,\"name\":\"11. Si s\u00fa\u010das\u0165ou Bo\u017eej rodiny a m\u00f4\u017ee\u0161 sved\u010di\u0165 o Je\u017ei\u0161ovi\"}]},{\"@type\":\"WebSite\",\"@id\":\"https:\\\/\\\/www.cantonuovo.org\\\/sk\\\/#website\",\"url\":\"https:\\\/\\\/www.cantonuovo.org\\\/sk\\\/\",\"name\":\"Fondazione Cantonuovo\",\"description\":\"Fondazione Cantonuovo\",\"publisher\":{\"@id\":\"https:\\\/\\\/www.cantonuovo.org\\\/sk\\\/#organization\"},\"potentialAction\":[{\"@type\":\"SearchAction\",\"target\":{\"@type\":\"EntryPoint\",\"urlTemplate\":\"https:\\\/\\\/www.cantonuovo.org\\\/sk\\\/?s={search_term_string}\"},\"query-input\":{\"@type\":\"PropertyValueSpecification\",\"valueRequired\":true,\"valueName\":\"search_term_string\"}}],\"inLanguage\":\"sk-SK\"},{\"@type\":\"Organization\",\"@id\":\"https:\\\/\\\/www.cantonuovo.org\\\/sk\\\/#organization\",\"name\":\"Fondazione Cantonuovo\",\"url\":\"https:\\\/\\\/www.cantonuovo.org\\\/sk\\\/\",\"logo\":{\"@type\":\"ImageObject\",\"inLanguage\":\"sk-SK\",\"@id\":\"https:\\\/\\\/www.cantonuovo.org\\\/sk\\\/#\\\/schema\\\/logo\\\/image\\\/\",\"url\":\"https:\\\/\\\/www.cantonuovo.org\\\/wp-content\\\/uploads\\\/2019\\\/01\\\/logo-fondazione-cantonuovo-grigio.png\",\"contentUrl\":\"https:\\\/\\\/www.cantonuovo.org\\\/wp-content\\\/uploads\\\/2019\\\/01\\\/logo-fondazione-cantonuovo-grigio.png\",\"width\":180,\"height\":56,\"caption\":\"Fondazione Cantonuovo\"},\"image\":{\"@id\":\"https:\\\/\\\/www.cantonuovo.org\\\/sk\\\/#\\\/schema\\\/logo\\\/image\\\/\"},\"sameAs\":[\"https:\\\/\\\/www.facebook.com\\\/Fondazione-Cantonuovo-157049929923\\\/\",\"https:\\\/\\\/www.youtube.com\\\/user\\\/cantonuovo\"]}]}<\/script>\n<!-- \/ Yoast SEO plugin. -->","yoast_head_json":{"title":"11. Si s\u00fa\u010das\u0165ou Bo\u017eej rodiny a m\u00f4\u017ee\u0161 sved\u010di\u0165 o Je\u017ei\u0161ovi - Fondazione Cantonuovo","robots":{"index":"index","follow":"follow","max-snippet":"max-snippet:-1","max-image-preview":"max-image-preview:large","max-video-preview":"max-video-preview:-1"},"canonical":"https:\/\/www.cantonuovo.org\/sk\/seminar-zivot-v-duchu\/11-si-sucastou-bozej-rodiny-a-mozes-svedcit-o-jezisovi\/","og_locale":"sk_SK","og_type":"article","og_title":"11. Si s\u00fa\u010das\u0165ou Bo\u017eej rodiny a m\u00f4\u017ee\u0161 sved\u010di\u0165 o Je\u017ei\u0161ovi - Fondazione Cantonuovo","og_description":"[vc_row gap=&#8220;35&#8243;][vc_column width=&#8220;1\/2&#8243; css=&#8220;.vc_custom_1587320541069{padding: 5% !important;background-color: #ededed !important;}&#8220;][vc_column_text] Odpor\u00fa\u010dan\u00e9 biblick\u00e9 odkazy: [\/vc_column_text][vc_separator color=&#8220;black&#8220; style=&#8220;dotted&#8220;][vc_column_text]Efezanom 2,...","og_url":"https:\/\/www.cantonuovo.org\/sk\/seminar-zivot-v-duchu\/11-si-sucastou-bozej-rodiny-a-mozes-svedcit-o-jezisovi\/","og_site_name":"Fondazione Cantonuovo","article_publisher":"https:\/\/www.facebook.com\/Fondazione-Cantonuovo-157049929923\/","article_modified_time":"2020-05-03T08:18:05+00:00","og_image":[{"url":"https:\/\/www.cantonuovo.org\/wp-content\/uploads\/2020\/04\/1oxd.gif","width":1090,"height":613,"type":"image\/gif"}],"twitter_card":"summary_large_image","twitter_misc":{"Predpokladan\u00fd \u010das \u010d\u00edtania":"7 min\u00fat"},"schema":{"@context":"https:\/\/schema.org","@graph":[{"@type":"WebPage","@id":"https:\/\/www.cantonuovo.org\/sk\/seminar-zivot-v-duchu\/11-si-sucastou-bozej-rodiny-a-mozes-svedcit-o-jezisovi\/","url":"https:\/\/www.cantonuovo.org\/sk\/seminar-zivot-v-duchu\/11-si-sucastou-bozej-rodiny-a-mozes-svedcit-o-jezisovi\/","name":"11. Si s\u00fa\u010das\u0165ou Bo\u017eej rodiny a m\u00f4\u017ee\u0161 sved\u010di\u0165 o Je\u017ei\u0161ovi - Fondazione Cantonuovo","isPartOf":{"@id":"https:\/\/www.cantonuovo.org\/sk\/#website"},"primaryImageOfPage":{"@id":"https:\/\/www.cantonuovo.org\/sk\/seminar-zivot-v-duchu\/11-si-sucastou-bozej-rodiny-a-mozes-svedcit-o-jezisovi\/#primaryimage"},"image":{"@id":"https:\/\/www.cantonuovo.org\/sk\/seminar-zivot-v-duchu\/11-si-sucastou-bozej-rodiny-a-mozes-svedcit-o-jezisovi\/#primaryimage"},"thumbnailUrl":"https:\/\/www.cantonuovo.org\/wp-content\/uploads\/2020\/04\/1oxd.gif","datePublished":"2020-04-20T21:04:02+00:00","dateModified":"2020-05-03T08:18:05+00:00","breadcrumb":{"@id":"https:\/\/www.cantonuovo.org\/sk\/seminar-zivot-v-duchu\/11-si-sucastou-bozej-rodiny-a-mozes-svedcit-o-jezisovi\/#breadcrumb"},"inLanguage":"sk-SK","potentialAction":[{"@type":"ReadAction","target":["https:\/\/www.cantonuovo.org\/sk\/seminar-zivot-v-duchu\/11-si-sucastou-bozej-rodiny-a-mozes-svedcit-o-jezisovi\/"]}]},{"@type":"ImageObject","inLanguage":"sk-SK","@id":"https:\/\/www.cantonuovo.org\/sk\/seminar-zivot-v-duchu\/11-si-sucastou-bozej-rodiny-a-mozes-svedcit-o-jezisovi\/#primaryimage","url":"https:\/\/www.cantonuovo.org\/wp-content\/uploads\/2020\/04\/1oxd.gif","contentUrl":"https:\/\/www.cantonuovo.org\/wp-content\/uploads\/2020\/04\/1oxd.gif","width":1090,"height":613},{"@type":"BreadcrumbList","@id":"https:\/\/www.cantonuovo.org\/sk\/seminar-zivot-v-duchu\/11-si-sucastou-bozej-rodiny-a-mozes-svedcit-o-jezisovi\/#breadcrumb","itemListElement":[{"@type":"ListItem","position":1,"name":"Home","item":"https:\/\/www.cantonuovo.org\/sk\/"},{"@type":"ListItem","position":2,"name":"SEMIN\u00c1R \u017dIVOT V DUCHU","item":"https:\/\/www.cantonuovo.org\/sk\/seminar-zivot-v-duchu\/"},{"@type":"ListItem","position":3,"name":"11. Si s\u00fa\u010das\u0165ou Bo\u017eej rodiny a m\u00f4\u017ee\u0161 sved\u010di\u0165 o Je\u017ei\u0161ovi"}]},{"@type":"WebSite","@id":"https:\/\/www.cantonuovo.org\/sk\/#website","url":"https:\/\/www.cantonuovo.org\/sk\/","name":"Fondazione Cantonuovo","description":"Fondazione Cantonuovo","publisher":{"@id":"https:\/\/www.cantonuovo.org\/sk\/#organization"},"potentialAction":[{"@type":"SearchAction","target":{"@type":"EntryPoint","urlTemplate":"https:\/\/www.cantonuovo.org\/sk\/?s={search_term_string}"},"query-input":{"@type":"PropertyValueSpecification","valueRequired":true,"valueName":"search_term_string"}}],"inLanguage":"sk-SK"},{"@type":"Organization","@id":"https:\/\/www.cantonuovo.org\/sk\/#organization","name":"Fondazione Cantonuovo","url":"https:\/\/www.cantonuovo.org\/sk\/","logo":{"@type":"ImageObject","inLanguage":"sk-SK","@id":"https:\/\/www.cantonuovo.org\/sk\/#\/schema\/logo\/image\/","url":"https:\/\/www.cantonuovo.org\/wp-content\/uploads\/2019\/01\/logo-fondazione-cantonuovo-grigio.png","contentUrl":"https:\/\/www.cantonuovo.org\/wp-content\/uploads\/2019\/01\/logo-fondazione-cantonuovo-grigio.png","width":180,"height":56,"caption":"Fondazione Cantonuovo"},"image":{"@id":"https:\/\/www.cantonuovo.org\/sk\/#\/schema\/logo\/image\/"},"sameAs":["https:\/\/www.facebook.com\/Fondazione-Cantonuovo-157049929923\/","https:\/\/www.youtube.com\/user\/cantonuovo"]}]}},"_links":{"self":[{"href":"https:\/\/www.cantonuovo.org\/sk\/wp-json\/wp\/v2\/pages\/10249","targetHints":{"allow":["GET"]}}],"collection":[{"href":"https:\/\/www.cantonuovo.org\/sk\/wp-json\/wp\/v2\/pages"}],"about":[{"href":"https:\/\/www.cantonuovo.org\/sk\/wp-json\/wp\/v2\/types\/page"}],"author":[{"embeddable":true,"href":"https:\/\/www.cantonuovo.org\/sk\/wp-json\/wp\/v2\/users\/1"}],"replies":[{"embeddable":true,"href":"https:\/\/www.cantonuovo.org\/sk\/wp-json\/wp\/v2\/comments?post=10249"}],"version-history":[{"count":0,"href":"https:\/\/www.cantonuovo.org\/sk\/wp-json\/wp\/v2\/pages\/10249\/revisions"}],"up":[{"embeddable":true,"href":"https:\/\/www.cantonuovo.org\/sk\/wp-json\/wp\/v2\/pages\/10151"}],"wp:featuredmedia":[{"embeddable":true,"href":"https:\/\/www.cantonuovo.org\/sk\/wp-json\/wp\/v2\/media\/10096"}],"wp:attachment":[{"href":"https:\/\/www.cantonuovo.org\/sk\/wp-json\/wp\/v2\/media?parent=10249"}],"curies":[{"name":"wp","href":"https:\/\/api.w.org\/{rel}","templated":true}]}}