{"id":11096,"date":"2019-08-19T20:00:28","date_gmt":"2019-08-19T18:00:28","guid":{"rendered":"https:\/\/www.cantonuovo.org\/audio-talk\/"},"modified":"2026-03-09T22:13:56","modified_gmt":"2026-03-09T21:13:56","slug":"zdroje-audio","status":"publish","type":"page","link":"https:\/\/www.cantonuovo.org\/sk\/zdroje-audio\/","title":{"rendered":"Audio Talks"},"content":{"rendered":"<section class=\"wpb-content-wrapper\"><p>[vc_row][vc_column width=\u201c1\/6\u2033][\/vc_column][vc_column width=\u201c2\/3\u2033][vc_empty_space height=\u201c100px\u201c][vc_custom_heading text=\u201cAUDIO z tejto zbierky sa zaoberaj\u00fa ot\u00e1zkami t\u00fdkaj\u00facimi sa Bo\u017eieho kr\u00e1\u013eovstva a kres\u0165anskej spirituality.<\/p>\n<p>S\u00fa rozdelen\u00e9 pod\u013ea jednotliv\u00fdch t\u00e9m a v\u0161etky sa zameriavaj\u00fa na Bo\u017eie slovo. D\u00fafame, \u017ee pri ich po\u010d\u00favan\u00ed budete povzbuden\u00ed \u017ei\u0165 Je\u017ei\u0161a Krista v ka\u017edej chv\u00edli ka\u017edodenn\u00e9ho \u017eivota.\u201c font_container=\u201ctag:h5|text_align:left|color:%23707173|line_height:1.2\u2033 use_theme_fonts=\u201cyes\u201c css=\u201c.vc_custom_1593175381323{padding-right: 5% !important;padding-left: 5% !important;}\u201c][\/vc_column][vc_column width=\u201c1\/6\u2033][\/vc_column][\/vc_row][vc_row css=\u201c.vc_custom_1593162742503{padding-bottom: 100px !important;}\u201c][vc_column][vc_empty_space height=\u201c100px\u201c][vc_basic_grid post_type=\u201cpost\u201c max_items=\u201c-1\u2033 item=\u201c16716\u2033 grid_id=\u201cvc_gid:1655908872537-f8aa360e-3b16-7\u2033 taxonomies=\u201c110, 122\u2033][\/vc_column][\/vc_row]<\/p>\n<\/section>","protected":false},"excerpt":{"rendered":"<p>[vc_row][vc_column width=\u201c1\/6\u2033][\/vc_column][vc_column width=\u201c2\/3\u2033][vc_empty_space height=\u201c100px\u201c][vc_custom_heading text=\u201cAUDIO z tejto zbierky sa zaoberaj\u00fa ot\u00e1zkami t\u00fdkaj\u00facimi sa Bo\u017eieho kr\u00e1\u013eovstva&#8230;<\/p>\n","protected":false},"author":2,"featured_media":8428,"parent":0,"menu_order":0,"comment_status":"closed","ping_status":"closed","template":"visual-composer.php","meta":{"footnotes":""},"class_list":["post-11096","page","type-page","status-publish","has-post-thumbnail","hentry"],"yoast_head":"<!-- This site is optimized with the Yoast SEO plugin v27.4 - https:\/\/yoast.com\/product\/yoast-seo-wordpress\/ -->\n<title>Audio Talks - Fondazione Cantonuovo<\/title>\n<meta name=\"robots\" content=\"index, follow, max-snippet:-1, max-image-preview:large, max-video-preview:-1\" \/>\n<link rel=\"canonical\" href=\"https:\/\/www.cantonuovo.org\/sk\/zdroje-audio\/\" \/>\n<meta property=\"og:locale\" content=\"sk_SK\" \/>\n<meta property=\"og:type\" content=\"article\" \/>\n<meta property=\"og:title\" content=\"Audio Talks - Fondazione Cantonuovo\" \/>\n<meta property=\"og:description\" content=\"[vc_row][vc_column width=\u201c1\/6\u2033][\/vc_column][vc_column width=\u201c2\/3\u2033][vc_empty_space height=\u201c100px\u201c][vc_custom_heading text=\u201cAUDIO z tejto zbierky sa zaoberaj\u00fa ot\u00e1zkami t\u00fdkaj\u00facimi sa Bo\u017eieho kr\u00e1\u013eovstva...\" \/>\n<meta property=\"og:url\" content=\"https:\/\/www.cantonuovo.org\/sk\/zdroje-audio\/\" \/>\n<meta property=\"og:site_name\" content=\"Fondazione Cantonuovo\" \/>\n<meta property=\"article:publisher\" content=\"https:\/\/www.facebook.com\/Fondazione-Cantonuovo-157049929923\/\" \/>\n<meta property=\"article:modified_time\" content=\"2026-03-09T21:13:56+00:00\" \/>\n<meta property=\"og:image\" content=\"https:\/\/www.cantonuovo.org\/wp-content\/uploads\/2019\/08\/audio-talks-page.jpg\" \/>\n\t<meta property=\"og:image:width\" content=\"1920\" \/>\n\t<meta property=\"og:image:height\" content=\"1080\" \/>\n\t<meta property=\"og:image:type\" content=\"image\/jpeg\" \/>\n<meta name=\"twitter:card\" content=\"summary_large_image\" \/>\n<meta name=\"twitter:label1\" content=\"Predpokladan\u00fd \u010das \u010d\u00edtania\" \/>\n\t<meta name=\"twitter:data1\" content=\"1 min\u00fata\" \/>\n<script type=\"application\/ld+json\" class=\"yoast-schema-graph\">{\"@context\":\"https:\\\/\\\/schema.org\",\"@graph\":[{\"@type\":\"WebPage\",\"@id\":\"https:\\\/\\\/www.cantonuovo.org\\\/sk\\\/zdroje-audio\\\/\",\"url\":\"https:\\\/\\\/www.cantonuovo.org\\\/sk\\\/zdroje-audio\\\/\",\"name\":\"Audio Talks - Fondazione Cantonuovo\",\"isPartOf\":{\"@id\":\"https:\\\/\\\/www.cantonuovo.org\\\/sk\\\/#website\"},\"primaryImageOfPage\":{\"@id\":\"https:\\\/\\\/www.cantonuovo.org\\\/sk\\\/zdroje-audio\\\/#primaryimage\"},\"image\":{\"@id\":\"https:\\\/\\\/www.cantonuovo.org\\\/sk\\\/zdroje-audio\\\/#primaryimage\"},\"thumbnailUrl\":\"https:\\\/\\\/www.cantonuovo.org\\\/wp-content\\\/uploads\\\/2019\\\/08\\\/audio-talks-page.jpg\",\"datePublished\":\"2019-08-19T18:00:28+00:00\",\"dateModified\":\"2026-03-09T21:13:56+00:00\",\"breadcrumb\":{\"@id\":\"https:\\\/\\\/www.cantonuovo.org\\\/sk\\\/zdroje-audio\\\/#breadcrumb\"},\"inLanguage\":\"sk-SK\",\"potentialAction\":[{\"@type\":\"ReadAction\",\"target\":[\"https:\\\/\\\/www.cantonuovo.org\\\/sk\\\/zdroje-audio\\\/\"]}]},{\"@type\":\"ImageObject\",\"inLanguage\":\"sk-SK\",\"@id\":\"https:\\\/\\\/www.cantonuovo.org\\\/sk\\\/zdroje-audio\\\/#primaryimage\",\"url\":\"https:\\\/\\\/www.cantonuovo.org\\\/wp-content\\\/uploads\\\/2019\\\/08\\\/audio-talks-page.jpg\",\"contentUrl\":\"https:\\\/\\\/www.cantonuovo.org\\\/wp-content\\\/uploads\\\/2019\\\/08\\\/audio-talks-page.jpg\",\"width\":1920,\"height\":1080},{\"@type\":\"BreadcrumbList\",\"@id\":\"https:\\\/\\\/www.cantonuovo.org\\\/sk\\\/zdroje-audio\\\/#breadcrumb\",\"itemListElement\":[{\"@type\":\"ListItem\",\"position\":1,\"name\":\"Home\",\"item\":\"https:\\\/\\\/www.cantonuovo.org\\\/sk\\\/\"},{\"@type\":\"ListItem\",\"position\":2,\"name\":\"Audio Talks\"}]},{\"@type\":\"WebSite\",\"@id\":\"https:\\\/\\\/www.cantonuovo.org\\\/sk\\\/#website\",\"url\":\"https:\\\/\\\/www.cantonuovo.org\\\/sk\\\/\",\"name\":\"Fondazione Cantonuovo\",\"description\":\"Fondazione Cantonuovo\",\"publisher\":{\"@id\":\"https:\\\/\\\/www.cantonuovo.org\\\/sk\\\/#organization\"},\"potentialAction\":[{\"@type\":\"SearchAction\",\"target\":{\"@type\":\"EntryPoint\",\"urlTemplate\":\"https:\\\/\\\/www.cantonuovo.org\\\/sk\\\/?s={search_term_string}\"},\"query-input\":{\"@type\":\"PropertyValueSpecification\",\"valueRequired\":true,\"valueName\":\"search_term_string\"}}],\"inLanguage\":\"sk-SK\"},{\"@type\":\"Organization\",\"@id\":\"https:\\\/\\\/www.cantonuovo.org\\\/sk\\\/#organization\",\"name\":\"Fondazione Cantonuovo\",\"url\":\"https:\\\/\\\/www.cantonuovo.org\\\/sk\\\/\",\"logo\":{\"@type\":\"ImageObject\",\"inLanguage\":\"sk-SK\",\"@id\":\"https:\\\/\\\/www.cantonuovo.org\\\/sk\\\/#\\\/schema\\\/logo\\\/image\\\/\",\"url\":\"https:\\\/\\\/www.cantonuovo.org\\\/wp-content\\\/uploads\\\/2019\\\/01\\\/logo-fondazione-cantonuovo-grigio.png\",\"contentUrl\":\"https:\\\/\\\/www.cantonuovo.org\\\/wp-content\\\/uploads\\\/2019\\\/01\\\/logo-fondazione-cantonuovo-grigio.png\",\"width\":180,\"height\":56,\"caption\":\"Fondazione Cantonuovo\"},\"image\":{\"@id\":\"https:\\\/\\\/www.cantonuovo.org\\\/sk\\\/#\\\/schema\\\/logo\\\/image\\\/\"},\"sameAs\":[\"https:\\\/\\\/www.facebook.com\\\/Fondazione-Cantonuovo-157049929923\\\/\",\"https:\\\/\\\/www.youtube.com\\\/user\\\/cantonuovo\"]}]}<\/script>\n<!-- \/ Yoast SEO plugin. -->","yoast_head_json":{"title":"Audio Talks - Fondazione Cantonuovo","robots":{"index":"index","follow":"follow","max-snippet":"max-snippet:-1","max-image-preview":"max-image-preview:large","max-video-preview":"max-video-preview:-1"},"canonical":"https:\/\/www.cantonuovo.org\/sk\/zdroje-audio\/","og_locale":"sk_SK","og_type":"article","og_title":"Audio Talks - Fondazione Cantonuovo","og_description":"[vc_row][vc_column width=\u201c1\/6\u2033][\/vc_column][vc_column width=\u201c2\/3\u2033][vc_empty_space height=\u201c100px\u201c][vc_custom_heading text=\u201cAUDIO z tejto zbierky sa zaoberaj\u00fa ot\u00e1zkami t\u00fdkaj\u00facimi sa Bo\u017eieho kr\u00e1\u013eovstva...","og_url":"https:\/\/www.cantonuovo.org\/sk\/zdroje-audio\/","og_site_name":"Fondazione Cantonuovo","article_publisher":"https:\/\/www.facebook.com\/Fondazione-Cantonuovo-157049929923\/","article_modified_time":"2026-03-09T21:13:56+00:00","og_image":[{"width":1920,"height":1080,"url":"https:\/\/www.cantonuovo.org\/wp-content\/uploads\/2019\/08\/audio-talks-page.jpg","type":"image\/jpeg"}],"twitter_card":"summary_large_image","twitter_misc":{"Predpokladan\u00fd \u010das \u010d\u00edtania":"1 min\u00fata"},"schema":{"@context":"https:\/\/schema.org","@graph":[{"@type":"WebPage","@id":"https:\/\/www.cantonuovo.org\/sk\/zdroje-audio\/","url":"https:\/\/www.cantonuovo.org\/sk\/zdroje-audio\/","name":"Audio Talks - Fondazione Cantonuovo","isPartOf":{"@id":"https:\/\/www.cantonuovo.org\/sk\/#website"},"primaryImageOfPage":{"@id":"https:\/\/www.cantonuovo.org\/sk\/zdroje-audio\/#primaryimage"},"image":{"@id":"https:\/\/www.cantonuovo.org\/sk\/zdroje-audio\/#primaryimage"},"thumbnailUrl":"https:\/\/www.cantonuovo.org\/wp-content\/uploads\/2019\/08\/audio-talks-page.jpg","datePublished":"2019-08-19T18:00:28+00:00","dateModified":"2026-03-09T21:13:56+00:00","breadcrumb":{"@id":"https:\/\/www.cantonuovo.org\/sk\/zdroje-audio\/#breadcrumb"},"inLanguage":"sk-SK","potentialAction":[{"@type":"ReadAction","target":["https:\/\/www.cantonuovo.org\/sk\/zdroje-audio\/"]}]},{"@type":"ImageObject","inLanguage":"sk-SK","@id":"https:\/\/www.cantonuovo.org\/sk\/zdroje-audio\/#primaryimage","url":"https:\/\/www.cantonuovo.org\/wp-content\/uploads\/2019\/08\/audio-talks-page.jpg","contentUrl":"https:\/\/www.cantonuovo.org\/wp-content\/uploads\/2019\/08\/audio-talks-page.jpg","width":1920,"height":1080},{"@type":"BreadcrumbList","@id":"https:\/\/www.cantonuovo.org\/sk\/zdroje-audio\/#breadcrumb","itemListElement":[{"@type":"ListItem","position":1,"name":"Home","item":"https:\/\/www.cantonuovo.org\/sk\/"},{"@type":"ListItem","position":2,"name":"Audio Talks"}]},{"@type":"WebSite","@id":"https:\/\/www.cantonuovo.org\/sk\/#website","url":"https:\/\/www.cantonuovo.org\/sk\/","name":"Fondazione Cantonuovo","description":"Fondazione Cantonuovo","publisher":{"@id":"https:\/\/www.cantonuovo.org\/sk\/#organization"},"potentialAction":[{"@type":"SearchAction","target":{"@type":"EntryPoint","urlTemplate":"https:\/\/www.cantonuovo.org\/sk\/?s={search_term_string}"},"query-input":{"@type":"PropertyValueSpecification","valueRequired":true,"valueName":"search_term_string"}}],"inLanguage":"sk-SK"},{"@type":"Organization","@id":"https:\/\/www.cantonuovo.org\/sk\/#organization","name":"Fondazione Cantonuovo","url":"https:\/\/www.cantonuovo.org\/sk\/","logo":{"@type":"ImageObject","inLanguage":"sk-SK","@id":"https:\/\/www.cantonuovo.org\/sk\/#\/schema\/logo\/image\/","url":"https:\/\/www.cantonuovo.org\/wp-content\/uploads\/2019\/01\/logo-fondazione-cantonuovo-grigio.png","contentUrl":"https:\/\/www.cantonuovo.org\/wp-content\/uploads\/2019\/01\/logo-fondazione-cantonuovo-grigio.png","width":180,"height":56,"caption":"Fondazione Cantonuovo"},"image":{"@id":"https:\/\/www.cantonuovo.org\/sk\/#\/schema\/logo\/image\/"},"sameAs":["https:\/\/www.facebook.com\/Fondazione-Cantonuovo-157049929923\/","https:\/\/www.youtube.com\/user\/cantonuovo"]}]}},"_links":{"self":[{"href":"https:\/\/www.cantonuovo.org\/sk\/wp-json\/wp\/v2\/pages\/11096","targetHints":{"allow":["GET"]}}],"collection":[{"href":"https:\/\/www.cantonuovo.org\/sk\/wp-json\/wp\/v2\/pages"}],"about":[{"href":"https:\/\/www.cantonuovo.org\/sk\/wp-json\/wp\/v2\/types\/page"}],"author":[{"embeddable":true,"href":"https:\/\/www.cantonuovo.org\/sk\/wp-json\/wp\/v2\/users\/2"}],"replies":[{"embeddable":true,"href":"https:\/\/www.cantonuovo.org\/sk\/wp-json\/wp\/v2\/comments?post=11096"}],"version-history":[{"count":5,"href":"https:\/\/www.cantonuovo.org\/sk\/wp-json\/wp\/v2\/pages\/11096\/revisions"}],"predecessor-version":[{"id":19977,"href":"https:\/\/www.cantonuovo.org\/sk\/wp-json\/wp\/v2\/pages\/11096\/revisions\/19977"}],"wp:featuredmedia":[{"embeddable":true,"href":"https:\/\/www.cantonuovo.org\/sk\/wp-json\/wp\/v2\/media\/8428"}],"wp:attachment":[{"href":"https:\/\/www.cantonuovo.org\/sk\/wp-json\/wp\/v2\/media?parent=11096"}],"curies":[{"name":"wp","href":"https:\/\/api.w.org\/{rel}","templated":true}]}}