{"id":18619,"date":"2024-02-27T08:43:01","date_gmt":"2024-02-27T07:43:01","guid":{"rendered":"https:\/\/www.cantonuovo.org\/?page_id=18619"},"modified":"2025-02-07T10:20:31","modified_gmt":"2025-02-07T09:20:31","slug":"chcete-nas-podporit","status":"publish","type":"page","link":"https:\/\/www.cantonuovo.org\/sk\/chcete-nas-podporit\/","title":{"rendered":"CHCETE N\u00c1S PODPORI\u0164?"},"content":{"rendered":"<section class=\"wpb-content-wrapper\"><p>[vc_row awb_type=\u201ccolor\u201c awb_stretch=\u201c1\u2033 awb_color=\u201c#efefef\u201c css=\u201c.vc_custom_1710177669430{margin-top: -250px !important;padding-top: 250px !important;padding-bottom: 25px !important;}\u201c el_class=\u201cdonate\u201c el_id=\u201cdonate\u201c][vc_column width=\u201c1\/2\u2033][vc_column_text css=\u201c.vc_custom_1733161464855{padding-right: 5% !important;padding-left: 5% !important;}\u201c]<\/p>\n<h1>Chcete n\u00e1s podpori\u0165?<\/h1>\n<p>Nad\u00e1cia Cantonuovo ETS je pr\u00e1vnickou osobou tretieho sektora, a ako tak\u00e1 je neziskov\u00e1. U\u017e roky sa venuje realiz\u00e1cii ob\u010dianskych, solid\u00e1rnych a soci\u00e1lne prospe\u0161n\u00fdch cie\u013eov sledovan\u00edm t\u00fdchto z\u00e1merov:<\/p>\n<ul>\n<li><strong>Kres\u0165ansk\u00e1 kult\u00fara.<\/strong> Podpora a rozvoj kres\u0165anskej kult\u00fary a hudby, evanjeliz\u00e1cia a komplexn\u00e1 podpora jednotlivca s cie\u013eom podpori\u0165 jeho rozvoj, zmenu a rast, aj duchovn\u00fd, aby mohol prispie\u0165 k vytvoreniu lep\u0161ej spolo\u010dnosti;<\/li>\n<li><strong>Pomoc.<\/strong> Informovanie, asistencia a vzdel\u00e1vanie zalo\u017een\u00e9 na kres\u0165ansk\u00fdch hodnot\u00e1ch pre jednotlivcov a komunity, podporuj\u00fac soci\u00e1lny rast a zlep\u0161enie.<\/li>\n<li><strong>Podpora.<\/strong> Podpora trpiacich, chor\u00fdch a soci\u00e1lne znev\u00fdhodnen\u00fdch.<\/li>\n<li><strong>Dial\u00f3g.<\/strong> Podpora medzikult\u00farneho dial\u00f3gu a integr\u00e1cie medzi r\u00f4znymi kres\u0165ansk\u00fdmi vierovyznaniami a skupinami.<\/li>\n<li><strong>Zachovanie.<\/strong> Spravovanie a \u0161\u00edrenie kult\u00farneho dedi\u010dstva zakladate\u013eov, vr\u00e1tane ich diel a aktiv\u00edt.<\/li>\n<\/ul>\n<p>Ka\u017ed\u00fd pr\u00edspevok, aj ten najmen\u0161\u00ed, je vz\u00e1cnym darom, ktor\u00fd n\u00e1m umo\u017e\u0148uje pokra\u010dova\u0165 v na\u0161om poslan\u00ed.<\/p>\n<p><strong>Svoj pr\u00edspevok m\u00f4\u017eete poskytn\u00fa\u0165 aj bankov\u00fdm prevodom:\u00a0<\/strong><br \/>\nM\u00f4\u017eete tak urobi\u0165 online cez <strong>PayPal<\/strong> alebo <strong>kreditnou kartou<\/strong>, sta\u010d\u00ed klikn\u00fa\u0165 na tla\u010didlo \u201eposla\u0165 dar\u201c.<br \/>\nAlebo cez <strong>Iban<\/strong>, pod\u013ea ni\u017e\u0161ie uveden\u00fdch pokynov.[\/vc_column_text][vc_column_text el_class=\u201csmall\u201c css=\u201c.vc_custom_1733163366055{padding-right: 5% !important;padding-left: 5% !important;}\u201c]<strong><a href=\"#infofiscali\">Inform\u00e1cie o mo\u017enostiach da\u0148ov\u00fdch \u00fa\u013eav\/odpo\u010dtov \u2192<\/a><\/strong>[\/vc_column_text][\/vc_column][vc_column width=\u201c1\/2\u2033 el_id=\u201cdonate\u201c][vc_single_image image=\u201c17959\u2033 img_size=\u201cfull\u201c alignment=\u201ccenter\u201c onclick=\u201ccustom_link\u201c img_link_target=\u201c_blank\u201c link=\u201chttps:\/\/www.paypal.com\/donate\/?hosted_button_id=7MGR3JRYNP9KS\u201c css=\u201c.vc_custom_1710178350612{margin-top: 5% !important;margin-right: 5% !important;margin-bottom: 5% !important;margin-left: 5% !important;}\u201c el_class=\u201cshadow\u201c][vc_row_inner css=\u201c.vc_custom_1733158489986{background-color: #ffffff !important;background-position: center !important;background-repeat: no-repeat !important;background-size: cover !important;}\u201c][vc_column_inner][vc_column_text css=\u201c.vc_custom_1733163426542{margin-top: 0px !important;margin-right: 5% !important;margin-bottom: 3% !important;margin-left: 5% !important;border-top-width: 1px !important;border-right-width: 1px !important;border-bottom-width: 1px !important;border-left-width: 1px !important;padding-top: 5% !important;padding-right: 5% !important;padding-bottom: 5% !important;padding-left: 5% !important;background-color: #ffffff !important;border-radius: 10px !important;}\u201c el_class=\u201cshadow\u201c]<strong>Prispejte bankov\u00fdm prevodom:\u00a0<\/strong><br \/>\n<strong>Bankov\u00fd \u00fa\u010det<\/strong>: Fondazione Cantonuovo ETS<br \/>\n<strong>IBAN<\/strong>: IT12F0867314200000000022371<br \/>\n<strong>BIC<\/strong>: ICRAITRRIP0<br \/>\n<em>Do spr\u00e1vy pre pr\u00edjemcu uve\u010fte slovo:<\/em> <strong>\u201e<\/strong><strong>contributo\u201c<\/strong>[\/vc_column_text][\/vc_column_inner][\/vc_row_inner][\/vc_column][\/vc_row][vc_row css=\u201c.vc_custom_1712318538151{padding-top: 80px !important;padding-bottom: 40px !important;}\u201c][vc_column width=\u201c1\/6\u2033 el_class=\u201cdonate\u201c][\/vc_column][vc_column width=\u201c2\/3\u2033 css=\u201c.vc_custom_1710178164887{padding-right: 5% !important;padding-left: 5% !important;}\u201c][vc_column_text el_class=\u201cdonate\u201c]<\/p>\n<h2>V\u010faka v\u00e1\u0161mu pr\u00edspevku m\u00f4\u017eeme realizova\u0165 mno\u017estvo aktiv\u00edt, ako napr\u00edklad:<\/h2>\n<ul>\n<li><strong>Cesty\/Kurzy osobn\u00e9ho a duchovn\u00e9ho rastu:<\/strong> podujatia a aktivity na podporu nadobudnutia vn\u00fatorn\u00e9ho pokoja a\u00a0\u017eivota ako svedkov a vyslancov Je\u017ei\u0161a Krista, pod\u013ea p\u00f4sobenia Ducha Sv\u00e4t\u00e9ho.\u00a0<\/li>\n<li><strong>\u0160\u00edrenie a prehlbovanie \u0161t\u00fadia Sv\u00e4t\u00e9ho p\u00edsma:<\/strong> video-rozhovory, publik\u00e1cie, semin\u00e1re, vzdel\u00e1vacie kurzy.<\/li>\n<li><strong>Kres\u0165ansk\u00e1 hudba:<\/strong> produkcia hudobn\u00fdch skladieb, koncerty a hudobn\u00e9 vyst\u00fapenia v r\u00f4znych kontextoch.<\/li>\n<li><strong>Solidarita:<\/strong> podpora \u013eud\u00ed v n\u00fadzi prostredn\u00edctvom solid\u00e1rnych iniciat\u00edv.<\/li>\n<\/ul>\n<h2>Pre\u010do darova\u0165 Nad\u00e1cii Cantonuovo:<\/h2>\n<p>pre realiz\u00e1ciu ob\u010dianskych, solid\u00e1rnych a soci\u00e1lne prospe\u0161n\u00fdch cie\u013eov aj prostredn\u00edctvom:<\/p>\n<ul>\n<li>\u0161\u00edrenia kres\u0165ansk\u00e9ho posolstva a kult\u00fary;<\/li>\n<li>u\u013eah\u010dovania osobnej a spolo\u010dnej modlitby;<\/li>\n<li>podpory tvorby a \u0161\u00edrenia kres\u0165ansk\u00fdch publik\u00e1ci\u00ed a hudby;<\/li>\n<li>podpory osobn\u00e9ho a duchovn\u00e9ho rastu jednotlivca a skup\u00edn;<\/li>\n<li>pomoci \u013eu\u010fom v n\u00fadzi.<\/li>\n<\/ul>\n<p>[\/vc_column_text][vc_separator style=\u201cdotted\u201c el_id=\u201cfiscale\u201c][\/vc_column][vc_column width=\u201c1\/6\u2033][\/vc_column][\/vc_row][vc_row css=\u201c.vc_custom_1712318532451{padding-bottom: 80px !important;}\u201c el_id=\u201cinfofiscali\u201c][vc_column width=\u201c1\/6\u2033 el_class=\u201cdonate\u201c][\/vc_column][vc_column width=\u201c2\/3\u2033 css=\u201c.vc_custom_1710178164887{padding-right: 5% !important;padding-left: 5% !important;}\u201c][vc_column_text el_class=\u201csmall\u201c css=\u201c.vc_custom_1733163352866{padding-top: 5% !important;padding-right: 5% !important;padding-bottom: 5% !important;padding-left: 5% !important;background-color: #f2f2f2 !important;border-radius: 10px !important;}\u201c]<strong>INFORM\u00c1CIE O MO\u017dNOSTIACH DA\u0147OV\u00ddCH \u00da\u013dAV A ODPO\u010cTOV<\/strong><\/p>\n<p class=\"p1\">Dobrovo\u013en\u00e9 pr\u00edspevky v prospech Nad\u00e1cie Cantonuovo ETS m\u00f4\u017eu by\u0165 v Talianskom da\u0148ovom syst\u00e9me pou\u017eit\u00e9 ako odpo\u010d\u00edtate\u013en\u00e1 polo\u017eka alebo \u00fa\u013eava v da\u0148ovom priznan\u00ed, ak s\u00fa v s\u00falade s platn\u00fdmi predpismi, ktor\u00e9 to umo\u017e\u0148uj\u00fa a s\u00fa uveden\u00e9 v osobitnom dekr\u00e9te Ministerstva pr\u00e1ce a soci\u00e1lnych polit\u00edk v s\u00fa\u010dinnosti s Ministerstvom hospod\u00e1rstva a financi\u00ed, ktor\u00fd ur\u010duje typy vecn\u00fdch darov opr\u00e1v\u0148uj\u00facich na da\u0148ov\u00fa zr\u00e1\u017eku alebo odpo\u010det, a stanovuje krit\u00e9ri\u00e1 a sp\u00f4soby oce\u0148ovania pr\u00edspevkov pod\u013ea odsekov 1 a 2 \u010dl\u00e1nku 83 CTS. Ka\u017ed\u00e1 zainteresovan\u00e1 osoba by mala pozorne overi\u0165 a vyhodnoti\u0165 t\u00fato mo\u017enos\u0165 aj na z\u00e1klade pokynov pre vyplnenie da\u0148ov\u00e9ho priznania, prostredn\u00edctvom sledovate\u013en\u00fdch finan\u010dn\u00fdch n\u00e1strojov a na z\u00e1klade svojej situ\u00e1cie, najm\u00e4 v pr\u00edpade in\u00fdch odpo\u010dtov\/zr\u00e1\u017eok.<\/p>\n<p>[\/vc_column_text][vc_btn title=\u201cPodporte n\u00e1s\u201c style=\u201cflat\u201c shape=\u201cround\u201c color=\u201cvista-blue\u201c i_align=\u201cright\u201c i_icon_fontawesome=\u201cfas fa-hand-holding-heart\u201c add_icon=\u201ctrue\u201c link=\u201curl:%23donate\u201c][vc_btn title=\u201cDekr\u00e9t o z\u00e1pise do RUNTS\u201c style=\u201coutline\u201c shape=\u201cround\u201c color=\u201cprimary\u201c align=\u201cleft\u201c i_align=\u201cright\u201c i_icon_fontawesome=\u201cfas fa-download\u201c add_icon=\u201ctrue\u201c link=\u201curl:http%3A%2F%2Fwww.cantonuovo.org%2Fwp-content%2Fuploads%2F2025%2F02%2FIscrizione-Fondazione-Cantonuovo-ITS-al-_RUNTS_Decreto_n_1_.17342_del_09-08-2023-sk.pdf|target:_blank\u201c css=\u201c.vc_custom_1738919984595{margin-top: 10px !important;}\u201c][vc_btn title=\u201cPoslanie Nad\u00e1cie pod\u013ea \u0160tat\u00fatu\u201c style=\u201coutline\u201c shape=\u201cround\u201c color=\u201cturquoise\u201c align=\u201cleft\u201c i_align=\u201cright\u201c i_icon_fontawesome=\u201cfas fa-download\u201c add_icon=\u201ctrue\u201c link=\u201curl:http%3A%2F%2Fwww.cantonuovo.org%2Fwp-content%2Fuploads%2F2025%2F02%2FScopo-fondazione-cantonuovo-ETS-sk.pdf|target:_blank\u201c css=\u201c.vc_custom_1738920008814{margin-top: 10px !important;}\u201c][\/vc_column][vc_column width=\u201c1\/6\u2033][\/vc_column][\/vc_row][vc_row awb_type=\u201cimage\u201c awb_stretch=\u201c1\u2033 awb_image_background_position=\u201c50% 50%\u201c awb_image=\u201c9933\u2033 css=\u201c.vc_custom_1710263914524{padding-top: 15% !important;padding-bottom: 15% !important;}\u201c][vc_column width=\u201c1\/4\u2033][\/vc_column][vc_column width=\u201c1\/2\u2033][vc_column_text el_class=\u201cdonate white\u201c]<\/p>\n<h3 style=\"text-align: center;\"><strong>Neviete, kto sme? <a href=\"https:\/\/www.cantonuovo.org\/sk\/kto-sme-historia\/\" target=\"_blank\" rel=\"noopener\">Zistite to tu \u2192<\/a><\/strong><\/h3>\n<p>[\/vc_column_text][\/vc_column][vc_column width=\u201c1\/4\u2033][\/vc_column][\/vc_row]<\/p>\n<\/section>","protected":false},"excerpt":{"rendered":"<p>[vc_row awb_type=\u201ccolor\u201c awb_stretch=\u201c1\u2033 awb_color=\u201c#efefef\u201c css=\u201c.vc_custom_1710177669430{margin-top: -250px !important;padding-top: 250px !important;padding-bottom: 25px !important;}\u201c el_class=\u201cdonate\u201c el_id=\u201cdonate\u201c][vc_column width=\u201c1\/2\u2033][vc_column_text css=\u201c.vc_custom_1733161464855{padding-right:&#8230;<\/p>\n","protected":false},"author":2,"featured_media":18390,"parent":0,"menu_order":0,"comment_status":"closed","ping_status":"closed","template":"visual-composer.php","meta":{"footnotes":""},"class_list":["post-18619","page","type-page","status-publish","has-post-thumbnail","hentry"],"yoast_head":"<!-- This site is optimized with the Yoast SEO plugin v27.4 - https:\/\/yoast.com\/product\/yoast-seo-wordpress\/ -->\n<title>CHCETE N\u00c1S PODPORI\u0164? - Fondazione Cantonuovo<\/title>\n<meta name=\"robots\" content=\"index, follow, max-snippet:-1, max-image-preview:large, max-video-preview:-1\" \/>\n<link rel=\"canonical\" href=\"https:\/\/www.cantonuovo.org\/sk\/chcete-nas-podporit\/\" \/>\n<meta property=\"og:locale\" content=\"sk_SK\" \/>\n<meta property=\"og:type\" content=\"article\" \/>\n<meta property=\"og:title\" content=\"CHCETE N\u00c1S PODPORI\u0164? - Fondazione Cantonuovo\" \/>\n<meta property=\"og:description\" content=\"[vc_row awb_type=\u201ccolor\u201c awb_stretch=\u201c1\u2033 awb_color=\u201c#efefef\u201c css=\u201c.vc_custom_1710177669430{margin-top: -250px !important;padding-top: 250px !important;padding-bottom: 25px !important;}\u201c el_class=\u201cdonate\u201c el_id=\u201cdonate\u201c][vc_column width=\u201c1\/2\u2033][vc_column_text css=\u201c.vc_custom_1733161464855{padding-right:...\" \/>\n<meta property=\"og:url\" content=\"https:\/\/www.cantonuovo.org\/sk\/chcete-nas-podporit\/\" \/>\n<meta property=\"og:site_name\" content=\"Fondazione Cantonuovo\" \/>\n<meta property=\"article:publisher\" content=\"https:\/\/www.facebook.com\/Fondazione-Cantonuovo-157049929923\/\" \/>\n<meta property=\"article:modified_time\" content=\"2025-02-07T09:20:31+00:00\" \/>\n<meta property=\"og:image\" content=\"https:\/\/www.cantonuovo.org\/wp-content\/uploads\/2024\/02\/Vuoi-sostenerci-Fondazione-Cantonuovo-Ets.png\" \/>\n\t<meta property=\"og:image:width\" content=\"1161\" \/>\n\t<meta property=\"og:image:height\" content=\"768\" \/>\n\t<meta property=\"og:image:type\" content=\"image\/png\" \/>\n<meta name=\"twitter:card\" content=\"summary_large_image\" \/>\n<meta name=\"twitter:label1\" content=\"Predpokladan\u00fd \u010das \u010d\u00edtania\" \/>\n\t<meta name=\"twitter:data1\" content=\"4 min\u00faty\" \/>\n<script type=\"application\/ld+json\" class=\"yoast-schema-graph\">{\"@context\":\"https:\\\/\\\/schema.org\",\"@graph\":[{\"@type\":\"WebPage\",\"@id\":\"https:\\\/\\\/www.cantonuovo.org\\\/sk\\\/chcete-nas-podporit\\\/\",\"url\":\"https:\\\/\\\/www.cantonuovo.org\\\/sk\\\/chcete-nas-podporit\\\/\",\"name\":\"CHCETE N\u00c1S PODPORI\u0164? - Fondazione Cantonuovo\",\"isPartOf\":{\"@id\":\"https:\\\/\\\/www.cantonuovo.org\\\/sk\\\/#website\"},\"primaryImageOfPage\":{\"@id\":\"https:\\\/\\\/www.cantonuovo.org\\\/sk\\\/chcete-nas-podporit\\\/#primaryimage\"},\"image\":{\"@id\":\"https:\\\/\\\/www.cantonuovo.org\\\/sk\\\/chcete-nas-podporit\\\/#primaryimage\"},\"thumbnailUrl\":\"https:\\\/\\\/www.cantonuovo.org\\\/wp-content\\\/uploads\\\/2024\\\/10\\\/cantonuovo-background-home.png\",\"datePublished\":\"2024-02-27T07:43:01+00:00\",\"dateModified\":\"2025-02-07T09:20:31+00:00\",\"breadcrumb\":{\"@id\":\"https:\\\/\\\/www.cantonuovo.org\\\/sk\\\/chcete-nas-podporit\\\/#breadcrumb\"},\"inLanguage\":\"sk-SK\",\"potentialAction\":[{\"@type\":\"ReadAction\",\"target\":[\"https:\\\/\\\/www.cantonuovo.org\\\/sk\\\/chcete-nas-podporit\\\/\"]}]},{\"@type\":\"ImageObject\",\"inLanguage\":\"sk-SK\",\"@id\":\"https:\\\/\\\/www.cantonuovo.org\\\/sk\\\/chcete-nas-podporit\\\/#primaryimage\",\"url\":\"https:\\\/\\\/www.cantonuovo.org\\\/wp-content\\\/uploads\\\/2024\\\/10\\\/cantonuovo-background-home.png\",\"contentUrl\":\"https:\\\/\\\/www.cantonuovo.org\\\/wp-content\\\/uploads\\\/2024\\\/10\\\/cantonuovo-background-home.png\",\"width\":2912,\"height\":1632},{\"@type\":\"BreadcrumbList\",\"@id\":\"https:\\\/\\\/www.cantonuovo.org\\\/sk\\\/chcete-nas-podporit\\\/#breadcrumb\",\"itemListElement\":[{\"@type\":\"ListItem\",\"position\":1,\"name\":\"Home\",\"item\":\"https:\\\/\\\/www.cantonuovo.org\\\/sk\\\/\"},{\"@type\":\"ListItem\",\"position\":2,\"name\":\"CHCETE N\u00c1S PODPORI\u0164?\"}]},{\"@type\":\"WebSite\",\"@id\":\"https:\\\/\\\/www.cantonuovo.org\\\/sk\\\/#website\",\"url\":\"https:\\\/\\\/www.cantonuovo.org\\\/sk\\\/\",\"name\":\"Fondazione Cantonuovo\",\"description\":\"Fondazione Cantonuovo\",\"publisher\":{\"@id\":\"https:\\\/\\\/www.cantonuovo.org\\\/sk\\\/#organization\"},\"potentialAction\":[{\"@type\":\"SearchAction\",\"target\":{\"@type\":\"EntryPoint\",\"urlTemplate\":\"https:\\\/\\\/www.cantonuovo.org\\\/sk\\\/?s={search_term_string}\"},\"query-input\":{\"@type\":\"PropertyValueSpecification\",\"valueRequired\":true,\"valueName\":\"search_term_string\"}}],\"inLanguage\":\"sk-SK\"},{\"@type\":\"Organization\",\"@id\":\"https:\\\/\\\/www.cantonuovo.org\\\/sk\\\/#organization\",\"name\":\"Fondazione Cantonuovo\",\"url\":\"https:\\\/\\\/www.cantonuovo.org\\\/sk\\\/\",\"logo\":{\"@type\":\"ImageObject\",\"inLanguage\":\"sk-SK\",\"@id\":\"https:\\\/\\\/www.cantonuovo.org\\\/sk\\\/#\\\/schema\\\/logo\\\/image\\\/\",\"url\":\"https:\\\/\\\/www.cantonuovo.org\\\/wp-content\\\/uploads\\\/2019\\\/01\\\/logo-fondazione-cantonuovo-grigio.png\",\"contentUrl\":\"https:\\\/\\\/www.cantonuovo.org\\\/wp-content\\\/uploads\\\/2019\\\/01\\\/logo-fondazione-cantonuovo-grigio.png\",\"width\":180,\"height\":56,\"caption\":\"Fondazione Cantonuovo\"},\"image\":{\"@id\":\"https:\\\/\\\/www.cantonuovo.org\\\/sk\\\/#\\\/schema\\\/logo\\\/image\\\/\"},\"sameAs\":[\"https:\\\/\\\/www.facebook.com\\\/Fondazione-Cantonuovo-157049929923\\\/\",\"https:\\\/\\\/www.youtube.com\\\/user\\\/cantonuovo\"]}]}<\/script>\n<!-- \/ Yoast SEO plugin. -->","yoast_head_json":{"title":"CHCETE N\u00c1S PODPORI\u0164? - Fondazione Cantonuovo","robots":{"index":"index","follow":"follow","max-snippet":"max-snippet:-1","max-image-preview":"max-image-preview:large","max-video-preview":"max-video-preview:-1"},"canonical":"https:\/\/www.cantonuovo.org\/sk\/chcete-nas-podporit\/","og_locale":"sk_SK","og_type":"article","og_title":"CHCETE N\u00c1S PODPORI\u0164? - Fondazione Cantonuovo","og_description":"[vc_row awb_type=\u201ccolor\u201c awb_stretch=\u201c1\u2033 awb_color=\u201c#efefef\u201c css=\u201c.vc_custom_1710177669430{margin-top: -250px !important;padding-top: 250px !important;padding-bottom: 25px !important;}\u201c el_class=\u201cdonate\u201c el_id=\u201cdonate\u201c][vc_column width=\u201c1\/2\u2033][vc_column_text css=\u201c.vc_custom_1733161464855{padding-right:...","og_url":"https:\/\/www.cantonuovo.org\/sk\/chcete-nas-podporit\/","og_site_name":"Fondazione Cantonuovo","article_publisher":"https:\/\/www.facebook.com\/Fondazione-Cantonuovo-157049929923\/","article_modified_time":"2025-02-07T09:20:31+00:00","og_image":[{"width":1161,"height":768,"url":"https:\/\/www.cantonuovo.org\/wp-content\/uploads\/2024\/02\/Vuoi-sostenerci-Fondazione-Cantonuovo-Ets.png","type":"image\/png"}],"twitter_card":"summary_large_image","twitter_misc":{"Predpokladan\u00fd \u010das \u010d\u00edtania":"4 min\u00faty"},"schema":{"@context":"https:\/\/schema.org","@graph":[{"@type":"WebPage","@id":"https:\/\/www.cantonuovo.org\/sk\/chcete-nas-podporit\/","url":"https:\/\/www.cantonuovo.org\/sk\/chcete-nas-podporit\/","name":"CHCETE N\u00c1S PODPORI\u0164? - Fondazione Cantonuovo","isPartOf":{"@id":"https:\/\/www.cantonuovo.org\/sk\/#website"},"primaryImageOfPage":{"@id":"https:\/\/www.cantonuovo.org\/sk\/chcete-nas-podporit\/#primaryimage"},"image":{"@id":"https:\/\/www.cantonuovo.org\/sk\/chcete-nas-podporit\/#primaryimage"},"thumbnailUrl":"https:\/\/www.cantonuovo.org\/wp-content\/uploads\/2024\/10\/cantonuovo-background-home.png","datePublished":"2024-02-27T07:43:01+00:00","dateModified":"2025-02-07T09:20:31+00:00","breadcrumb":{"@id":"https:\/\/www.cantonuovo.org\/sk\/chcete-nas-podporit\/#breadcrumb"},"inLanguage":"sk-SK","potentialAction":[{"@type":"ReadAction","target":["https:\/\/www.cantonuovo.org\/sk\/chcete-nas-podporit\/"]}]},{"@type":"ImageObject","inLanguage":"sk-SK","@id":"https:\/\/www.cantonuovo.org\/sk\/chcete-nas-podporit\/#primaryimage","url":"https:\/\/www.cantonuovo.org\/wp-content\/uploads\/2024\/10\/cantonuovo-background-home.png","contentUrl":"https:\/\/www.cantonuovo.org\/wp-content\/uploads\/2024\/10\/cantonuovo-background-home.png","width":2912,"height":1632},{"@type":"BreadcrumbList","@id":"https:\/\/www.cantonuovo.org\/sk\/chcete-nas-podporit\/#breadcrumb","itemListElement":[{"@type":"ListItem","position":1,"name":"Home","item":"https:\/\/www.cantonuovo.org\/sk\/"},{"@type":"ListItem","position":2,"name":"CHCETE N\u00c1S PODPORI\u0164?"}]},{"@type":"WebSite","@id":"https:\/\/www.cantonuovo.org\/sk\/#website","url":"https:\/\/www.cantonuovo.org\/sk\/","name":"Fondazione Cantonuovo","description":"Fondazione Cantonuovo","publisher":{"@id":"https:\/\/www.cantonuovo.org\/sk\/#organization"},"potentialAction":[{"@type":"SearchAction","target":{"@type":"EntryPoint","urlTemplate":"https:\/\/www.cantonuovo.org\/sk\/?s={search_term_string}"},"query-input":{"@type":"PropertyValueSpecification","valueRequired":true,"valueName":"search_term_string"}}],"inLanguage":"sk-SK"},{"@type":"Organization","@id":"https:\/\/www.cantonuovo.org\/sk\/#organization","name":"Fondazione Cantonuovo","url":"https:\/\/www.cantonuovo.org\/sk\/","logo":{"@type":"ImageObject","inLanguage":"sk-SK","@id":"https:\/\/www.cantonuovo.org\/sk\/#\/schema\/logo\/image\/","url":"https:\/\/www.cantonuovo.org\/wp-content\/uploads\/2019\/01\/logo-fondazione-cantonuovo-grigio.png","contentUrl":"https:\/\/www.cantonuovo.org\/wp-content\/uploads\/2019\/01\/logo-fondazione-cantonuovo-grigio.png","width":180,"height":56,"caption":"Fondazione Cantonuovo"},"image":{"@id":"https:\/\/www.cantonuovo.org\/sk\/#\/schema\/logo\/image\/"},"sameAs":["https:\/\/www.facebook.com\/Fondazione-Cantonuovo-157049929923\/","https:\/\/www.youtube.com\/user\/cantonuovo"]}]}},"_links":{"self":[{"href":"https:\/\/www.cantonuovo.org\/sk\/wp-json\/wp\/v2\/pages\/18619","targetHints":{"allow":["GET"]}}],"collection":[{"href":"https:\/\/www.cantonuovo.org\/sk\/wp-json\/wp\/v2\/pages"}],"about":[{"href":"https:\/\/www.cantonuovo.org\/sk\/wp-json\/wp\/v2\/types\/page"}],"author":[{"embeddable":true,"href":"https:\/\/www.cantonuovo.org\/sk\/wp-json\/wp\/v2\/users\/2"}],"replies":[{"embeddable":true,"href":"https:\/\/www.cantonuovo.org\/sk\/wp-json\/wp\/v2\/comments?post=18619"}],"version-history":[{"count":15,"href":"https:\/\/www.cantonuovo.org\/sk\/wp-json\/wp\/v2\/pages\/18619\/revisions"}],"predecessor-version":[{"id":18729,"href":"https:\/\/www.cantonuovo.org\/sk\/wp-json\/wp\/v2\/pages\/18619\/revisions\/18729"}],"wp:featuredmedia":[{"embeddable":true,"href":"https:\/\/www.cantonuovo.org\/sk\/wp-json\/wp\/v2\/media\/18390"}],"wp:attachment":[{"href":"https:\/\/www.cantonuovo.org\/sk\/wp-json\/wp\/v2\/media?parent=18619"}],"curies":[{"name":"wp","href":"https:\/\/api.w.org\/{rel}","templated":true}]}}