{"id":5693,"date":"2019-04-14T23:35:55","date_gmt":"2019-04-14T21:35:55","guid":{"rendered":"https:\/\/www.cantonuovo.org\/eventi-e-incontri\/"},"modified":"2026-04-08T17:37:23","modified_gmt":"2026-04-08T15:37:23","slug":"podujatia-a-stretnutia","status":"publish","type":"page","link":"https:\/\/www.cantonuovo.org\/sk\/podujatia-a-stretnutia\/","title":{"rendered":"STRETNUTIA"},"content":{"rendered":"<section class=\"wpb-content-wrapper\"><p>[vc_row equal_height=\u201cyes\u201c content_placement=\u201cmiddle\u201c css=\u201c.vc_custom_1679780373377{border-radius: 35px !important;}\u201c][vc_column css=\u201c.vc_custom_1679847116485{margin-top: -90px !important;}\u201c][vc_column_text el_class=\u201ccenter\u201c css=\u201c.vc_custom_1679846577294{margin-top: -100px !important;}\u201c]<\/p>\n<h3>Pravideln\u00e9 t\u00fd\u017edenn\u00e9 stretnutia<\/h3>\n<p>[\/vc_column_text][\/vc_column][\/vc_row][vc_row gap=\u201c5\u2033 equal_height=\u201cyes\u201c content_placement=\u201cmiddle\u201c disable_element=\u201cyes\u201c css=\u201c.vc_custom_1706201289943{border-radius: 35px !important;}\u201c][vc_column width=\u201c6\/12\u2033 awb_type=\u201cimage\u201c awb_image_background_position=\u201c50% 50%\u201c awb_color=\u201crgba(130,36,227,0.81)\u201c el_class=\u201cwhite\u201c awb_image=\u201c15223\u2033][vc_column_text css=\u201c.vc_custom_1688977769672{margin-top: 0px !important;margin-bottom: 0px !important;padding-top: 0px !important;padding-bottom: 0px !important;}\u201c el_class=\u201ceventi\u201c]Ka\u017ed\u00fa stredu<\/p>\n<h4>Preh\u013abenie \u0161t\u00fadia: Skutky apo\u0161tolov<\/h4>\n<p>[\/vc_column_text][vc_row_inner content_placement=\u201cmiddle\u201c css=\u201c.vc_custom_1679782631167{margin-top: 0px !important;margin-bottom: 0px !important;padding-top: 0px !important;padding-bottom: 0px !important;}\u201c el_class=\u201cdettagli\u201c][vc_column_inner width=\u201c1\/12\u2033 offset=\u201cvc_col-xs-1\u2033][vc_icon type=\u201cmonosocial\u201c icon_monosocial=\u201cvc-mono vc-mono-gowallapin\u201c color=\u201cwhite\u201c align=\u201ccenter\u201c css=\u201c.vc_custom_1679840620951{margin-top: 0px !important;margin-bottom: 0px !important;padding-top: 0px !important;padding-bottom: 0px !important;}\u201c][\/vc_column_inner][vc_column_inner width=\u201c5\/12\u2033 offset=\u201cvc_col-xs-5\u2033][vc_column_text css=\u201c.vc_custom_1679846974027{margin-top: 0px !important;padding-top: 0px !important;}\u201c]<\/p>\n<h6><strong> Online<\/strong><\/h6>\n<p>[\/vc_column_text][\/vc_column_inner][vc_column_inner el_class=\u201cdettails\u201c width=\u201c1\/12\u2033 offset=\u201cvc_col-xs-1\u2033][vc_icon icon_fontawesome=\u201cfa fa-clock-o\u201c color=\u201cwhite\u201c css=\u201c.vc_custom_1679840856576{margin-top: 0px !important;margin-bottom: 0px !important;padding-top: 0px !important;padding-bottom: 0px !important;}\u201c][\/vc_column_inner][vc_column_inner width=\u201c5\/12\u2033 offset=\u201cvc_col-xs-5\u2033][vc_column_text css=\u201c.vc_custom_1679842280716{margin-top: 0px !important;padding-top: 0px !important;}\u201c]<\/p>\n<h6><strong> \u00a0\u00a0 21:15 \u2013 22:30<\/strong><\/h6>\n<p>[\/vc_column_text][\/vc_column_inner][\/vc_row_inner][vc_row_inner content_placement=\u201cmiddle\u201c css=\u201c.vc_custom_1679782631167{margin-top: 0px !important;margin-bottom: 0px !important;padding-top: 0px !important;padding-bottom: 0px !important;}\u201c el_class=\u201cdettagli\u201c][vc_column_inner width=\u201c1\/12\u2033 offset=\u201cvc_col-xs-1\u2033][vc_icon icon_fontawesome=\u201cfa fa-volume-up\u201c color=\u201cwhite\u201c align=\u201ccenter\u201c css=\u201c.vc_custom_1679841943415{margin-top: 0px !important;margin-bottom: 0px !important;padding-bottom: 0px !important;}\u201c el_class=\u201cicon\u201c][\/vc_column_inner][vc_column_inner width=\u201c11\/12\u2033 offset=\u201cvc_col-xs-11\u2033][vc_column_text css=\u201c.vc_custom_1679905021309{padding-top: 0px !important;}\u201c el_class=\u201cwhite\u201c]<\/p>\n<h6><strong>Nahr\u00e1vky s\u00fa publikovan\u00e9 v sekcii <u><a href=\"https:\/\/www.cantonuovo.org\/sk\/zdroje-audio\/\">Zdroje Audio<\/a><\/u><\/strong><\/h6>\n<p>[\/vc_column_text][\/vc_column_inner][\/vc_row_inner][\/vc_column][vc_column width=\u201c6\/12\u2033 awb_type=\u201cimage\u201c awb_image_background_position=\u201c50% 50%\u201c awb_color=\u201crgba(0,152,163,0.82)\u201c el_class=\u201cwhite\u201c awb_image=\u201c15701\u2033][vc_column_text css=\u201c.vc_custom_1688977781065{margin-top: 0px !important;margin-bottom: 0px !important;padding-top: 0px !important;padding-bottom: 0px !important;}\u201c el_class=\u201ceventi\u201c]Ka\u017ed\u00fa sobotu<\/p>\n<h4>Stretnutie s chv\u00e1lami<\/h4>\n<p>[\/vc_column_text][vc_row_inner content_placement=\u201cmiddle\u201c css=\u201c.vc_custom_1679782631167{margin-top: 0px !important;margin-bottom: 0px !important;padding-top: 0px !important;padding-bottom: 0px !important;}\u201c el_class=\u201cdettagli\u201c][vc_column_inner width=\u201c1\/12\u2033 offset=\u201cvc_col-xs-1\u2033][vc_icon type=\u201cmonosocial\u201c icon_monosocial=\u201cvc-mono vc-mono-gowallapin\u201c color=\u201cwhite\u201c align=\u201ccenter\u201c css=\u201c.vc_custom_1679840620951{margin-top: 0px !important;margin-bottom: 0px !important;padding-top: 0px !important;padding-bottom: 0px !important;}\u201c][\/vc_column_inner][vc_column_inner width=\u201c5\/12\u2033 offset=\u201cvc_col-xs-5\u2033][vc_column_text css=\u201c.vc_custom_1679846989042{margin-top: 0px !important;padding-top: 0px !important;}\u201c]<\/p>\n<h6><strong> Online<\/strong><\/h6>\n<p>[\/vc_column_text][\/vc_column_inner][vc_column_inner el_class=\u201cdettails\u201c width=\u201c1\/12\u2033 offset=\u201cvc_col-xs-1\u2033][vc_icon icon_fontawesome=\u201cfa fa-clock-o\u201c color=\u201cwhite\u201c css=\u201c.vc_custom_1679840856576{margin-top: 0px !important;margin-bottom: 0px !important;padding-top: 0px !important;padding-bottom: 0px !important;}\u201c][\/vc_column_inner][vc_column_inner width=\u201c5\/12\u2033 offset=\u201cvc_col-xs-5\u2033][vc_column_text css=\u201c.vc_custom_1679842269252{margin-top: 0px !important;padding-top: 0px !important;}\u201c]<\/p>\n<h6><strong> \u00a0\u00a0 17:30 \u2013 19:30<\/strong><\/h6>\n<p>[\/vc_column_text][\/vc_column_inner][\/vc_row_inner][vc_row_inner content_placement=\u201cmiddle\u201c css=\u201c.vc_custom_1679782631167{margin-top: 0px !important;margin-bottom: 0px !important;padding-top: 0px !important;padding-bottom: 0px !important;}\u201c el_class=\u201cdettagli\u201c][vc_column_inner width=\u201c1\/12\u2033 offset=\u201cvc_col-xs-1\u2033][vc_icon icon_fontawesome=\u201cfa fa-volume-up\u201c color=\u201cwhite\u201c align=\u201ccenter\u201c css=\u201c.vc_custom_1679841943415{margin-top: 0px !important;margin-bottom: 0px !important;padding-bottom: 0px !important;}\u201c el_class=\u201cicon\u201c][\/vc_column_inner][vc_column_inner width=\u201c11\/12\u2033 offset=\u201cvc_col-xs-11\u2033][vc_column_text css=\u201c.vc_custom_1679846956258{padding-top: 0px !important;}\u201c el_class=\u201cwhite\u201c]<\/p>\n<h6><strong> Niektor\u00e9 nahr\u00e1vky s\u00fa publikovan\u00e9 v sekcii <u><a href=\"https:\/\/www.cantonuovo.org\/sk\/zdroje-audio\/\">Zdroje Audio<\/a><\/u><\/strong><\/h6>\n<p>[\/vc_column_text][\/vc_column_inner][\/vc_row_inner][\/vc_column][\/vc_row][vc_row gap=\u201c5\u2033 equal_height=\u201cyes\u201c content_placement=\u201cmiddle\u201c css=\u201c.vc_custom_1679843702214{border-radius: 35px !important;}\u201c][vc_column width=\u201c1\/4\u2033][\/vc_column][vc_column width=\u201c1\/2\u2033 awb_type=\u201cimage\u201c awb_image_background_position=\u201c50% 50%\u201c awb_color=\u201crgba(130,36,227,0.81)\u201c el_class=\u201cwhite\u201c awb_image=\u201c15223\u2033][vc_column_text css=\u201c.vc_custom_1688977769672{margin-top: 0px !important;margin-bottom: 0px !important;padding-top: 0px !important;padding-bottom: 0px !important;}\u201c el_class=\u201ceventi\u201c]Ka\u017ed\u00fa stredu<\/p>\n<h4>Preh\u013abenie \u0161t\u00fadia: Skutky apo\u0161tolov<\/h4>\n<p>[\/vc_column_text][vc_row_inner content_placement=\u201cmiddle\u201c css=\u201c.vc_custom_1679782631167{margin-top: 0px !important;margin-bottom: 0px !important;padding-top: 0px !important;padding-bottom: 0px !important;}\u201c el_class=\u201cdettagli\u201c][vc_column_inner width=\u201c1\/12\u2033 offset=\u201cvc_col-xs-1\u2033][vc_icon type=\u201cmonosocial\u201c icon_monosocial=\u201cvc-mono vc-mono-gowallapin\u201c color=\u201cwhite\u201c align=\u201ccenter\u201c css=\u201c.vc_custom_1679840620951{margin-top: 0px !important;margin-bottom: 0px !important;padding-top: 0px !important;padding-bottom: 0px !important;}\u201c][\/vc_column_inner][vc_column_inner width=\u201c5\/12\u2033 offset=\u201cvc_col-xs-5\u2033][vc_column_text css=\u201c.vc_custom_1679846974027{margin-top: 0px !important;padding-top: 0px !important;}\u201c]<\/p>\n<h6><strong> Online<\/strong><\/h6>\n<p>[\/vc_column_text][\/vc_column_inner][vc_column_inner el_class=\u201cdettails\u201c width=\u201c1\/12\u2033 offset=\u201cvc_col-xs-1\u2033][vc_icon icon_fontawesome=\u201cfa fa-clock-o\u201c color=\u201cwhite\u201c css=\u201c.vc_custom_1679840856576{margin-top: 0px !important;margin-bottom: 0px !important;padding-top: 0px !important;padding-bottom: 0px !important;}\u201c][\/vc_column_inner][vc_column_inner width=\u201c5\/12\u2033 offset=\u201cvc_col-xs-5\u2033][vc_column_text css=\u201c.vc_custom_1679842280716{margin-top: 0px !important;padding-top: 0px !important;}\u201c]<\/p>\n<h6><strong> \u00a0\u00a0 21:15 \u2013 22:30<\/strong><\/h6>\n<p>[\/vc_column_text][\/vc_column_inner][\/vc_row_inner][vc_row_inner content_placement=\u201cmiddle\u201c css=\u201c.vc_custom_1679782631167{margin-top: 0px !important;margin-bottom: 0px !important;padding-top: 0px !important;padding-bottom: 0px !important;}\u201c el_class=\u201cdettagli\u201c][vc_column_inner width=\u201c1\/12\u2033 offset=\u201cvc_col-xs-1\u2033][vc_icon icon_fontawesome=\u201cfa fa-volume-up\u201c color=\u201cwhite\u201c align=\u201ccenter\u201c css=\u201c.vc_custom_1679841943415{margin-top: 0px !important;margin-bottom: 0px !important;padding-bottom: 0px !important;}\u201c el_class=\u201cicon\u201c][\/vc_column_inner][vc_column_inner width=\u201c11\/12\u2033 offset=\u201cvc_col-xs-11\u2033][vc_column_text css=\u201c.vc_custom_1679905021309{padding-top: 0px !important;}\u201c el_class=\u201cwhite\u201c]<\/p>\n<h6><strong>Nahr\u00e1vky s\u00fa publikovan\u00e9 v sekcii <u><a href=\"https:\/\/www.cantonuovo.org\/sk\/zdroje-audio\/\">Zdroje Audio<\/a><\/u><\/strong><\/h6>\n<p>[\/vc_column_text][\/vc_column_inner][\/vc_row_inner][\/vc_column][vc_column width=\u201c1\/4\u2033][\/vc_column][\/vc_row][vc_row equal_height=\u201cyes\u201c content_placement=\u201cmiddle\u201c css=\u201c.vc_custom_1679780373377{border-radius: 35px !important;}\u201c][vc_column][vc_column_text el_class=\u201ccenter\u201c]<\/p>\n<h6>Oh\u013eadom detailov ZOOM spojenia a prekladu n\u00e1s m\u00f4\u017eete kontaktova\u0165 mailom: andie.zatkova @ cantonuovo.org<\/h6>\n<p>\u00a0<\/p>\n<h4>Stret\u00e1vame sa aj \u201ena \u017eivo\u201c v nede\u013eu o 18:00 v Bratislave na Panenskej 10.<\/h4>\n<h6>Nako\u013eko stretnutia m\u00f4\u017eu by\u0165 nepravideln\u00e9, vopred n\u00e1s kontaktujte na \u010d\u00edsle +421 903 587 633 (WhatsApp).<\/h6>\n<p>[\/vc_column_text][\/vc_column][\/vc_row][vc_row full_width=\u201cstretch_row\u201c disable_element=\u201cyes\u201c awb_type=\u201cimage\u201c awb_stretch=\u201c1\u2033 awb_image_background_position=\u201c50% 50%\u201c awb_color=\u201crgba(0,0,0,0.11)\u201c css=\u201c.vc_custom_1775662547631{padding-top: 50px !important;padding-bottom: 50px !important;}\u201c awb_image=\u201c18826\u2033 el_id=\u201cevento-ongoing\u201c][vc_column][vc_column_text el_class=\u201ccenter white\u201c]<\/p>\n<h3>\u0160peci\u00e1lne stretnutia<\/h3>\n<p>[\/vc_column_text][vc_row_inner][vc_column_inner width=\u201c1\/6\u2033][\/vc_column_inner][vc_column_inner width=\u201c2\/3\u2033]<div class=\"mec-wrap colorskin-custom  \">\r\n    <article class=\"mec-past-event mec-event-cover-clean \">\r\n        <div class=\"mec-event-image\"><img loading=\"lazy\" decoding=\"async\" width=\"1999\" height=\"1200\" src=\"https:\/\/www.cantonuovo.org\/wp-content\/uploads\/2025\/03\/sk-nk-sk.png\" class=\"attachment-large size-large wp-post-image\" alt=\"\" data-mec-postid=\"18836\" \/><\/div>\r\n        <div class=\"mec-event-overlay\"><\/div>\r\n                <div class=\"mec-event-content\">\r\n            <h4 class=\"mec-event-title\"><a data-event-id=\"18836\" href=\"https:\/\/www.cantonuovo.org\/sk\/events\/seminar-nadherny-5-6-aprila\/?occurrence=2025-04-05\" target=\"_blank\" rel=\"noopener\">Semin\u00e1r \u201eN\u00c1DHERN\u00dd\u201c \u2013 5. \u2013 6. apr\u00edla<\/a><\/h4>\r\n                                <\/div>\r\n        <div class=\"mec-event-date mec-bg-color\">\r\n            <div class=\"dday\">05<\/div>\r\n            <div class=\"dmonth\">apr<\/div>\r\n            <div class=\"dyear\">2025<\/div>\r\n        <\/div>\r\n            <\/article>\r\n        <\/div>\r\n[\/vc_column_inner][vc_column_inner width=\u201c1\/6\u2033][\/vc_column_inner][\/vc_row_inner][vc_empty_space height=\u201c100px\u201c][\/vc_column][\/vc_row][vc_row css=\u201c.vc_custom_1709019602535{background-color: #ffffff !important;}\u201c][vc_column][vc_empty_space height=\u201c50px\u201c][vc_row_inner][vc_column_inner width=\u201c1\/4\u2033][\/vc_column_inner][vc_column_inner width=\u201c1\/2\u2033][\/vc_column_inner][vc_column_inner width=\u201c1\/4\u2033][\/vc_column_inner][\/vc_row_inner][vc_empty_space height=\u201c50px\u201c][\/vc_column][\/vc_row]<\/p>\n<\/section>","protected":false},"excerpt":{"rendered":"<p>[vc_row equal_height=\u201cyes\u201c content_placement=\u201cmiddle\u201c css=\u201c.vc_custom_1679780373377{border-radius: 35px !important;}\u201c][vc_column css=\u201c.vc_custom_1679847116485{margin-top: -90px !important;}\u201c][vc_column_text el_class=\u201ccenter\u201c css=\u201c.vc_custom_1679846577294{margin-top: -100px !important;}\u201c] Pravideln\u00e9 t\u00fd\u017edenn\u00e9&#8230;<\/p>\n","protected":false},"author":6,"featured_media":5694,"parent":0,"menu_order":0,"comment_status":"closed","ping_status":"closed","template":"visual-composer.php","meta":{"footnotes":""},"class_list":["post-5693","page","type-page","status-publish","has-post-thumbnail","hentry"],"yoast_head":"<!-- This site is optimized with the Yoast SEO plugin v27.4 - https:\/\/yoast.com\/product\/yoast-seo-wordpress\/ -->\n<title>STRETNUTIA - Fondazione Cantonuovo<\/title>\n<meta name=\"robots\" content=\"index, follow, max-snippet:-1, max-image-preview:large, max-video-preview:-1\" \/>\n<link rel=\"canonical\" href=\"https:\/\/www.cantonuovo.org\/sk\/podujatia-a-stretnutia\/\" \/>\n<meta property=\"og:locale\" content=\"sk_SK\" \/>\n<meta property=\"og:type\" content=\"article\" \/>\n<meta property=\"og:title\" content=\"STRETNUTIA - Fondazione Cantonuovo\" \/>\n<meta property=\"og:description\" content=\"[vc_row equal_height=\u201cyes\u201c content_placement=\u201cmiddle\u201c css=\u201c.vc_custom_1679780373377{border-radius: 35px !important;}\u201c][vc_column css=\u201c.vc_custom_1679847116485{margin-top: -90px !important;}\u201c][vc_column_text el_class=\u201ccenter\u201c css=\u201c.vc_custom_1679846577294{margin-top: -100px !important;}\u201c] Pravideln\u00e9 t\u00fd\u017edenn\u00e9...\" \/>\n<meta property=\"og:url\" content=\"https:\/\/www.cantonuovo.org\/sk\/podujatia-a-stretnutia\/\" \/>\n<meta property=\"og:site_name\" content=\"Fondazione Cantonuovo\" \/>\n<meta property=\"article:publisher\" content=\"https:\/\/www.facebook.com\/Fondazione-Cantonuovo-157049929923\/\" \/>\n<meta property=\"article:modified_time\" content=\"2026-04-08T15:37:23+00:00\" \/>\n<meta property=\"og:image\" content=\"https:\/\/www.cantonuovo.org\/wp-content\/uploads\/2019\/04\/Seminario-Cantonuovo-37.jpg\" \/>\n\t<meta property=\"og:image:width\" content=\"6000\" \/>\n\t<meta property=\"og:image:height\" content=\"4000\" \/>\n\t<meta property=\"og:image:type\" content=\"image\/jpeg\" \/>\n<meta name=\"twitter:card\" content=\"summary_large_image\" \/>\n<meta name=\"twitter:label1\" content=\"Predpokladan\u00fd \u010das \u010d\u00edtania\" \/>\n\t<meta name=\"twitter:data1\" content=\"3 min\u00faty\" \/>\n<script type=\"application\/ld+json\" class=\"yoast-schema-graph\">{\"@context\":\"https:\\\/\\\/schema.org\",\"@graph\":[{\"@type\":\"WebPage\",\"@id\":\"https:\\\/\\\/www.cantonuovo.org\\\/sk\\\/podujatia-a-stretnutia\\\/\",\"url\":\"https:\\\/\\\/www.cantonuovo.org\\\/sk\\\/podujatia-a-stretnutia\\\/\",\"name\":\"STRETNUTIA - Fondazione Cantonuovo\",\"isPartOf\":{\"@id\":\"https:\\\/\\\/www.cantonuovo.org\\\/sk\\\/#website\"},\"primaryImageOfPage\":{\"@id\":\"https:\\\/\\\/www.cantonuovo.org\\\/sk\\\/podujatia-a-stretnutia\\\/#primaryimage\"},\"image\":{\"@id\":\"https:\\\/\\\/www.cantonuovo.org\\\/sk\\\/podujatia-a-stretnutia\\\/#primaryimage\"},\"thumbnailUrl\":\"https:\\\/\\\/www.cantonuovo.org\\\/wp-content\\\/uploads\\\/2019\\\/04\\\/Seminario-Cantonuovo-37.jpg\",\"datePublished\":\"2019-04-14T21:35:55+00:00\",\"dateModified\":\"2026-04-08T15:37:23+00:00\",\"breadcrumb\":{\"@id\":\"https:\\\/\\\/www.cantonuovo.org\\\/sk\\\/podujatia-a-stretnutia\\\/#breadcrumb\"},\"inLanguage\":\"sk-SK\",\"potentialAction\":[{\"@type\":\"ReadAction\",\"target\":[\"https:\\\/\\\/www.cantonuovo.org\\\/sk\\\/podujatia-a-stretnutia\\\/\"]}]},{\"@type\":\"ImageObject\",\"inLanguage\":\"sk-SK\",\"@id\":\"https:\\\/\\\/www.cantonuovo.org\\\/sk\\\/podujatia-a-stretnutia\\\/#primaryimage\",\"url\":\"https:\\\/\\\/www.cantonuovo.org\\\/wp-content\\\/uploads\\\/2019\\\/04\\\/Seminario-Cantonuovo-37.jpg\",\"contentUrl\":\"https:\\\/\\\/www.cantonuovo.org\\\/wp-content\\\/uploads\\\/2019\\\/04\\\/Seminario-Cantonuovo-37.jpg\",\"width\":6000,\"height\":4000},{\"@type\":\"BreadcrumbList\",\"@id\":\"https:\\\/\\\/www.cantonuovo.org\\\/sk\\\/podujatia-a-stretnutia\\\/#breadcrumb\",\"itemListElement\":[{\"@type\":\"ListItem\",\"position\":1,\"name\":\"Home\",\"item\":\"https:\\\/\\\/www.cantonuovo.org\\\/sk\\\/\"},{\"@type\":\"ListItem\",\"position\":2,\"name\":\"STRETNUTIA\"}]},{\"@type\":\"WebSite\",\"@id\":\"https:\\\/\\\/www.cantonuovo.org\\\/sk\\\/#website\",\"url\":\"https:\\\/\\\/www.cantonuovo.org\\\/sk\\\/\",\"name\":\"Fondazione Cantonuovo\",\"description\":\"Fondazione Cantonuovo\",\"publisher\":{\"@id\":\"https:\\\/\\\/www.cantonuovo.org\\\/sk\\\/#organization\"},\"potentialAction\":[{\"@type\":\"SearchAction\",\"target\":{\"@type\":\"EntryPoint\",\"urlTemplate\":\"https:\\\/\\\/www.cantonuovo.org\\\/sk\\\/?s={search_term_string}\"},\"query-input\":{\"@type\":\"PropertyValueSpecification\",\"valueRequired\":true,\"valueName\":\"search_term_string\"}}],\"inLanguage\":\"sk-SK\"},{\"@type\":\"Organization\",\"@id\":\"https:\\\/\\\/www.cantonuovo.org\\\/sk\\\/#organization\",\"name\":\"Fondazione Cantonuovo\",\"url\":\"https:\\\/\\\/www.cantonuovo.org\\\/sk\\\/\",\"logo\":{\"@type\":\"ImageObject\",\"inLanguage\":\"sk-SK\",\"@id\":\"https:\\\/\\\/www.cantonuovo.org\\\/sk\\\/#\\\/schema\\\/logo\\\/image\\\/\",\"url\":\"https:\\\/\\\/www.cantonuovo.org\\\/wp-content\\\/uploads\\\/2019\\\/01\\\/logo-fondazione-cantonuovo-grigio.png\",\"contentUrl\":\"https:\\\/\\\/www.cantonuovo.org\\\/wp-content\\\/uploads\\\/2019\\\/01\\\/logo-fondazione-cantonuovo-grigio.png\",\"width\":180,\"height\":56,\"caption\":\"Fondazione Cantonuovo\"},\"image\":{\"@id\":\"https:\\\/\\\/www.cantonuovo.org\\\/sk\\\/#\\\/schema\\\/logo\\\/image\\\/\"},\"sameAs\":[\"https:\\\/\\\/www.facebook.com\\\/Fondazione-Cantonuovo-157049929923\\\/\",\"https:\\\/\\\/www.youtube.com\\\/user\\\/cantonuovo\"]}]}<\/script>\n<!-- \/ Yoast SEO plugin. -->","yoast_head_json":{"title":"STRETNUTIA - Fondazione Cantonuovo","robots":{"index":"index","follow":"follow","max-snippet":"max-snippet:-1","max-image-preview":"max-image-preview:large","max-video-preview":"max-video-preview:-1"},"canonical":"https:\/\/www.cantonuovo.org\/sk\/podujatia-a-stretnutia\/","og_locale":"sk_SK","og_type":"article","og_title":"STRETNUTIA - Fondazione Cantonuovo","og_description":"[vc_row equal_height=\u201cyes\u201c content_placement=\u201cmiddle\u201c css=\u201c.vc_custom_1679780373377{border-radius: 35px !important;}\u201c][vc_column css=\u201c.vc_custom_1679847116485{margin-top: -90px !important;}\u201c][vc_column_text el_class=\u201ccenter\u201c css=\u201c.vc_custom_1679846577294{margin-top: -100px !important;}\u201c] Pravideln\u00e9 t\u00fd\u017edenn\u00e9...","og_url":"https:\/\/www.cantonuovo.org\/sk\/podujatia-a-stretnutia\/","og_site_name":"Fondazione Cantonuovo","article_publisher":"https:\/\/www.facebook.com\/Fondazione-Cantonuovo-157049929923\/","article_modified_time":"2026-04-08T15:37:23+00:00","og_image":[{"url":"https:\/\/www.cantonuovo.org\/wp-content\/uploads\/2019\/04\/Seminario-Cantonuovo-37.jpg","width":6000,"height":4000,"type":"image\/jpeg"}],"twitter_card":"summary_large_image","twitter_misc":{"Predpokladan\u00fd \u010das \u010d\u00edtania":"3 min\u00faty"},"schema":{"@context":"https:\/\/schema.org","@graph":[{"@type":"WebPage","@id":"https:\/\/www.cantonuovo.org\/sk\/podujatia-a-stretnutia\/","url":"https:\/\/www.cantonuovo.org\/sk\/podujatia-a-stretnutia\/","name":"STRETNUTIA - Fondazione Cantonuovo","isPartOf":{"@id":"https:\/\/www.cantonuovo.org\/sk\/#website"},"primaryImageOfPage":{"@id":"https:\/\/www.cantonuovo.org\/sk\/podujatia-a-stretnutia\/#primaryimage"},"image":{"@id":"https:\/\/www.cantonuovo.org\/sk\/podujatia-a-stretnutia\/#primaryimage"},"thumbnailUrl":"https:\/\/www.cantonuovo.org\/wp-content\/uploads\/2019\/04\/Seminario-Cantonuovo-37.jpg","datePublished":"2019-04-14T21:35:55+00:00","dateModified":"2026-04-08T15:37:23+00:00","breadcrumb":{"@id":"https:\/\/www.cantonuovo.org\/sk\/podujatia-a-stretnutia\/#breadcrumb"},"inLanguage":"sk-SK","potentialAction":[{"@type":"ReadAction","target":["https:\/\/www.cantonuovo.org\/sk\/podujatia-a-stretnutia\/"]}]},{"@type":"ImageObject","inLanguage":"sk-SK","@id":"https:\/\/www.cantonuovo.org\/sk\/podujatia-a-stretnutia\/#primaryimage","url":"https:\/\/www.cantonuovo.org\/wp-content\/uploads\/2019\/04\/Seminario-Cantonuovo-37.jpg","contentUrl":"https:\/\/www.cantonuovo.org\/wp-content\/uploads\/2019\/04\/Seminario-Cantonuovo-37.jpg","width":6000,"height":4000},{"@type":"BreadcrumbList","@id":"https:\/\/www.cantonuovo.org\/sk\/podujatia-a-stretnutia\/#breadcrumb","itemListElement":[{"@type":"ListItem","position":1,"name":"Home","item":"https:\/\/www.cantonuovo.org\/sk\/"},{"@type":"ListItem","position":2,"name":"STRETNUTIA"}]},{"@type":"WebSite","@id":"https:\/\/www.cantonuovo.org\/sk\/#website","url":"https:\/\/www.cantonuovo.org\/sk\/","name":"Fondazione Cantonuovo","description":"Fondazione Cantonuovo","publisher":{"@id":"https:\/\/www.cantonuovo.org\/sk\/#organization"},"potentialAction":[{"@type":"SearchAction","target":{"@type":"EntryPoint","urlTemplate":"https:\/\/www.cantonuovo.org\/sk\/?s={search_term_string}"},"query-input":{"@type":"PropertyValueSpecification","valueRequired":true,"valueName":"search_term_string"}}],"inLanguage":"sk-SK"},{"@type":"Organization","@id":"https:\/\/www.cantonuovo.org\/sk\/#organization","name":"Fondazione Cantonuovo","url":"https:\/\/www.cantonuovo.org\/sk\/","logo":{"@type":"ImageObject","inLanguage":"sk-SK","@id":"https:\/\/www.cantonuovo.org\/sk\/#\/schema\/logo\/image\/","url":"https:\/\/www.cantonuovo.org\/wp-content\/uploads\/2019\/01\/logo-fondazione-cantonuovo-grigio.png","contentUrl":"https:\/\/www.cantonuovo.org\/wp-content\/uploads\/2019\/01\/logo-fondazione-cantonuovo-grigio.png","width":180,"height":56,"caption":"Fondazione Cantonuovo"},"image":{"@id":"https:\/\/www.cantonuovo.org\/sk\/#\/schema\/logo\/image\/"},"sameAs":["https:\/\/www.facebook.com\/Fondazione-Cantonuovo-157049929923\/","https:\/\/www.youtube.com\/user\/cantonuovo"]}]}},"_links":{"self":[{"href":"https:\/\/www.cantonuovo.org\/sk\/wp-json\/wp\/v2\/pages\/5693","targetHints":{"allow":["GET"]}}],"collection":[{"href":"https:\/\/www.cantonuovo.org\/sk\/wp-json\/wp\/v2\/pages"}],"about":[{"href":"https:\/\/www.cantonuovo.org\/sk\/wp-json\/wp\/v2\/types\/page"}],"author":[{"embeddable":true,"href":"https:\/\/www.cantonuovo.org\/sk\/wp-json\/wp\/v2\/users\/6"}],"replies":[{"embeddable":true,"href":"https:\/\/www.cantonuovo.org\/sk\/wp-json\/wp\/v2\/comments?post=5693"}],"version-history":[{"count":100,"href":"https:\/\/www.cantonuovo.org\/sk\/wp-json\/wp\/v2\/pages\/5693\/revisions"}],"predecessor-version":[{"id":20025,"href":"https:\/\/www.cantonuovo.org\/sk\/wp-json\/wp\/v2\/pages\/5693\/revisions\/20025"}],"wp:featuredmedia":[{"embeddable":true,"href":"https:\/\/www.cantonuovo.org\/sk\/wp-json\/wp\/v2\/media\/5694"}],"wp:attachment":[{"href":"https:\/\/www.cantonuovo.org\/sk\/wp-json\/wp\/v2\/media?parent=5693"}],"curies":[{"name":"wp","href":"https:\/\/api.w.org\/{rel}","templated":true}]}}