{"id":5895,"date":"2019-03-19T08:33:39","date_gmt":"2019-03-19T07:33:39","guid":{"rendered":"https:\/\/www.cantonuovo.org\/?page_id=5895"},"modified":"2019-06-07T12:05:42","modified_gmt":"2019-06-07T10:05:42","slug":"kontakty","status":"publish","type":"page","link":"https:\/\/www.cantonuovo.org\/sk\/kontakty\/","title":{"rendered":"Kontakty"},"content":{"rendered":"<section class=\"wpb-content-wrapper\"><p>[vc_row full_width=\u201cstretch_row\u201c gap=\u201c35\u2033 equal_height=\u201cyes\u201c content_placement=\u201cmiddle\u201c css=\u201c.vc_custom_1550697262885{padding-top: 2% !important;padding-bottom: 2% !important;background-color: #826d84 !important;}\u201c][vc_column][vc_column_text css_animation=\u201cfadeIn\u201c el_class=\u201cwhite center\u201c css=\u201c.vc_custom_1556909560236{padding-top: 5% !important;padding-right: 5% !important;padding-bottom: 5% !important;padding-left: 5% !important;}\u201c]<\/p>\n<h3>Kontakty<\/h3>\n<p>[\/vc_column_text][\/vc_column][\/vc_row][vc_row full_width=\u201cstretch_row\u201c gap=\u201c35\u2033 css_animation=\u201cfadeIn\u201c css=\u201c.vc_custom_1553198268045{padding-top: 100px !important;padding-bottom: 100px !important;background-color: rgba(130,109,132,0.57) !important;*background-color: rgb(130,109,132) !important;}\u201c][vc_column width=\u201c7\/12\u2033 css=\u201c.vc_custom_1553196964325{padding: 25px !important;background-color: #f1f1f1 !important;border-radius: 5px !important;}\u201c][vc_separator color=\u201cblack\u201c style=\u201cdotted\u201c css_animation=\u201cfadeIn\u201c css=\u201c.vc_custom_1553197875933{margin-top: 0px !important;margin-bottom: 0px !important;padding-top: 5px !important;padding-bottom: 5px !important;}\u201c][vc_column_text css=\u201c.vc_custom_1556909631090{padding-top: 25px !important;}\u201c]Ak n\u00e1s chcete kontaktova\u0165, m\u00f4\u017eete vyplni\u0165 nasleduj\u00faci formul\u00e1r. V\u017edy odpoved\u00e1me v\u0161etk\u00fdm. Niekedy to m\u00f4\u017ee trva\u0165 nieko\u013eko dn\u00ed, najm\u00e4 ak sme na misii.[\/vc_column_text][vc_separator color=\u201cblack\u201c style=\u201cdotted\u201c css_animation=\u201cfadeIn\u201c css=\u201c.vc_custom_1553197871289{margin-top: 0px !important;margin-bottom: 0px !important;padding-top: 5px !important;padding-bottom: 5px !important;}\u201c]\n<div class=\"wpcf7 no-js\" id=\"wpcf7-f7506-o1\" lang=\"\" dir=\"ltr\" data-wpcf7-id=\"7506\">\n<div class=\"screen-reader-response\"><p role=\"status\" aria-live=\"polite\" aria-atomic=\"true\"><\/p> <ul><\/ul><\/div>\n<form action=\"\/sk\/wp-json\/wp\/v2\/pages\/5895#wpcf7-f7506-o1\" method=\"post\" class=\"wpcf7-form init\" aria-label=\"Kontaktn\u00fd formul\u00e1r\" novalidate=\"novalidate\" data-status=\"init\">\n<fieldset class=\"hidden-fields-container\"><input type=\"hidden\" name=\"_wpcf7\" value=\"7506\" \/><input type=\"hidden\" name=\"_wpcf7_version\" value=\"6.1.5\" \/><input type=\"hidden\" name=\"_wpcf7_locale\" value=\"\" \/><input type=\"hidden\" name=\"_wpcf7_unit_tag\" value=\"wpcf7-f7506-o1\" \/><input type=\"hidden\" name=\"_wpcf7_container_post\" value=\"0\" \/><input type=\"hidden\" name=\"_wpcf7_posted_data_hash\" value=\"\" \/>\n<\/fieldset>\n<div class=\"wpcf7-turnstile cf-turnstile\" data-sitekey=\"0x4AAAAAACI6dCQfP9OKbIem\" data-response-field-name=\"_wpcf7_turnstile_response\"><\/div>\n\n<div class=\"cf7-style-newsletter\">\n\t<div class=\"row\">\n\t\t<div class=\"col-xs-12\">\n\t\t\t<p><label> Meno (povinn\u00e9) <span class=\"wpcf7-form-control-wrap\" data-name=\"nome\"><input size=\"40\" maxlength=\"400\" class=\"wpcf7-form-control wpcf7-text wpcf7-validates-as-required\" aria-required=\"true\" aria-invalid=\"false\" value=\"\" type=\"text\" name=\"nome\" \/><\/span><\/label>\n\t\t\t<\/p>\n\t\t<\/div>\n\t\t<div class=\"col-xs-12\">\n\t\t\t<p><label> E-mail (povinn\u00e9) <span class=\"wpcf7-form-control-wrap\" data-name=\"email\"><input size=\"40\" maxlength=\"400\" class=\"wpcf7-form-control wpcf7-email wpcf7-validates-as-required wpcf7-text wpcf7-validates-as-email\" aria-required=\"true\" aria-invalid=\"false\" value=\"\" type=\"email\" name=\"email\" \/><\/span> <\/label>\n\t\t\t<\/p>\n\t\t<\/div>\n\t\t<div class=\"col-xs-12\">\n\t\t\t<p><label> Ako ste n\u00e1s spoznali? <span class=\"wpcf7-form-control-wrap\" data-name=\"come\"><select class=\"wpcf7-form-control wpcf7-select\" aria-invalid=\"false\" name=\"come\"><option value=\"Facebook\">Facebook<\/option><option value=\"YouTube\">YouTube<\/option><option value=\"Internet\">Internet<\/option><option value=\"osobn\u00e9 odpor\u00fa\u010danie\">osobn\u00e9 odpor\u00fa\u010danie<\/option><\/select><\/span> <\/label>\n\t\t\t<\/p>\n\t\t<\/div>\n\t\t<div class=\"col-xs-12\">\n\t\t\t<p><label> spr\u00e1va <span class=\"wpcf7-form-control-wrap\" data-name=\"messaggio\"><textarea cols=\"40\" rows=\"10\" maxlength=\"2000\" class=\"wpcf7-form-control wpcf7-textarea\" aria-invalid=\"false\" name=\"messaggio\"><\/textarea><\/span> <\/label>\n\t\t\t<\/p>\n\t\t<\/div>\n\t\t<div class=\"col-xs-12\">\n\t\t\t<p><span class=\"wpcf7-form-control-wrap\" data-name=\"privacy\"><span class=\"wpcf7-form-control wpcf7-acceptance\"><span class=\"wpcf7-list-item\"><input type=\"checkbox\" name=\"privacy\" value=\"1\" aria-invalid=\"false\" \/><\/span><\/span><\/span>\n\t\t\t<\/p>\n\t\t\t<p class=\"small\">S\u00fahlas\u00edm so spracovan\u00edm \u00fadajov na z\u00e1klade <a href=\"\/sk\/privacy-policy\" target=\"_blank\">privacy policy<\/a> tejto str\u00e1nky\n\t\t\t<\/p>\n\t\t<\/div>\n\t\t<div class=\"col-xs-12\">\n\t\t\t<p><input class=\"wpcf7-form-control wpcf7-submit has-spinner\" type=\"submit\" value=\"POSLA\u0164\" \/>\n\t\t\t<\/p>\n\t\t<\/div>\n\t<\/div>\n<\/div><div class=\"wpcf7-response-output\" aria-hidden=\"true\"><\/div>\n<\/form>\n<\/div>\n[\/vc_column][vc_column width=\u201c5\/12\u2033][vc_column_text css=\u201c.vc_custom_1559901698097{padding-bottom: 25px !important;}\u201c]<\/p>\n<h3 style=\"text-align: center;\">Kde sme:<\/h3>\n<p>[\/vc_column_text][vc_column_text css=\u201c.vc_custom_1553198252310{padding: 25px !important;background-color: rgba(255,255,255,0.42) !important;*background-color: rgb(255,255,255) !important;}\u201c]<\/p>\n<p style=\"text-align: center;\"><iframe loading=\"lazy\" style=\"border: 2;\" src=\"https:\/\/www.google.com\/maps\/embed?pb=!1m18!1m12!1m3!1d2902.8485625435483!2d11.352014651198447!3d43.31742948199303!2m3!1f0!2f0!3f0!3m2!1i1024!2i768!4f13.1!3m3!1m2!1s0x132bd3489f83a573%3A0xd3aa8fc225cf612!2sViale+Pietro+Toselli%2C+11%2C+53100+Siena+SI!5e0!3m2!1sen!2sit!4v1553195912365\" width=\"400\" height=\"450\" frameborder=\"0\" allowfullscreen=\"allowfullscreen\"><\/iframe><\/p>\n<p>[\/vc_column_text][\/vc_column][\/vc_row]<\/p>\n<\/section>","protected":false},"excerpt":{"rendered":"<p>[vc_row full_width=\u201cstretch_row\u201c gap=\u201c35\u2033 equal_height=\u201cyes\u201c content_placement=\u201cmiddle\u201c css=\u201c.vc_custom_1550697262885{padding-top: 2% !important;padding-bottom: 2% !important;background-color: #826d84 !important;}\u201c][vc_column][vc_column_text css_animation=\u201cfadeIn\u201c el_class=\u201cwhite center\u201c&#8230;<\/p>\n","protected":false},"author":2,"featured_media":0,"parent":0,"menu_order":0,"comment_status":"closed","ping_status":"closed","template":"visual-composer.php","meta":{"footnotes":""},"class_list":["post-5895","page","type-page","status-publish","hentry"],"yoast_head":"<!-- This site is optimized with the Yoast SEO plugin v27.4 - https:\/\/yoast.com\/product\/yoast-seo-wordpress\/ -->\n<title>Kontakty - Fondazione Cantonuovo<\/title>\n<meta name=\"robots\" content=\"index, follow, max-snippet:-1, max-image-preview:large, max-video-preview:-1\" \/>\n<link rel=\"canonical\" href=\"https:\/\/www.cantonuovo.org\/sk\/kontakty\/\" \/>\n<meta property=\"og:locale\" content=\"sk_SK\" \/>\n<meta property=\"og:type\" content=\"article\" \/>\n<meta property=\"og:title\" content=\"Kontakty - Fondazione Cantonuovo\" \/>\n<meta property=\"og:description\" content=\"[vc_row full_width=\u201cstretch_row\u201c gap=\u201c35\u2033 equal_height=\u201cyes\u201c content_placement=\u201cmiddle\u201c css=\u201c.vc_custom_1550697262885{padding-top: 2% !important;padding-bottom: 2% !important;background-color: #826d84 !important;}\u201c][vc_column][vc_column_text css_animation=\u201cfadeIn\u201c el_class=\u201cwhite center\u201c...\" \/>\n<meta property=\"og:url\" content=\"https:\/\/www.cantonuovo.org\/sk\/kontakty\/\" \/>\n<meta property=\"og:site_name\" content=\"Fondazione Cantonuovo\" \/>\n<meta property=\"article:publisher\" content=\"https:\/\/www.facebook.com\/Fondazione-Cantonuovo-157049929923\/\" \/>\n<meta property=\"article:modified_time\" content=\"2019-06-07T10:05:42+00:00\" \/>\n<meta property=\"og:image\" content=\"https:\/\/www.cantonuovo.org\/wp-content\/uploads\/2024\/10\/Fondazione-Cantonuovo-ETS-e1728726426479.png\" \/>\n\t<meta property=\"og:image:width\" content=\"1200\" \/>\n\t<meta property=\"og:image:height\" content=\"595\" \/>\n\t<meta property=\"og:image:type\" content=\"image\/png\" \/>\n<meta name=\"twitter:card\" content=\"summary_large_image\" \/>\n<meta name=\"twitter:label1\" content=\"Predpokladan\u00fd \u010das \u010d\u00edtania\" \/>\n\t<meta name=\"twitter:data1\" content=\"1 min\u00fata\" \/>\n<script type=\"application\/ld+json\" class=\"yoast-schema-graph\">{\"@context\":\"https:\\\/\\\/schema.org\",\"@graph\":[{\"@type\":\"WebPage\",\"@id\":\"https:\\\/\\\/www.cantonuovo.org\\\/sk\\\/kontakty\\\/\",\"url\":\"https:\\\/\\\/www.cantonuovo.org\\\/sk\\\/kontakty\\\/\",\"name\":\"Kontakty - Fondazione Cantonuovo\",\"isPartOf\":{\"@id\":\"https:\\\/\\\/www.cantonuovo.org\\\/sk\\\/#website\"},\"datePublished\":\"2019-03-19T07:33:39+00:00\",\"dateModified\":\"2019-06-07T10:05:42+00:00\",\"breadcrumb\":{\"@id\":\"https:\\\/\\\/www.cantonuovo.org\\\/sk\\\/kontakty\\\/#breadcrumb\"},\"inLanguage\":\"sk-SK\",\"potentialAction\":[{\"@type\":\"ReadAction\",\"target\":[\"https:\\\/\\\/www.cantonuovo.org\\\/sk\\\/kontakty\\\/\"]}]},{\"@type\":\"BreadcrumbList\",\"@id\":\"https:\\\/\\\/www.cantonuovo.org\\\/sk\\\/kontakty\\\/#breadcrumb\",\"itemListElement\":[{\"@type\":\"ListItem\",\"position\":1,\"name\":\"Home\",\"item\":\"https:\\\/\\\/www.cantonuovo.org\\\/sk\\\/\"},{\"@type\":\"ListItem\",\"position\":2,\"name\":\"Kontakty\"}]},{\"@type\":\"WebSite\",\"@id\":\"https:\\\/\\\/www.cantonuovo.org\\\/sk\\\/#website\",\"url\":\"https:\\\/\\\/www.cantonuovo.org\\\/sk\\\/\",\"name\":\"Fondazione Cantonuovo\",\"description\":\"Fondazione Cantonuovo\",\"publisher\":{\"@id\":\"https:\\\/\\\/www.cantonuovo.org\\\/sk\\\/#organization\"},\"potentialAction\":[{\"@type\":\"SearchAction\",\"target\":{\"@type\":\"EntryPoint\",\"urlTemplate\":\"https:\\\/\\\/www.cantonuovo.org\\\/sk\\\/?s={search_term_string}\"},\"query-input\":{\"@type\":\"PropertyValueSpecification\",\"valueRequired\":true,\"valueName\":\"search_term_string\"}}],\"inLanguage\":\"sk-SK\"},{\"@type\":\"Organization\",\"@id\":\"https:\\\/\\\/www.cantonuovo.org\\\/sk\\\/#organization\",\"name\":\"Fondazione Cantonuovo\",\"url\":\"https:\\\/\\\/www.cantonuovo.org\\\/sk\\\/\",\"logo\":{\"@type\":\"ImageObject\",\"inLanguage\":\"sk-SK\",\"@id\":\"https:\\\/\\\/www.cantonuovo.org\\\/sk\\\/#\\\/schema\\\/logo\\\/image\\\/\",\"url\":\"https:\\\/\\\/www.cantonuovo.org\\\/wp-content\\\/uploads\\\/2019\\\/01\\\/logo-fondazione-cantonuovo-grigio.png\",\"contentUrl\":\"https:\\\/\\\/www.cantonuovo.org\\\/wp-content\\\/uploads\\\/2019\\\/01\\\/logo-fondazione-cantonuovo-grigio.png\",\"width\":180,\"height\":56,\"caption\":\"Fondazione Cantonuovo\"},\"image\":{\"@id\":\"https:\\\/\\\/www.cantonuovo.org\\\/sk\\\/#\\\/schema\\\/logo\\\/image\\\/\"},\"sameAs\":[\"https:\\\/\\\/www.facebook.com\\\/Fondazione-Cantonuovo-157049929923\\\/\",\"https:\\\/\\\/www.youtube.com\\\/user\\\/cantonuovo\"]}]}<\/script>\n<!-- \/ Yoast SEO plugin. -->","yoast_head_json":{"title":"Kontakty - Fondazione Cantonuovo","robots":{"index":"index","follow":"follow","max-snippet":"max-snippet:-1","max-image-preview":"max-image-preview:large","max-video-preview":"max-video-preview:-1"},"canonical":"https:\/\/www.cantonuovo.org\/sk\/kontakty\/","og_locale":"sk_SK","og_type":"article","og_title":"Kontakty - Fondazione Cantonuovo","og_description":"[vc_row full_width=\u201cstretch_row\u201c gap=\u201c35\u2033 equal_height=\u201cyes\u201c content_placement=\u201cmiddle\u201c css=\u201c.vc_custom_1550697262885{padding-top: 2% !important;padding-bottom: 2% !important;background-color: #826d84 !important;}\u201c][vc_column][vc_column_text css_animation=\u201cfadeIn\u201c el_class=\u201cwhite center\u201c...","og_url":"https:\/\/www.cantonuovo.org\/sk\/kontakty\/","og_site_name":"Fondazione Cantonuovo","article_publisher":"https:\/\/www.facebook.com\/Fondazione-Cantonuovo-157049929923\/","article_modified_time":"2019-06-07T10:05:42+00:00","og_image":[{"width":1200,"height":595,"url":"https:\/\/www.cantonuovo.org\/wp-content\/uploads\/2024\/10\/Fondazione-Cantonuovo-ETS-e1728726426479.png","type":"image\/png"}],"twitter_card":"summary_large_image","twitter_misc":{"Predpokladan\u00fd \u010das \u010d\u00edtania":"1 min\u00fata"},"schema":{"@context":"https:\/\/schema.org","@graph":[{"@type":"WebPage","@id":"https:\/\/www.cantonuovo.org\/sk\/kontakty\/","url":"https:\/\/www.cantonuovo.org\/sk\/kontakty\/","name":"Kontakty - Fondazione Cantonuovo","isPartOf":{"@id":"https:\/\/www.cantonuovo.org\/sk\/#website"},"datePublished":"2019-03-19T07:33:39+00:00","dateModified":"2019-06-07T10:05:42+00:00","breadcrumb":{"@id":"https:\/\/www.cantonuovo.org\/sk\/kontakty\/#breadcrumb"},"inLanguage":"sk-SK","potentialAction":[{"@type":"ReadAction","target":["https:\/\/www.cantonuovo.org\/sk\/kontakty\/"]}]},{"@type":"BreadcrumbList","@id":"https:\/\/www.cantonuovo.org\/sk\/kontakty\/#breadcrumb","itemListElement":[{"@type":"ListItem","position":1,"name":"Home","item":"https:\/\/www.cantonuovo.org\/sk\/"},{"@type":"ListItem","position":2,"name":"Kontakty"}]},{"@type":"WebSite","@id":"https:\/\/www.cantonuovo.org\/sk\/#website","url":"https:\/\/www.cantonuovo.org\/sk\/","name":"Fondazione Cantonuovo","description":"Fondazione Cantonuovo","publisher":{"@id":"https:\/\/www.cantonuovo.org\/sk\/#organization"},"potentialAction":[{"@type":"SearchAction","target":{"@type":"EntryPoint","urlTemplate":"https:\/\/www.cantonuovo.org\/sk\/?s={search_term_string}"},"query-input":{"@type":"PropertyValueSpecification","valueRequired":true,"valueName":"search_term_string"}}],"inLanguage":"sk-SK"},{"@type":"Organization","@id":"https:\/\/www.cantonuovo.org\/sk\/#organization","name":"Fondazione Cantonuovo","url":"https:\/\/www.cantonuovo.org\/sk\/","logo":{"@type":"ImageObject","inLanguage":"sk-SK","@id":"https:\/\/www.cantonuovo.org\/sk\/#\/schema\/logo\/image\/","url":"https:\/\/www.cantonuovo.org\/wp-content\/uploads\/2019\/01\/logo-fondazione-cantonuovo-grigio.png","contentUrl":"https:\/\/www.cantonuovo.org\/wp-content\/uploads\/2019\/01\/logo-fondazione-cantonuovo-grigio.png","width":180,"height":56,"caption":"Fondazione Cantonuovo"},"image":{"@id":"https:\/\/www.cantonuovo.org\/sk\/#\/schema\/logo\/image\/"},"sameAs":["https:\/\/www.facebook.com\/Fondazione-Cantonuovo-157049929923\/","https:\/\/www.youtube.com\/user\/cantonuovo"]}]}},"_links":{"self":[{"href":"https:\/\/www.cantonuovo.org\/sk\/wp-json\/wp\/v2\/pages\/5895","targetHints":{"allow":["GET"]}}],"collection":[{"href":"https:\/\/www.cantonuovo.org\/sk\/wp-json\/wp\/v2\/pages"}],"about":[{"href":"https:\/\/www.cantonuovo.org\/sk\/wp-json\/wp\/v2\/types\/page"}],"author":[{"embeddable":true,"href":"https:\/\/www.cantonuovo.org\/sk\/wp-json\/wp\/v2\/users\/2"}],"replies":[{"embeddable":true,"href":"https:\/\/www.cantonuovo.org\/sk\/wp-json\/wp\/v2\/comments?post=5895"}],"version-history":[{"count":0,"href":"https:\/\/www.cantonuovo.org\/sk\/wp-json\/wp\/v2\/pages\/5895\/revisions"}],"wp:attachment":[{"href":"https:\/\/www.cantonuovo.org\/sk\/wp-json\/wp\/v2\/media?parent=5895"}],"curies":[{"name":"wp","href":"https:\/\/api.w.org\/{rel}","templated":true}]}}