{"id":6797,"date":"2019-02-12T21:09:16","date_gmt":"2019-02-12T20:09:16","guid":{"rendered":"https:\/\/www.cantonuovo.org\/?page_id=6797"},"modified":"2019-06-07T10:59:54","modified_gmt":"2019-06-07T08:59:54","slug":"angela-tancredi","status":"publish","type":"page","link":"https:\/\/www.cantonuovo.org\/sk\/kto-sme-historia\/angela-tancredi\/","title":{"rendered":"Angela Tancredi"},"content":{"rendered":"<section class=\"wpb-content-wrapper\"><p>[vc_row full_width=&#8220;stretch_row&#8220; gap=&#8220;35&#8243; equal_height=&#8220;yes&#8220; content_placement=&#8220;middle&#8220; css=&#8220;.vc_custom_1549998884201{padding-top: 2% !important;padding-bottom: 2% !important;background-color: #816C84 !important;}&#8220;][vc_column][vc_column_text css_animation=&#8220;fadeIn&#8220; el_class=&#8220;white center&#8220; css=&#8220;.vc_custom_1550001859234{padding-top: 5% !important;padding-right: 5% !important;padding-bottom: 5% !important;padding-left: 5% !important;}&#8220;]<\/p>\n<h3>Angela Tancredi<\/h3>\n<p>[\/vc_column_text][\/vc_column][\/vc_row][vc_row gap=&#8220;35&#8243; equal_height=&#8220;yes&#8220; content_placement=&#8220;middle&#8220;][vc_column width=&#8220;1\/2&#8243;][vc_single_image image=&#8220;2635&#8243; img_size=&#8220;full&#8220; alignment=&#8220;center&#8220; css_animation=&#8220;fadeIn&#8220;][\/vc_column][vc_column width=&#8220;1\/2&#8243;][vc_column_text]Angela Tancredi sa narodila v talianskom Chianciano Terme. Je spev\u00e1\u010dkou od roku 1983.<\/p>\n<p>Krst v Duchu Sv\u00e4tom prijala 12. novembra 2000.<\/p>\n<p>V roku 2000 so svoj\u00edm man\u017eelom Fabriziom a so \u0161vagrom Mauriziom zalo\u017eili v Siene naddenomina\u010dn\u00e9 kres\u0165ansk\u00e9 spolo\u010denstvo-komunitu &#8222;Cantonuovo&#8220;, ktor\u00e9 ved\u00fa a podporuj\u00fa v Taliansku i na Slovensku.<\/p>\n<p>Od roku 2001 spieva na dom\u00e1cich a medzin\u00e1rodn\u00fdch koncertoch, konferenci\u00e1ch, semin\u00e1roch a \u0161kol\u00e1ch o kr\u00e1\u013eovstve Bo\u017eom.<\/p>\n<p>V roku 2009, spolo\u010dne s Fabriziom a\u00a0Mauriziom, zalo\u017eili neziskov\u00fa organiz\u00e1ciu &#8222;Fondazione Cantonuovo&#8220; (www.cantonuovo.org), ktorej je viceprezidentkou.[\/vc_column_text][\/vc_column][\/vc_row][vc_row gap=&#8220;35&#8243; equal_height=&#8220;yes&#8220; rtl_reverse=&#8220;yes&#8220; content_placement=&#8220;middle&#8220;][vc_column width=&#8220;1\/6&#8243;][\/vc_column][vc_column width=&#8220;2\/3&#8243;][vc_single_image image=&#8220;2663&#8243; img_size=&#8220;full&#8220; alignment=&#8220;center&#8220; css_animation=&#8220;fadeIn&#8220;][vc_column_text]Od roku 1990 p\u00f4sobila ako s\u00f3listka a v r\u00e1mci Talianska spievala v mnoh\u00fdch kluboch so \u017eivou hudbou live, na hudobn\u00fdch medzin\u00e1rodn\u00fdch festivaloch, ako s\u00fa &#8222;Porretta soul festival&#8220; a &#8222;Torrita blues&#8220; s kapelou Funk a Soul. St\u00e1le ako s\u00f3lov\u00e1 spev\u00e1\u010dka spievala v duo form\u00e1ci\u00e1ch ale aj v kapele so 14 \u010dlenmi. Po svojom osobnom obr\u00e1ten\u00ed sa k Je\u017ei\u0161ovi v roku 2000 sa venuje len spevu chv\u00e1ly a uctievania, \u010do je doteraz jej v\u00e1\u0161\u0148ou.<\/p>\n<p>Ako s\u00f3listka naspievala sedem albumov: Splendido (N\u00e1dhern\u00fd) (2006); God of Hope (Boh n\u00e1deje) (2007); Salmo Nuovo (Nov\u00fd \u017ealm) 2010 (2010); New Psalm 2010 (Nov\u00fd \u017ealm 2010) (2011); Reset (2012); Respiro Live (Dych Live) (2015); CantoNuovo (Nov\u00e1 piese\u0148) (2019). Je tie\u017e spoluautorkou a zborovu spev\u00e1\u010dkouv mnoh\u00fdch skladb\u00e1ch vo vy\u0161\u0161ie uveden\u00fdch albumoch.[\/vc_column_text][vc_single_image image=&#8220;3373&#8243; img_size=&#8220;full&#8220; alignment=&#8220;center&#8220; css_animation=&#8220;fadeIn&#8220;][vc_column_text]Spolu so svoj\u00edm man\u017eelom robia koncerty chv\u00e1l v Taliansku aj v zahrani\u010d\u00ed, kde tie\u017e spieva ako s\u00f3lov\u00e1 spev\u00e1\u010dka.<\/p>\n<p>Angela sa venuje slu\u017ebe chv\u00e1l a uctievania spolu s man\u017eelom Fabriziom, je matkou dvoch n\u00e1dhern\u00fdch dc\u00e9r Glorie a Elisabetty.[\/vc_column_text][\/vc_column][vc_column width=&#8220;1\/6&#8243;][\/vc_column][\/vc_row][vc_row][vc_column][vc_single_image image=&#8220;2220&#8243; img_size=&#8220;full&#8220; alignment=&#8220;center&#8220; css_animation=&#8220;fadeIn&#8220; css=&#8220;.vc_custom_1550002362746{padding-top: 5% !important;padding-bottom: 5% !important;}&#8220;][\/vc_column][\/vc_row]<\/p>\n<\/section>","protected":false},"excerpt":{"rendered":"<p>[vc_row full_width=&#8220;stretch_row&#8220; gap=&#8220;35&#8243; equal_height=&#8220;yes&#8220; content_placement=&#8220;middle&#8220; css=&#8220;.vc_custom_1549998884201{padding-top: 2% !important;padding-bottom: 2% !important;background-color: #816C84 !important;}&#8220;][vc_column][vc_column_text css_animation=&#8220;fadeIn&#8220; el_class=&#8220;white center&#8220;&#8230;<\/p>\n","protected":false},"author":6,"featured_media":0,"parent":6830,"menu_order":0,"comment_status":"closed","ping_status":"closed","template":"homepage.php","meta":{"footnotes":""},"class_list":["post-6797","page","type-page","status-publish","hentry"],"yoast_head":"<!-- This site is optimized with the Yoast SEO plugin v27.4 - https:\/\/yoast.com\/product\/yoast-seo-wordpress\/ -->\n<title>Angela Tancredi - Fondazione Cantonuovo<\/title>\n<meta name=\"robots\" content=\"index, follow, max-snippet:-1, max-image-preview:large, max-video-preview:-1\" \/>\n<link rel=\"canonical\" href=\"https:\/\/www.cantonuovo.org\/sk\/kto-sme-historia\/angela-tancredi\/\" \/>\n<meta property=\"og:locale\" content=\"sk_SK\" \/>\n<meta property=\"og:type\" content=\"article\" \/>\n<meta property=\"og:title\" content=\"Angela Tancredi - Fondazione Cantonuovo\" \/>\n<meta property=\"og:description\" content=\"[vc_row full_width=&#8220;stretch_row&#8220; gap=&#8220;35&#8243; equal_height=&#8220;yes&#8220; content_placement=&#8220;middle&#8220; css=&#8220;.vc_custom_1549998884201{padding-top: 2% !important;padding-bottom: 2% !important;background-color: #816C84 !important;}&#8220;][vc_column][vc_column_text css_animation=&#8220;fadeIn&#8220; el_class=&#8220;white center&#8220;...\" \/>\n<meta property=\"og:url\" content=\"https:\/\/www.cantonuovo.org\/sk\/kto-sme-historia\/angela-tancredi\/\" \/>\n<meta property=\"og:site_name\" content=\"Fondazione Cantonuovo\" \/>\n<meta property=\"article:publisher\" content=\"https:\/\/www.facebook.com\/Fondazione-Cantonuovo-157049929923\/\" \/>\n<meta property=\"article:modified_time\" content=\"2019-06-07T08:59:54+00:00\" \/>\n<meta property=\"og:image\" content=\"https:\/\/www.cantonuovo.org\/wp-content\/uploads\/2024\/10\/Fondazione-Cantonuovo-ETS-e1728726426479.png\" \/>\n\t<meta property=\"og:image:width\" content=\"1200\" \/>\n\t<meta property=\"og:image:height\" content=\"595\" \/>\n\t<meta property=\"og:image:type\" content=\"image\/png\" \/>\n<meta name=\"twitter:card\" content=\"summary_large_image\" \/>\n<meta name=\"twitter:label1\" content=\"Predpokladan\u00fd \u010das \u010d\u00edtania\" \/>\n\t<meta name=\"twitter:data1\" content=\"2 min\u00faty\" \/>\n<script type=\"application\/ld+json\" class=\"yoast-schema-graph\">{\"@context\":\"https:\\\/\\\/schema.org\",\"@graph\":[{\"@type\":\"WebPage\",\"@id\":\"https:\\\/\\\/www.cantonuovo.org\\\/sk\\\/kto-sme-historia\\\/angela-tancredi\\\/\",\"url\":\"https:\\\/\\\/www.cantonuovo.org\\\/sk\\\/kto-sme-historia\\\/angela-tancredi\\\/\",\"name\":\"Angela Tancredi - Fondazione Cantonuovo\",\"isPartOf\":{\"@id\":\"https:\\\/\\\/www.cantonuovo.org\\\/sk\\\/#website\"},\"datePublished\":\"2019-02-12T20:09:16+00:00\",\"dateModified\":\"2019-06-07T08:59:54+00:00\",\"breadcrumb\":{\"@id\":\"https:\\\/\\\/www.cantonuovo.org\\\/sk\\\/kto-sme-historia\\\/angela-tancredi\\\/#breadcrumb\"},\"inLanguage\":\"sk-SK\",\"potentialAction\":[{\"@type\":\"ReadAction\",\"target\":[\"https:\\\/\\\/www.cantonuovo.org\\\/sk\\\/kto-sme-historia\\\/angela-tancredi\\\/\"]}]},{\"@type\":\"BreadcrumbList\",\"@id\":\"https:\\\/\\\/www.cantonuovo.org\\\/sk\\\/kto-sme-historia\\\/angela-tancredi\\\/#breadcrumb\",\"itemListElement\":[{\"@type\":\"ListItem\",\"position\":1,\"name\":\"Home\",\"item\":\"https:\\\/\\\/www.cantonuovo.org\\\/sk\\\/\"},{\"@type\":\"ListItem\",\"position\":2,\"name\":\"Angela Tancredi\"}]},{\"@type\":\"WebSite\",\"@id\":\"https:\\\/\\\/www.cantonuovo.org\\\/sk\\\/#website\",\"url\":\"https:\\\/\\\/www.cantonuovo.org\\\/sk\\\/\",\"name\":\"Fondazione Cantonuovo\",\"description\":\"Fondazione Cantonuovo\",\"publisher\":{\"@id\":\"https:\\\/\\\/www.cantonuovo.org\\\/sk\\\/#organization\"},\"potentialAction\":[{\"@type\":\"SearchAction\",\"target\":{\"@type\":\"EntryPoint\",\"urlTemplate\":\"https:\\\/\\\/www.cantonuovo.org\\\/sk\\\/?s={search_term_string}\"},\"query-input\":{\"@type\":\"PropertyValueSpecification\",\"valueRequired\":true,\"valueName\":\"search_term_string\"}}],\"inLanguage\":\"sk-SK\"},{\"@type\":\"Organization\",\"@id\":\"https:\\\/\\\/www.cantonuovo.org\\\/sk\\\/#organization\",\"name\":\"Fondazione Cantonuovo\",\"url\":\"https:\\\/\\\/www.cantonuovo.org\\\/sk\\\/\",\"logo\":{\"@type\":\"ImageObject\",\"inLanguage\":\"sk-SK\",\"@id\":\"https:\\\/\\\/www.cantonuovo.org\\\/sk\\\/#\\\/schema\\\/logo\\\/image\\\/\",\"url\":\"https:\\\/\\\/www.cantonuovo.org\\\/wp-content\\\/uploads\\\/2019\\\/01\\\/logo-fondazione-cantonuovo-grigio.png\",\"contentUrl\":\"https:\\\/\\\/www.cantonuovo.org\\\/wp-content\\\/uploads\\\/2019\\\/01\\\/logo-fondazione-cantonuovo-grigio.png\",\"width\":180,\"height\":56,\"caption\":\"Fondazione Cantonuovo\"},\"image\":{\"@id\":\"https:\\\/\\\/www.cantonuovo.org\\\/sk\\\/#\\\/schema\\\/logo\\\/image\\\/\"},\"sameAs\":[\"https:\\\/\\\/www.facebook.com\\\/Fondazione-Cantonuovo-157049929923\\\/\",\"https:\\\/\\\/www.youtube.com\\\/user\\\/cantonuovo\"]}]}<\/script>\n<!-- \/ Yoast SEO plugin. -->","yoast_head_json":{"title":"Angela Tancredi - Fondazione Cantonuovo","robots":{"index":"index","follow":"follow","max-snippet":"max-snippet:-1","max-image-preview":"max-image-preview:large","max-video-preview":"max-video-preview:-1"},"canonical":"https:\/\/www.cantonuovo.org\/sk\/kto-sme-historia\/angela-tancredi\/","og_locale":"sk_SK","og_type":"article","og_title":"Angela Tancredi - Fondazione Cantonuovo","og_description":"[vc_row full_width=&#8220;stretch_row&#8220; gap=&#8220;35&#8243; equal_height=&#8220;yes&#8220; content_placement=&#8220;middle&#8220; css=&#8220;.vc_custom_1549998884201{padding-top: 2% !important;padding-bottom: 2% !important;background-color: #816C84 !important;}&#8220;][vc_column][vc_column_text css_animation=&#8220;fadeIn&#8220; el_class=&#8220;white center&#8220;...","og_url":"https:\/\/www.cantonuovo.org\/sk\/kto-sme-historia\/angela-tancredi\/","og_site_name":"Fondazione Cantonuovo","article_publisher":"https:\/\/www.facebook.com\/Fondazione-Cantonuovo-157049929923\/","article_modified_time":"2019-06-07T08:59:54+00:00","og_image":[{"width":1200,"height":595,"url":"https:\/\/www.cantonuovo.org\/wp-content\/uploads\/2024\/10\/Fondazione-Cantonuovo-ETS-e1728726426479.png","type":"image\/png"}],"twitter_card":"summary_large_image","twitter_misc":{"Predpokladan\u00fd \u010das \u010d\u00edtania":"2 min\u00faty"},"schema":{"@context":"https:\/\/schema.org","@graph":[{"@type":"WebPage","@id":"https:\/\/www.cantonuovo.org\/sk\/kto-sme-historia\/angela-tancredi\/","url":"https:\/\/www.cantonuovo.org\/sk\/kto-sme-historia\/angela-tancredi\/","name":"Angela Tancredi - Fondazione Cantonuovo","isPartOf":{"@id":"https:\/\/www.cantonuovo.org\/sk\/#website"},"datePublished":"2019-02-12T20:09:16+00:00","dateModified":"2019-06-07T08:59:54+00:00","breadcrumb":{"@id":"https:\/\/www.cantonuovo.org\/sk\/kto-sme-historia\/angela-tancredi\/#breadcrumb"},"inLanguage":"sk-SK","potentialAction":[{"@type":"ReadAction","target":["https:\/\/www.cantonuovo.org\/sk\/kto-sme-historia\/angela-tancredi\/"]}]},{"@type":"BreadcrumbList","@id":"https:\/\/www.cantonuovo.org\/sk\/kto-sme-historia\/angela-tancredi\/#breadcrumb","itemListElement":[{"@type":"ListItem","position":1,"name":"Home","item":"https:\/\/www.cantonuovo.org\/sk\/"},{"@type":"ListItem","position":2,"name":"Angela Tancredi"}]},{"@type":"WebSite","@id":"https:\/\/www.cantonuovo.org\/sk\/#website","url":"https:\/\/www.cantonuovo.org\/sk\/","name":"Fondazione Cantonuovo","description":"Fondazione Cantonuovo","publisher":{"@id":"https:\/\/www.cantonuovo.org\/sk\/#organization"},"potentialAction":[{"@type":"SearchAction","target":{"@type":"EntryPoint","urlTemplate":"https:\/\/www.cantonuovo.org\/sk\/?s={search_term_string}"},"query-input":{"@type":"PropertyValueSpecification","valueRequired":true,"valueName":"search_term_string"}}],"inLanguage":"sk-SK"},{"@type":"Organization","@id":"https:\/\/www.cantonuovo.org\/sk\/#organization","name":"Fondazione Cantonuovo","url":"https:\/\/www.cantonuovo.org\/sk\/","logo":{"@type":"ImageObject","inLanguage":"sk-SK","@id":"https:\/\/www.cantonuovo.org\/sk\/#\/schema\/logo\/image\/","url":"https:\/\/www.cantonuovo.org\/wp-content\/uploads\/2019\/01\/logo-fondazione-cantonuovo-grigio.png","contentUrl":"https:\/\/www.cantonuovo.org\/wp-content\/uploads\/2019\/01\/logo-fondazione-cantonuovo-grigio.png","width":180,"height":56,"caption":"Fondazione Cantonuovo"},"image":{"@id":"https:\/\/www.cantonuovo.org\/sk\/#\/schema\/logo\/image\/"},"sameAs":["https:\/\/www.facebook.com\/Fondazione-Cantonuovo-157049929923\/","https:\/\/www.youtube.com\/user\/cantonuovo"]}]}},"_links":{"self":[{"href":"https:\/\/www.cantonuovo.org\/sk\/wp-json\/wp\/v2\/pages\/6797","targetHints":{"allow":["GET"]}}],"collection":[{"href":"https:\/\/www.cantonuovo.org\/sk\/wp-json\/wp\/v2\/pages"}],"about":[{"href":"https:\/\/www.cantonuovo.org\/sk\/wp-json\/wp\/v2\/types\/page"}],"author":[{"embeddable":true,"href":"https:\/\/www.cantonuovo.org\/sk\/wp-json\/wp\/v2\/users\/6"}],"replies":[{"embeddable":true,"href":"https:\/\/www.cantonuovo.org\/sk\/wp-json\/wp\/v2\/comments?post=6797"}],"version-history":[{"count":0,"href":"https:\/\/www.cantonuovo.org\/sk\/wp-json\/wp\/v2\/pages\/6797\/revisions"}],"up":[{"embeddable":true,"href":"https:\/\/www.cantonuovo.org\/sk\/wp-json\/wp\/v2\/pages\/6830"}],"wp:attachment":[{"href":"https:\/\/www.cantonuovo.org\/sk\/wp-json\/wp\/v2\/media?parent=6797"}],"curies":[{"name":"wp","href":"https:\/\/api.w.org\/{rel}","templated":true}]}}