{"id":6803,"date":"2019-02-12T21:03:15","date_gmt":"2019-02-12T20:03:15","guid":{"rendered":"https:\/\/www.cantonuovo.org\/?page_id=6803"},"modified":"2019-06-07T10:55:46","modified_gmt":"2019-06-07T08:55:46","slug":"fabrizio","status":"publish","type":"page","link":"https:\/\/www.cantonuovo.org\/sk\/kto-sme-historia\/fabrizio\/","title":{"rendered":"Fabrizio Tiezzi"},"content":{"rendered":"<section class=\"wpb-content-wrapper\"><p>[vc_row full_width=&#8220;stretch_row&#8220; gap=&#8220;35&#8243; equal_height=&#8220;yes&#8220; content_placement=&#8220;middle&#8220; css=&#8220;.vc_custom_1550697262885{padding-top: 2% !important;padding-bottom: 2% !important;background-color: #826d84 !important;}&#8220;][vc_column][vc_column_text css_animation=&#8220;fadeIn&#8220; el_class=&#8220;white center&#8220; css=&#8220;.vc_custom_1550001604075{padding-top: 5% !important;padding-right: 5% !important;padding-bottom: 5% !important;padding-left: 5% !important;}&#8220;]<\/p>\n<h3>Fabrizio Tiezzi<\/h3>\n<p>[\/vc_column_text][\/vc_column][\/vc_row][vc_row gap=&#8220;35&#8243; equal_height=&#8220;yes&#8220; content_placement=&#8220;middle&#8220;][vc_column width=&#8220;1\/2&#8243;][vc_single_image image=&#8220;2684&#8243; img_size=&#8220;full&#8220; alignment=&#8220;center&#8220; css_animation=&#8220;fadeIn&#8220;][\/vc_column][vc_column width=&#8220;1\/2&#8243;][vc_column_text]Fabrizio Tiezzi sa narodil v talianskej Siene. Pracuje ako profesion\u00e1lny muzikoterapeut a terapeut GIM. P\u00f4sob\u00ed na p\u00f4de onkohematol\u00f3gie, s \u013eu\u010fmi trpiacimi autizmom a v oblasti osobn\u00e9ho rastu.<\/p>\n<p>12. novembra 2000 prijal krst v Duchu Sv\u00e4tom.<\/p>\n<p>V roku 2000 so svojou man\u017eelkou Angelou a s bratom Mauriziom zalo\u017eili v Siene naddenomina\u010dn\u00e9 kres\u0165ansk\u00e9 spolo\u010denstvo-komunitu &#8222;Cantonuovo&#8220;, ktor\u00e9 ved\u00fa a podporuj\u00fa v Taliansku i na Slovensku.<\/p>\n<p>Od roku 2001 p\u00f4sob\u00ed ako worshipleader a hudobn\u00edk (skladate\u013e a autor) na dom\u00e1cich a medzin\u00e1rodn\u00fdch koncertoch, konferenci\u00e1ch, ako \u0161kolite\u013e na workshopoch pre slu\u017eobn\u00edkov, na semin\u00e1roch a v \u0161kol\u00e1ch o Bo\u017eom kr\u00e1\u013eovstve.<\/p>\n<p>V roku 2009, op\u00e4\u0165 s Angelou a Mauriziom, zalo\u017eil &#8222;Fondazione Cantonuovo&#8220; (www.cantonuovo.org), neziskov\u00fa organiz\u00e1ciu, ktorej je viceprezidentom.[\/vc_column_text][\/vc_column][\/vc_row][vc_row gap=&#8220;35&#8243; equal_height=&#8220;yes&#8220; rtl_reverse=&#8220;yes&#8220; content_placement=&#8220;middle&#8220;][vc_column width=&#8220;1\/6&#8243;][\/vc_column][vc_column width=&#8220;2\/3&#8243;][vc_single_image image=&#8220;2663&#8243; img_size=&#8220;full&#8220; alignment=&#8220;center&#8220; css_animation=&#8220;fadeIn&#8220;][vc_column_text]Jeho v\u00e1\u0161\u0148ou je podporova\u0165 rozvoj duchovn\u00e9ho \u017eivota \u010dloveka, najm\u00e4 za pomoci hudby a zvuku. Fabriziovou hlavnou slu\u017ebou s\u00fa chv\u00e1la a uctievanie. Hudbu pou\u017e\u00edva aj na individu\u00e1lnych stretnutiach, po\u010das ktor\u00fdch pom\u00e1ha \u013eu\u010fom rozpozna\u0165 a za\u017e\u00edva\u0165 ich identitu veriacich t\u00fdm, \u017ee ich povzbudzuje a pom\u00e1ha im vyjadri\u0165 modlitbu autentick\u00fdm sp\u00f4sobom.<\/p>\n<p>Jeho v\u00e1\u0161\u0148ou je pom\u00e1ha\u0165 \u013eu\u010fom, aby &#8211; orientovan\u00ed kres\u0165ansk\u00fdmi hodnotami &#8211; mohli rozv\u00edja\u0165 svoj potenci\u00e1l pre \u0161\u00edrenie \u201enebesk\u00e9ho kr\u00e1\u013eovstva\u201c a aby mohli \u017ei\u0165 svoj pozemsk\u00fd a praktick\u00fd \u017eivot v plnosti Ducha Sv\u00e4t\u00e9ho, ako u\u010den\u00edci Je\u017ei\u0161a.[\/vc_column_text][vc_single_image image=&#8220;3379&#8243; img_size=&#8220;full&#8220; alignment=&#8220;center&#8220; css_animation=&#8220;fadeIn&#8220;][vc_column_text]Ako autor a skladate\u013e zlo\u017eil a publikoval asi 150 skladieb a vydal sedem albumov: Splendido (N\u00e1dhern\u00fd) (2006); God of Hope (Boh n\u00e1deje) (2007); Salmo Nuovo 2010 (Nov\u00fd \u017ealm 2010) (2010); New Psalm 2010 (Nov\u00fd \u017ealm 2010) (2011); Reset (2012); Respiro Live (Dych Live) (2015); CantoNuovo (Nov\u00e1 piese\u0148) (2019).<\/p>\n<p>Nahral asi 200 modlitieb sprev\u00e1dzan\u00fdch hudbou, ktor\u00e9 s\u00fa publikovan\u00e9 na platforme &#8222;SoundCloud&#8220;.[\/vc_column_text][vc_single_image image=&#8220;3381&#8243; img_size=&#8220;full&#8220; alignment=&#8220;center&#8220; css_animation=&#8220;fadeIn&#8220;][vc_column_text]V Taliansku a v zahrani\u010d\u00ed spolu s Angelou, spev\u00e1\u010dkou a spoluautorkou v\u0161etk\u00fdch jeho skladieb, realizuje koncerty chv\u00e1ly ako re\u017eis\u00e9r, hudobn\u00edk, skladate\u013e a spev\u00e1k.<\/p>\n<p>Osobne prispel k rozvoju r\u00f4znych humanit\u00e1rnych projektov v Keni a Ugande, kde bol tie\u017e in\u0161pirovan\u00fd a vy\u0161kolen\u00fd v efekt\u00edvnej slu\u017ebe uzdravenia a oslobodenia.<\/p>\n<p>Fabrizio sa venuje slu\u017ebe chv\u00e1ly a uctievania spolu so svojou man\u017eelkou Angelou, je otcom dvoch n\u00e1dhern\u00fdch dc\u00e9r Glorie a Elisabetty.\u00a0[\/vc_column_text][vc_single_image image=&#8220;2662&#8243; img_size=&#8220;full&#8220; alignment=&#8220;center&#8220; css_animation=&#8220;fadeIn&#8220;][\/vc_column][vc_column width=&#8220;1\/6&#8243;][\/vc_column][\/vc_row][vc_row][vc_column][vc_single_image image=&#8220;2220&#8243; img_size=&#8220;full&#8220; alignment=&#8220;center&#8220; css_animation=&#8220;fadeIn&#8220; css=&#8220;.vc_custom_1550002362746{padding-top: 5% !important;padding-bottom: 5% !important;}&#8220;][\/vc_column][\/vc_row]<\/p>\n<\/section>","protected":false},"excerpt":{"rendered":"<p>[vc_row full_width=&#8220;stretch_row&#8220; gap=&#8220;35&#8243; equal_height=&#8220;yes&#8220; content_placement=&#8220;middle&#8220; css=&#8220;.vc_custom_1550697262885{padding-top: 2% !important;padding-bottom: 2% !important;background-color: #826d84 !important;}&#8220;][vc_column][vc_column_text css_animation=&#8220;fadeIn&#8220; el_class=&#8220;white center&#8220;&#8230;<\/p>\n","protected":false},"author":6,"featured_media":0,"parent":6830,"menu_order":0,"comment_status":"closed","ping_status":"closed","template":"homepage.php","meta":{"footnotes":""},"class_list":["post-6803","page","type-page","status-publish","hentry"],"yoast_head":"<!-- This site is optimized with the Yoast SEO plugin v27.4 - https:\/\/yoast.com\/product\/yoast-seo-wordpress\/ -->\n<title>Fabrizio Tiezzi - Fondazione Cantonuovo<\/title>\n<meta name=\"robots\" content=\"index, follow, max-snippet:-1, max-image-preview:large, max-video-preview:-1\" \/>\n<link rel=\"canonical\" href=\"https:\/\/www.cantonuovo.org\/sk\/kto-sme-historia\/fabrizio\/\" \/>\n<meta property=\"og:locale\" content=\"sk_SK\" \/>\n<meta property=\"og:type\" content=\"article\" \/>\n<meta property=\"og:title\" content=\"Fabrizio Tiezzi - Fondazione Cantonuovo\" \/>\n<meta property=\"og:description\" content=\"[vc_row full_width=&#8220;stretch_row&#8220; gap=&#8220;35&#8243; equal_height=&#8220;yes&#8220; content_placement=&#8220;middle&#8220; css=&#8220;.vc_custom_1550697262885{padding-top: 2% !important;padding-bottom: 2% !important;background-color: #826d84 !important;}&#8220;][vc_column][vc_column_text css_animation=&#8220;fadeIn&#8220; el_class=&#8220;white center&#8220;...\" \/>\n<meta property=\"og:url\" content=\"https:\/\/www.cantonuovo.org\/sk\/kto-sme-historia\/fabrizio\/\" \/>\n<meta property=\"og:site_name\" content=\"Fondazione Cantonuovo\" \/>\n<meta property=\"article:publisher\" content=\"https:\/\/www.facebook.com\/Fondazione-Cantonuovo-157049929923\/\" \/>\n<meta property=\"article:modified_time\" content=\"2019-06-07T08:55:46+00:00\" \/>\n<meta property=\"og:image\" content=\"https:\/\/www.cantonuovo.org\/wp-content\/uploads\/2024\/10\/Fondazione-Cantonuovo-ETS-e1728726426479.png\" \/>\n\t<meta property=\"og:image:width\" content=\"1200\" \/>\n\t<meta property=\"og:image:height\" content=\"595\" \/>\n\t<meta property=\"og:image:type\" content=\"image\/png\" \/>\n<meta name=\"twitter:card\" content=\"summary_large_image\" \/>\n<meta name=\"twitter:label1\" content=\"Predpokladan\u00fd \u010das \u010d\u00edtania\" \/>\n\t<meta name=\"twitter:data1\" content=\"3 min\u00faty\" \/>\n<script type=\"application\/ld+json\" class=\"yoast-schema-graph\">{\"@context\":\"https:\\\/\\\/schema.org\",\"@graph\":[{\"@type\":\"WebPage\",\"@id\":\"https:\\\/\\\/www.cantonuovo.org\\\/sk\\\/kto-sme-historia\\\/fabrizio\\\/\",\"url\":\"https:\\\/\\\/www.cantonuovo.org\\\/sk\\\/kto-sme-historia\\\/fabrizio\\\/\",\"name\":\"Fabrizio Tiezzi - Fondazione Cantonuovo\",\"isPartOf\":{\"@id\":\"https:\\\/\\\/www.cantonuovo.org\\\/sk\\\/#website\"},\"datePublished\":\"2019-02-12T20:03:15+00:00\",\"dateModified\":\"2019-06-07T08:55:46+00:00\",\"breadcrumb\":{\"@id\":\"https:\\\/\\\/www.cantonuovo.org\\\/sk\\\/kto-sme-historia\\\/fabrizio\\\/#breadcrumb\"},\"inLanguage\":\"sk-SK\",\"potentialAction\":[{\"@type\":\"ReadAction\",\"target\":[\"https:\\\/\\\/www.cantonuovo.org\\\/sk\\\/kto-sme-historia\\\/fabrizio\\\/\"]}]},{\"@type\":\"BreadcrumbList\",\"@id\":\"https:\\\/\\\/www.cantonuovo.org\\\/sk\\\/kto-sme-historia\\\/fabrizio\\\/#breadcrumb\",\"itemListElement\":[{\"@type\":\"ListItem\",\"position\":1,\"name\":\"Home\",\"item\":\"https:\\\/\\\/www.cantonuovo.org\\\/sk\\\/\"},{\"@type\":\"ListItem\",\"position\":2,\"name\":\"Fabrizio Tiezzi\"}]},{\"@type\":\"WebSite\",\"@id\":\"https:\\\/\\\/www.cantonuovo.org\\\/sk\\\/#website\",\"url\":\"https:\\\/\\\/www.cantonuovo.org\\\/sk\\\/\",\"name\":\"Fondazione Cantonuovo\",\"description\":\"Fondazione Cantonuovo\",\"publisher\":{\"@id\":\"https:\\\/\\\/www.cantonuovo.org\\\/sk\\\/#organization\"},\"potentialAction\":[{\"@type\":\"SearchAction\",\"target\":{\"@type\":\"EntryPoint\",\"urlTemplate\":\"https:\\\/\\\/www.cantonuovo.org\\\/sk\\\/?s={search_term_string}\"},\"query-input\":{\"@type\":\"PropertyValueSpecification\",\"valueRequired\":true,\"valueName\":\"search_term_string\"}}],\"inLanguage\":\"sk-SK\"},{\"@type\":\"Organization\",\"@id\":\"https:\\\/\\\/www.cantonuovo.org\\\/sk\\\/#organization\",\"name\":\"Fondazione Cantonuovo\",\"url\":\"https:\\\/\\\/www.cantonuovo.org\\\/sk\\\/\",\"logo\":{\"@type\":\"ImageObject\",\"inLanguage\":\"sk-SK\",\"@id\":\"https:\\\/\\\/www.cantonuovo.org\\\/sk\\\/#\\\/schema\\\/logo\\\/image\\\/\",\"url\":\"https:\\\/\\\/www.cantonuovo.org\\\/wp-content\\\/uploads\\\/2019\\\/01\\\/logo-fondazione-cantonuovo-grigio.png\",\"contentUrl\":\"https:\\\/\\\/www.cantonuovo.org\\\/wp-content\\\/uploads\\\/2019\\\/01\\\/logo-fondazione-cantonuovo-grigio.png\",\"width\":180,\"height\":56,\"caption\":\"Fondazione Cantonuovo\"},\"image\":{\"@id\":\"https:\\\/\\\/www.cantonuovo.org\\\/sk\\\/#\\\/schema\\\/logo\\\/image\\\/\"},\"sameAs\":[\"https:\\\/\\\/www.facebook.com\\\/Fondazione-Cantonuovo-157049929923\\\/\",\"https:\\\/\\\/www.youtube.com\\\/user\\\/cantonuovo\"]}]}<\/script>\n<!-- \/ Yoast SEO plugin. -->","yoast_head_json":{"title":"Fabrizio Tiezzi - Fondazione Cantonuovo","robots":{"index":"index","follow":"follow","max-snippet":"max-snippet:-1","max-image-preview":"max-image-preview:large","max-video-preview":"max-video-preview:-1"},"canonical":"https:\/\/www.cantonuovo.org\/sk\/kto-sme-historia\/fabrizio\/","og_locale":"sk_SK","og_type":"article","og_title":"Fabrizio Tiezzi - Fondazione Cantonuovo","og_description":"[vc_row full_width=&#8220;stretch_row&#8220; gap=&#8220;35&#8243; equal_height=&#8220;yes&#8220; content_placement=&#8220;middle&#8220; css=&#8220;.vc_custom_1550697262885{padding-top: 2% !important;padding-bottom: 2% !important;background-color: #826d84 !important;}&#8220;][vc_column][vc_column_text css_animation=&#8220;fadeIn&#8220; el_class=&#8220;white center&#8220;...","og_url":"https:\/\/www.cantonuovo.org\/sk\/kto-sme-historia\/fabrizio\/","og_site_name":"Fondazione Cantonuovo","article_publisher":"https:\/\/www.facebook.com\/Fondazione-Cantonuovo-157049929923\/","article_modified_time":"2019-06-07T08:55:46+00:00","og_image":[{"width":1200,"height":595,"url":"https:\/\/www.cantonuovo.org\/wp-content\/uploads\/2024\/10\/Fondazione-Cantonuovo-ETS-e1728726426479.png","type":"image\/png"}],"twitter_card":"summary_large_image","twitter_misc":{"Predpokladan\u00fd \u010das \u010d\u00edtania":"3 min\u00faty"},"schema":{"@context":"https:\/\/schema.org","@graph":[{"@type":"WebPage","@id":"https:\/\/www.cantonuovo.org\/sk\/kto-sme-historia\/fabrizio\/","url":"https:\/\/www.cantonuovo.org\/sk\/kto-sme-historia\/fabrizio\/","name":"Fabrizio Tiezzi - Fondazione Cantonuovo","isPartOf":{"@id":"https:\/\/www.cantonuovo.org\/sk\/#website"},"datePublished":"2019-02-12T20:03:15+00:00","dateModified":"2019-06-07T08:55:46+00:00","breadcrumb":{"@id":"https:\/\/www.cantonuovo.org\/sk\/kto-sme-historia\/fabrizio\/#breadcrumb"},"inLanguage":"sk-SK","potentialAction":[{"@type":"ReadAction","target":["https:\/\/www.cantonuovo.org\/sk\/kto-sme-historia\/fabrizio\/"]}]},{"@type":"BreadcrumbList","@id":"https:\/\/www.cantonuovo.org\/sk\/kto-sme-historia\/fabrizio\/#breadcrumb","itemListElement":[{"@type":"ListItem","position":1,"name":"Home","item":"https:\/\/www.cantonuovo.org\/sk\/"},{"@type":"ListItem","position":2,"name":"Fabrizio Tiezzi"}]},{"@type":"WebSite","@id":"https:\/\/www.cantonuovo.org\/sk\/#website","url":"https:\/\/www.cantonuovo.org\/sk\/","name":"Fondazione Cantonuovo","description":"Fondazione Cantonuovo","publisher":{"@id":"https:\/\/www.cantonuovo.org\/sk\/#organization"},"potentialAction":[{"@type":"SearchAction","target":{"@type":"EntryPoint","urlTemplate":"https:\/\/www.cantonuovo.org\/sk\/?s={search_term_string}"},"query-input":{"@type":"PropertyValueSpecification","valueRequired":true,"valueName":"search_term_string"}}],"inLanguage":"sk-SK"},{"@type":"Organization","@id":"https:\/\/www.cantonuovo.org\/sk\/#organization","name":"Fondazione Cantonuovo","url":"https:\/\/www.cantonuovo.org\/sk\/","logo":{"@type":"ImageObject","inLanguage":"sk-SK","@id":"https:\/\/www.cantonuovo.org\/sk\/#\/schema\/logo\/image\/","url":"https:\/\/www.cantonuovo.org\/wp-content\/uploads\/2019\/01\/logo-fondazione-cantonuovo-grigio.png","contentUrl":"https:\/\/www.cantonuovo.org\/wp-content\/uploads\/2019\/01\/logo-fondazione-cantonuovo-grigio.png","width":180,"height":56,"caption":"Fondazione Cantonuovo"},"image":{"@id":"https:\/\/www.cantonuovo.org\/sk\/#\/schema\/logo\/image\/"},"sameAs":["https:\/\/www.facebook.com\/Fondazione-Cantonuovo-157049929923\/","https:\/\/www.youtube.com\/user\/cantonuovo"]}]}},"_links":{"self":[{"href":"https:\/\/www.cantonuovo.org\/sk\/wp-json\/wp\/v2\/pages\/6803","targetHints":{"allow":["GET"]}}],"collection":[{"href":"https:\/\/www.cantonuovo.org\/sk\/wp-json\/wp\/v2\/pages"}],"about":[{"href":"https:\/\/www.cantonuovo.org\/sk\/wp-json\/wp\/v2\/types\/page"}],"author":[{"embeddable":true,"href":"https:\/\/www.cantonuovo.org\/sk\/wp-json\/wp\/v2\/users\/6"}],"replies":[{"embeddable":true,"href":"https:\/\/www.cantonuovo.org\/sk\/wp-json\/wp\/v2\/comments?post=6803"}],"version-history":[{"count":0,"href":"https:\/\/www.cantonuovo.org\/sk\/wp-json\/wp\/v2\/pages\/6803\/revisions"}],"up":[{"embeddable":true,"href":"https:\/\/www.cantonuovo.org\/sk\/wp-json\/wp\/v2\/pages\/6830"}],"wp:attachment":[{"href":"https:\/\/www.cantonuovo.org\/sk\/wp-json\/wp\/v2\/media?parent=6803"}],"curies":[{"name":"wp","href":"https:\/\/api.w.org\/{rel}","templated":true}]}}