{"id":6828,"date":"2019-02-12T21:12:46","date_gmt":"2019-02-12T20:12:46","guid":{"rendered":"https:\/\/www.cantonuovo.org\/?page_id=6828"},"modified":"2019-06-30T14:49:25","modified_gmt":"2019-06-30T12:49:25","slug":"zakladatelia","status":"publish","type":"page","link":"https:\/\/www.cantonuovo.org\/sk\/zakladatelia\/","title":{"rendered":"Zakladatelia"},"content":{"rendered":"<section class=\"wpb-content-wrapper\"><p>[vc_row full_width=&#8220;stretch_row_content&#8220; css=&#8220;.vc_custom_1550695599772{padding-top: 5% !important;padding-right: 5% !important;padding-left: 5% !important;background-color: #826d84 !important;}&#8220;][vc_column][vc_column_text css_animation=&#8220;fadeIn&#8220; el_class=&#8220;center white&#8220;]<\/p>\n<h3>Spoznaj zakladate\u013eov<\/h3>\n<p>[\/vc_column_text][\/vc_column][\/vc_row][vc_row full_width=&#8220;stretch_row_content&#8220; gap=&#8220;35&#8243; css=&#8220;.vc_custom_1550003791045{padding-right: 5% !important;padding-bottom: 5% !important;padding-left: 5% !important;background-color: #f7f7f7 !important;}&#8220;][vc_column][vc_row_inner gap=&#8220;35&#8243; css=&#8220;.vc_custom_1550003889790{padding-right: 5% !important;padding-bottom: 5% !important;padding-left: 5% !important;}&#8220;][vc_column_inner width=&#8220;1\/3&#8243; css=&#8220;.vc_custom_1549393867584{padding-bottom: 3% !important;}&#8220;][vc_single_image image=&#8220;2515&#8243; img_size=&#8220;full&#8220; onclick=&#8220;custom_link&#8220; link=&#8220;\/sk\/maurizio-tiezzi\/&#8220;][vc_column_text css=&#8220;.vc_custom_1550695848958{padding-top: 5% !important;padding-right: 5% !important;padding-bottom: 5% !important;padding-left: 5% !important;border-radius: 1px !important;}&#8220;]<\/p>\n<h4 style=\"text-align: left;\"><a href=\"\/sk\/maurizio-tiezzi\/\">Dott. Maurizio Tiezzi<\/a><\/h4>\n<hr \/>\n<p>Maurizio Tiezzi sa narodil v Siene, v\u00a0 Taliansku. Je pr\u00e1vnik a profesion\u00e1lny councellor (poradca) v oblasti transak\u010dnej anal\u00fdzy&#8230;<\/p>\n<h6><a href=\"\/sk\/maurizio-tiezzi\/\">Pre\u010d\u00edtajte si v\u0161etko \u2192<\/a><\/h6>\n<p>[\/vc_column_text][\/vc_column_inner][vc_column_inner width=&#8220;1\/3&#8243; css=&#8220;.vc_custom_1549393874214{padding-bottom: 3% !important;}&#8220;][vc_single_image image=&#8220;2516&#8243; img_size=&#8220;full&#8220; alignment=&#8220;center&#8220; onclick=&#8220;custom_link&#8220; link=&#8220;\/sk\/fabrizio\/&#8220;][vc_column_text css=&#8220;.vc_custom_1550696125123{padding-top: 5% !important;padding-right: 5% !important;padding-bottom: 5% !important;padding-left: 5% !important;border-radius: 1px !important;}&#8220;]<\/p>\n<h4 style=\"text-align: left;\"><a href=\"\/sk\/fabrizio\/\">Fabrizio Tiezzi<\/a><\/h4>\n<hr \/>\n<p>Fabrizio Tiezzi sa narodil v Siene, Taliansko. Pracuje ako profesion\u00e1lny muzikoterapeut a terapeut GIM&#8230;<\/p>\n<h6><a href=\"\/sk\/fabrizio\/\">Pre\u010d\u00edtajte si v\u0161etko \u2192<\/a><\/h6>\n<p>[\/vc_column_text][\/vc_column_inner][vc_column_inner width=&#8220;1\/3&#8243; css=&#8220;.vc_custom_1549393879629{padding-bottom: 3% !important;}&#8220;][vc_single_image image=&#8220;2517&#8243; img_size=&#8220;full&#8220; alignment=&#8220;center&#8220; onclick=&#8220;custom_link&#8220; link=&#8220;\/sk\/angela-tancredi\/&#8220;][vc_column_text css=&#8220;.vc_custom_1550696139290{padding-top: 5% !important;padding-right: 5% !important;padding-bottom: 5% !important;padding-left: 5% !important;border-radius: 1px !important;}&#8220;]<\/p>\n<h4 style=\"text-align: left;\"><a href=\"\/sk\/angela-tancredi\/\">Angela Tancredi<\/a><\/h4>\n<hr \/>\n<p>Angela Tancredi sa narodila v Chianciano Terme, Taliansko.<br \/>\nJe spev\u00e1\u010dkou od roku 1983&#8230;<\/p>\n<h6><a href=\"\/sk\/angela-tancredi\/\">Pre\u010d\u00edtajte si v\u0161etko \u2192<\/a><\/h6>\n<p>[\/vc_column_text][\/vc_column_inner][\/vc_row_inner][\/vc_column][\/vc_row][vc_row][vc_column][vc_single_image image=&#8220;2220&#8243; img_size=&#8220;full&#8220; alignment=&#8220;center&#8220; css_animation=&#8220;fadeIn&#8220; css=&#8220;.vc_custom_1550002362746{padding-top: 5% !important;padding-bottom: 5% !important;}&#8220;][\/vc_column][\/vc_row]<\/p>\n<\/section>","protected":false},"excerpt":{"rendered":"<p>[vc_row full_width=&#8220;stretch_row_content&#8220; css=&#8220;.vc_custom_1550695599772{padding-top: 5% !important;padding-right: 5% !important;padding-left: 5% !important;background-color: #826d84 !important;}&#8220;][vc_column][vc_column_text css_animation=&#8220;fadeIn&#8220; el_class=&#8220;center white&#8220;] Spoznaj&#8230;<\/p>\n","protected":false},"author":6,"featured_media":0,"parent":0,"menu_order":0,"comment_status":"closed","ping_status":"closed","template":"homepage.php","meta":{"footnotes":""},"class_list":["post-6828","page","type-page","status-publish","hentry"],"yoast_head":"<!-- This site is optimized with the Yoast SEO plugin v27.4 - https:\/\/yoast.com\/product\/yoast-seo-wordpress\/ -->\n<title>Zakladatelia - Fondazione Cantonuovo<\/title>\n<meta name=\"robots\" content=\"index, follow, max-snippet:-1, max-image-preview:large, max-video-preview:-1\" \/>\n<link rel=\"canonical\" href=\"https:\/\/www.cantonuovo.org\/sk\/zakladatelia\/\" \/>\n<meta property=\"og:locale\" content=\"sk_SK\" \/>\n<meta property=\"og:type\" content=\"article\" \/>\n<meta property=\"og:title\" content=\"Zakladatelia - Fondazione Cantonuovo\" \/>\n<meta property=\"og:description\" content=\"[vc_row full_width=&#8220;stretch_row_content&#8220; css=&#8220;.vc_custom_1550695599772{padding-top: 5% !important;padding-right: 5% !important;padding-left: 5% !important;background-color: #826d84 !important;}&#8220;][vc_column][vc_column_text css_animation=&#8220;fadeIn&#8220; el_class=&#8220;center white&#8220;] Spoznaj...\" \/>\n<meta property=\"og:url\" content=\"https:\/\/www.cantonuovo.org\/sk\/zakladatelia\/\" \/>\n<meta property=\"og:site_name\" content=\"Fondazione Cantonuovo\" \/>\n<meta property=\"article:publisher\" content=\"https:\/\/www.facebook.com\/Fondazione-Cantonuovo-157049929923\/\" \/>\n<meta property=\"article:modified_time\" content=\"2019-06-30T12:49:25+00:00\" \/>\n<meta property=\"og:image\" content=\"https:\/\/www.cantonuovo.org\/wp-content\/uploads\/2024\/10\/Fondazione-Cantonuovo-ETS-e1728726426479.png\" \/>\n\t<meta property=\"og:image:width\" content=\"1200\" \/>\n\t<meta property=\"og:image:height\" content=\"595\" \/>\n\t<meta property=\"og:image:type\" content=\"image\/png\" \/>\n<meta name=\"twitter:card\" content=\"summary_large_image\" \/>\n<meta name=\"twitter:label1\" content=\"Predpokladan\u00fd \u010das \u010d\u00edtania\" \/>\n\t<meta name=\"twitter:data1\" content=\"2 min\u00faty\" \/>\n<script type=\"application\/ld+json\" class=\"yoast-schema-graph\">{\"@context\":\"https:\\\/\\\/schema.org\",\"@graph\":[{\"@type\":\"WebPage\",\"@id\":\"https:\\\/\\\/www.cantonuovo.org\\\/sk\\\/zakladatelia\\\/\",\"url\":\"https:\\\/\\\/www.cantonuovo.org\\\/sk\\\/zakladatelia\\\/\",\"name\":\"Zakladatelia - Fondazione Cantonuovo\",\"isPartOf\":{\"@id\":\"https:\\\/\\\/www.cantonuovo.org\\\/sk\\\/#website\"},\"datePublished\":\"2019-02-12T20:12:46+00:00\",\"dateModified\":\"2019-06-30T12:49:25+00:00\",\"breadcrumb\":{\"@id\":\"https:\\\/\\\/www.cantonuovo.org\\\/sk\\\/zakladatelia\\\/#breadcrumb\"},\"inLanguage\":\"sk-SK\",\"potentialAction\":[{\"@type\":\"ReadAction\",\"target\":[\"https:\\\/\\\/www.cantonuovo.org\\\/sk\\\/zakladatelia\\\/\"]}]},{\"@type\":\"BreadcrumbList\",\"@id\":\"https:\\\/\\\/www.cantonuovo.org\\\/sk\\\/zakladatelia\\\/#breadcrumb\",\"itemListElement\":[{\"@type\":\"ListItem\",\"position\":1,\"name\":\"Home\",\"item\":\"https:\\\/\\\/www.cantonuovo.org\\\/sk\\\/\"},{\"@type\":\"ListItem\",\"position\":2,\"name\":\"Zakladatelia\"}]},{\"@type\":\"WebSite\",\"@id\":\"https:\\\/\\\/www.cantonuovo.org\\\/sk\\\/#website\",\"url\":\"https:\\\/\\\/www.cantonuovo.org\\\/sk\\\/\",\"name\":\"Fondazione Cantonuovo\",\"description\":\"Fondazione Cantonuovo\",\"publisher\":{\"@id\":\"https:\\\/\\\/www.cantonuovo.org\\\/sk\\\/#organization\"},\"potentialAction\":[{\"@type\":\"SearchAction\",\"target\":{\"@type\":\"EntryPoint\",\"urlTemplate\":\"https:\\\/\\\/www.cantonuovo.org\\\/sk\\\/?s={search_term_string}\"},\"query-input\":{\"@type\":\"PropertyValueSpecification\",\"valueRequired\":true,\"valueName\":\"search_term_string\"}}],\"inLanguage\":\"sk-SK\"},{\"@type\":\"Organization\",\"@id\":\"https:\\\/\\\/www.cantonuovo.org\\\/sk\\\/#organization\",\"name\":\"Fondazione Cantonuovo\",\"url\":\"https:\\\/\\\/www.cantonuovo.org\\\/sk\\\/\",\"logo\":{\"@type\":\"ImageObject\",\"inLanguage\":\"sk-SK\",\"@id\":\"https:\\\/\\\/www.cantonuovo.org\\\/sk\\\/#\\\/schema\\\/logo\\\/image\\\/\",\"url\":\"https:\\\/\\\/www.cantonuovo.org\\\/wp-content\\\/uploads\\\/2019\\\/01\\\/logo-fondazione-cantonuovo-grigio.png\",\"contentUrl\":\"https:\\\/\\\/www.cantonuovo.org\\\/wp-content\\\/uploads\\\/2019\\\/01\\\/logo-fondazione-cantonuovo-grigio.png\",\"width\":180,\"height\":56,\"caption\":\"Fondazione Cantonuovo\"},\"image\":{\"@id\":\"https:\\\/\\\/www.cantonuovo.org\\\/sk\\\/#\\\/schema\\\/logo\\\/image\\\/\"},\"sameAs\":[\"https:\\\/\\\/www.facebook.com\\\/Fondazione-Cantonuovo-157049929923\\\/\",\"https:\\\/\\\/www.youtube.com\\\/user\\\/cantonuovo\"]}]}<\/script>\n<!-- \/ Yoast SEO plugin. -->","yoast_head_json":{"title":"Zakladatelia - Fondazione Cantonuovo","robots":{"index":"index","follow":"follow","max-snippet":"max-snippet:-1","max-image-preview":"max-image-preview:large","max-video-preview":"max-video-preview:-1"},"canonical":"https:\/\/www.cantonuovo.org\/sk\/zakladatelia\/","og_locale":"sk_SK","og_type":"article","og_title":"Zakladatelia - Fondazione Cantonuovo","og_description":"[vc_row full_width=&#8220;stretch_row_content&#8220; css=&#8220;.vc_custom_1550695599772{padding-top: 5% !important;padding-right: 5% !important;padding-left: 5% !important;background-color: #826d84 !important;}&#8220;][vc_column][vc_column_text css_animation=&#8220;fadeIn&#8220; el_class=&#8220;center white&#8220;] Spoznaj...","og_url":"https:\/\/www.cantonuovo.org\/sk\/zakladatelia\/","og_site_name":"Fondazione Cantonuovo","article_publisher":"https:\/\/www.facebook.com\/Fondazione-Cantonuovo-157049929923\/","article_modified_time":"2019-06-30T12:49:25+00:00","og_image":[{"width":1200,"height":595,"url":"https:\/\/www.cantonuovo.org\/wp-content\/uploads\/2024\/10\/Fondazione-Cantonuovo-ETS-e1728726426479.png","type":"image\/png"}],"twitter_card":"summary_large_image","twitter_misc":{"Predpokladan\u00fd \u010das \u010d\u00edtania":"2 min\u00faty"},"schema":{"@context":"https:\/\/schema.org","@graph":[{"@type":"WebPage","@id":"https:\/\/www.cantonuovo.org\/sk\/zakladatelia\/","url":"https:\/\/www.cantonuovo.org\/sk\/zakladatelia\/","name":"Zakladatelia - Fondazione Cantonuovo","isPartOf":{"@id":"https:\/\/www.cantonuovo.org\/sk\/#website"},"datePublished":"2019-02-12T20:12:46+00:00","dateModified":"2019-06-30T12:49:25+00:00","breadcrumb":{"@id":"https:\/\/www.cantonuovo.org\/sk\/zakladatelia\/#breadcrumb"},"inLanguage":"sk-SK","potentialAction":[{"@type":"ReadAction","target":["https:\/\/www.cantonuovo.org\/sk\/zakladatelia\/"]}]},{"@type":"BreadcrumbList","@id":"https:\/\/www.cantonuovo.org\/sk\/zakladatelia\/#breadcrumb","itemListElement":[{"@type":"ListItem","position":1,"name":"Home","item":"https:\/\/www.cantonuovo.org\/sk\/"},{"@type":"ListItem","position":2,"name":"Zakladatelia"}]},{"@type":"WebSite","@id":"https:\/\/www.cantonuovo.org\/sk\/#website","url":"https:\/\/www.cantonuovo.org\/sk\/","name":"Fondazione Cantonuovo","description":"Fondazione Cantonuovo","publisher":{"@id":"https:\/\/www.cantonuovo.org\/sk\/#organization"},"potentialAction":[{"@type":"SearchAction","target":{"@type":"EntryPoint","urlTemplate":"https:\/\/www.cantonuovo.org\/sk\/?s={search_term_string}"},"query-input":{"@type":"PropertyValueSpecification","valueRequired":true,"valueName":"search_term_string"}}],"inLanguage":"sk-SK"},{"@type":"Organization","@id":"https:\/\/www.cantonuovo.org\/sk\/#organization","name":"Fondazione Cantonuovo","url":"https:\/\/www.cantonuovo.org\/sk\/","logo":{"@type":"ImageObject","inLanguage":"sk-SK","@id":"https:\/\/www.cantonuovo.org\/sk\/#\/schema\/logo\/image\/","url":"https:\/\/www.cantonuovo.org\/wp-content\/uploads\/2019\/01\/logo-fondazione-cantonuovo-grigio.png","contentUrl":"https:\/\/www.cantonuovo.org\/wp-content\/uploads\/2019\/01\/logo-fondazione-cantonuovo-grigio.png","width":180,"height":56,"caption":"Fondazione Cantonuovo"},"image":{"@id":"https:\/\/www.cantonuovo.org\/sk\/#\/schema\/logo\/image\/"},"sameAs":["https:\/\/www.facebook.com\/Fondazione-Cantonuovo-157049929923\/","https:\/\/www.youtube.com\/user\/cantonuovo"]}]}},"_links":{"self":[{"href":"https:\/\/www.cantonuovo.org\/sk\/wp-json\/wp\/v2\/pages\/6828","targetHints":{"allow":["GET"]}}],"collection":[{"href":"https:\/\/www.cantonuovo.org\/sk\/wp-json\/wp\/v2\/pages"}],"about":[{"href":"https:\/\/www.cantonuovo.org\/sk\/wp-json\/wp\/v2\/types\/page"}],"author":[{"embeddable":true,"href":"https:\/\/www.cantonuovo.org\/sk\/wp-json\/wp\/v2\/users\/6"}],"replies":[{"embeddable":true,"href":"https:\/\/www.cantonuovo.org\/sk\/wp-json\/wp\/v2\/comments?post=6828"}],"version-history":[{"count":0,"href":"https:\/\/www.cantonuovo.org\/sk\/wp-json\/wp\/v2\/pages\/6828\/revisions"}],"wp:attachment":[{"href":"https:\/\/www.cantonuovo.org\/sk\/wp-json\/wp\/v2\/media?parent=6828"}],"curies":[{"name":"wp","href":"https:\/\/api.w.org\/{rel}","templated":true}]}}