{"id":6830,"date":"2019-03-10T08:04:35","date_gmt":"2019-03-10T07:04:35","guid":{"rendered":"https:\/\/www.cantonuovo.org\/?page_id=6830"},"modified":"2025-05-22T19:26:29","modified_gmt":"2025-05-22T17:26:29","slug":"kto-sme-historia","status":"publish","type":"page","link":"https:\/\/www.cantonuovo.org\/sk\/kto-sme-historia\/","title":{"rendered":"KTO SME &#8211; HIST\u00d3RIA"},"content":{"rendered":"<section class=\"wpb-content-wrapper\"><p>[vc_row full_width=\u201cstretch_row_content\u201c content_placement=\u201ctop\u201c css=\u201c.vc_custom_1733159693972{padding-top: 50px !important;}\u201c][vc_column width=\u201c1\/12\u2033][\/vc_column][vc_column width=\u201c2\/12\u2033 css=\u201c.vc_custom_1552205361351{padding-right: 5% !important;padding-left: 5% !important;}\u201c][vc_column_text css_animation=\u201cfadeInDown\u201c css=\u201c.vc_custom_1733159679067{border-right-width: 1px !important;padding-top: 25px !important;padding-right: 25px !important;padding-bottom: 25px !important;border-right-color: #999999 !important;border-right-style: dotted !important;}\u201c]<\/p>\n<h5 style=\"text-align: right;\"><a href=\"https:\/\/www.cantonuovo.org\/sk\/zakladatelia\/\">Zakladatelia<\/a><\/h5>\n<h5 style=\"text-align: right;\"><a href=\"https:\/\/www.cantonuovo.org\/sk\/gallery\/\">Fotogal\u00e9ria<\/a><\/h5>\n<p>[\/vc_column_text][\/vc_column][vc_column width=\u201c6\/12\u2033 el_class=\u201ctesto\u201c][vc_column_text el_class=\u201csmall\u201c css=\u201c.vc_custom_1733159723275{margin-top: 0px !important;padding-top: 0px !important;}\u201c]<\/p>\n<h3>Fondazione (Nad\u00e1cia) Cantonuovo ETS je pr\u00e1vnickou osobou tretieho sektora a ako tak\u00e1 je neziskov\u00e1. U\u017e roky sa zameriava na ob\u010diansky, solid\u00e1rne a spolo\u010densky prospe\u0161n\u00e9 ciele.<\/h3>\n<p>Hlavn\u00e9 aktivity Cantonuovo s\u00fa vzdel\u00e1vanie a podpora \u013eud\u00ed, u ktor\u00fdch favorizuje rast a zmenu, aby mohli \u017ei\u0165 ako vyslanci Je\u017ei\u0161a Krista. Nad\u00e1cia tie\u017e podporuje trpiacich a soci\u00e1lne znev\u00fdhodnen\u00fdch, \u010di pracuje na dial\u00f3gu a kult\u00farnej integr\u00e1cii medzi n\u00e1rodmi a medzi kres\u0165ansk\u00fdmi spolo\u010denstvami.<\/p>\n<hr>\n<p>[\/vc_column_text][vc_column_text]<\/p>\n<h4 class=\"p1\"><strong>Fondazione Cantonuovo ETS vznikla v\u010faka mimoriadnej udalosti: duchovn\u00e9mu znovuzrodeniu jej troch zakladate\u013eov.<\/strong><\/h4>\n<p>Maurizio, Fabrizio a Angela \u2013 boli pred rokom 2000 zahlten\u00ed svojimi ka\u017edodenn\u00fdmi \u010dinnos\u0165ami a pr\u00e1cou, pri\u010dom duchovn\u00fdm ot\u00e1zkam takmer v\u00f4bec nevenovali \u010das, ak, tak len kanonick\u00fdm z\u00e1le\u017eitostiam spojen\u00fdch s prik\u00e1zan\u00fdmi n\u00e1bo\u017eensk\u00fdmi sviatkami.<\/p>\n<p>Jedn\u00e9ho d\u0148a sa v\u0161ak Duch Sv\u00e4t\u00fd manifestoval v ich \u017eivotoch a oni prijali Krst Oh\u0148om.<\/p>\n<p>Po tejto v\u00fdnimo\u010dnej duchovnej udalosti ich \u010dakalo mnoho peripeti\u00ed. Ni\u010d nebolo \u013eahk\u00e9. Cesta, ktor\u00e1 sa pred nimi otvorila, nebola v \u017eiadnom pr\u00edpade jednoduch\u00e1, ale P\u00e1n ur\u010dil ich smerovanie a ni\u010d nemohlo zabr\u00e1ni\u0165 poslu\u0161nosti Maurizia, Fabrizia a Angely a ich rastu v Je\u017ei\u0161ovi Kristovi.<\/p>\n<p>Bo\u017e\u00ed pl\u00e1n bol jasn\u00fd, ale museli prejs\u0165 cez mnoh\u00e9 sk\u00fasenosti, k\u00fdm s pomocou Ducha Sv\u00e4t\u00e9ho pochopili, ak\u00e1 je ich cesta. Jedna z t\u00fdchto sk\u00fasenost\u00ed ich zaviedla na Slovensko, kde Maurizio okrem in\u00e9ho stretol aj Andreu, ktor\u00e1 sa mala sta\u0165 jeho bud\u00facou man\u017eelkou a spolu s n\u00edm zdie\u013ea\u0165 bud\u00face aktivity Nad\u00e1cie. Dnes je Slovensko spolu s \u010fal\u0161\u00edmi krajinami z\u00e1kladn\u00fdm referen\u010dn\u00fdm bodom pre \u010dinnos\u0165 Nad\u00e1cie.<\/p>\n<p>Maurizio, Fabrizio a Angela podnikli mnoho misi\u00ed, nielen evanjeliza\u010dn\u00fdch, vo viacer\u00fdch krajin\u00e1ch, \u010di u\u017e vo v\u00fdchodnej Afrike, v Keni a Ugande, ale aj v Eur\u00f3pe, najm\u00e4 na Slovensku a v Po\u013esku.[\/vc_column_text][vc_single_image image=\u201c2663\u2033 img_size=\u201cfull\u201c css=\u201c.vc_custom_1552205771102{padding-top: 50px !important;padding-bottom: 50px !important;}\u201c][\/vc_column][vc_column width=\u201c2\/12\u2033 css=\u201c.vc_custom_1552205667914{padding: 25px !important;}\u201c][vc_column_text css=\u201c.vc_custom_1747934716891{margin-bottom: 0px !important;border-top-width: 1px !important;border-right-width: 1px !important;border-bottom-width: 1px !important;border-left-width: 1px !important;padding-top: 25px !important;padding-right: 25px !important;padding-bottom: 25px !important;padding-left: 25px !important;background-color: rgba(0,158,118,0.85) !important;*background-color: rgb(0,158,118) !important;border-left-color: #009e76 !important;border-left-style: dotted !important;border-right-color: #009e76 !important;border-right-style: dotted !important;border-top-color: #009e76 !important;border-top-style: dotted !important;border-bottom-color: #009e76 !important;border-bottom-style: dotted !important;border-radius: 1px !important;}\u201c el_class=\u201ccenter\u201c]<\/p>\n<h6 style=\"text-align: center;\"><a href=\"http:\/\/www.cantonuovo.org\/wp-content\/uploads\/2024\/12\/Scopo-fondazione-cantonuovo-ETS-sk.pdf\" target=\"_blank\" rel=\"noopener noreferrer\">POSLANIE NAD\u00c1CIE ZO \u0160TAT\u00daTU<\/a><\/h6>\n<p>[\/vc_column_text][vc_single_image image=\u201c4515\u2033 img_size=\u201cfull\u201c alignment=\u201ccenter\u201c onclick=\u201ccustom_link\u201c img_link_target=\u201c_blank\u201c css=\u201c.vc_custom_1733159554776{margin-top: 0px !important;padding-top: 0px !important;}\u201c link=\u201chttp:\/\/www.cantonuovo.org\/wp-content\/uploads\/2024\/12\/Scopo-fondazione-cantonuovo-ETS-sk.pdf\u201c][vc_column_text css=\u201c.vc_custom_1747934767276{margin-bottom: 0px !important;border-top-width: 1px !important;border-right-width: 1px !important;border-bottom-width: 1px !important;border-left-width: 1px !important;padding-top: 25px !important;padding-right: 25px !important;padding-bottom: 25px !important;padding-left: 25px !important;background-color: rgba(27,145,181,0.75) !important;*background-color: rgb(27,145,181) !important;border-left-color: #1b91b5 !important;border-left-style: dotted !important;border-right-color: #1b91b5 !important;border-right-style: dotted !important;border-top-color: #1b91b5 !important;border-top-style: dotted !important;border-bottom-color: #1b91b5 !important;border-bottom-style: dotted !important;border-radius: 1px !important;}\u201c el_class=\u201ccenter\u201c]<\/p>\n<h6 style=\"text-align: center;\"><a href=\"http:\/\/www.cantonuovo.org\/wp-content\/uploads\/2024\/12\/Iscrizione-Fondazione-Cantonuovo-ITS-al-_RUNTS_Decreto_n_1_.17342_del_09-08-2023-sk.pdf\" target=\"_blank\" rel=\"noopener noreferrer\">POTVRDENIE O REGISTR\u00c1CII V ZOZNAME \u201eRUNTS\u201c<\/a><\/h6>\n<p>[\/vc_column_text][vc_single_image image=\u201c4515\u2033 img_size=\u201cfull\u201c alignment=\u201ccenter\u201c onclick=\u201ccustom_link\u201c img_link_target=\u201c_blank\u201c css=\u201c.vc_custom_1733159571517{margin-top: 0px !important;padding-top: 0px !important;}\u201c link=\u201chttp:\/\/www.cantonuovo.org\/wp-content\/uploads\/2024\/12\/Iscrizione-Fondazione-Cantonuovo-ITS-al-_RUNTS_Decreto_n_1_.17342_del_09-08-2023-sk.pdf\u201c][\/vc_column][vc_column width=\u201c1\/12\u2033][\/vc_column][\/vc_row]<\/p>\n<\/section>","protected":false},"excerpt":{"rendered":"<p>[vc_row full_width=\u201cstretch_row_content\u201c content_placement=\u201ctop\u201c css=\u201c.vc_custom_1733159693972{padding-top: 50px !important;}\u201c][vc_column width=\u201c1\/12\u2033][\/vc_column][vc_column width=\u201c2\/12\u2033 css=\u201c.vc_custom_1552205361351{padding-right: 5% !important;padding-left: 5% !important;}\u201c][vc_column_text css_animation=\u201cfadeInDown\u201c css=\u201c.vc_custom_1733159679067{border-right-width:&#8230;<\/p>\n","protected":false},"author":6,"featured_media":6263,"parent":0,"menu_order":0,"comment_status":"closed","ping_status":"closed","template":"visual-composer.php","meta":{"footnotes":""},"class_list":["post-6830","page","type-page","status-publish","has-post-thumbnail","hentry"],"yoast_head":"<!-- This site is optimized with the Yoast SEO plugin v27.4 - https:\/\/yoast.com\/product\/yoast-seo-wordpress\/ -->\n<title>KTO SME - HIST\u00d3RIA - Fondazione Cantonuovo<\/title>\n<meta name=\"robots\" content=\"index, follow, max-snippet:-1, max-image-preview:large, max-video-preview:-1\" \/>\n<link rel=\"canonical\" href=\"https:\/\/www.cantonuovo.org\/sk\/kto-sme-historia\/\" \/>\n<meta property=\"og:locale\" content=\"sk_SK\" \/>\n<meta property=\"og:type\" content=\"article\" \/>\n<meta property=\"og:title\" content=\"KTO SME - HIST\u00d3RIA - Fondazione Cantonuovo\" \/>\n<meta property=\"og:description\" content=\"[vc_row full_width=\u201cstretch_row_content\u201c content_placement=\u201ctop\u201c css=\u201c.vc_custom_1733159693972{padding-top: 50px !important;}\u201c][vc_column width=\u201c1\/12\u2033][\/vc_column][vc_column width=\u201c2\/12\u2033 css=\u201c.vc_custom_1552205361351{padding-right: 5% !important;padding-left: 5% !important;}\u201c][vc_column_text css_animation=\u201cfadeInDown\u201c css=\u201c.vc_custom_1733159679067{border-right-width:...\" \/>\n<meta property=\"og:url\" content=\"https:\/\/www.cantonuovo.org\/sk\/kto-sme-historia\/\" \/>\n<meta property=\"og:site_name\" content=\"Fondazione Cantonuovo\" \/>\n<meta property=\"article:publisher\" content=\"https:\/\/www.facebook.com\/Fondazione-Cantonuovo-157049929923\/\" \/>\n<meta property=\"article:modified_time\" content=\"2025-05-22T17:26:29+00:00\" \/>\n<meta property=\"og:image\" content=\"https:\/\/www.cantonuovo.org\/wp-content\/uploads\/2019\/02\/fondazione-cantonuovo-siena-articoli-e-blog-6.jpg\" \/>\n\t<meta property=\"og:image:width\" content=\"1000\" \/>\n\t<meta property=\"og:image:height\" content=\"667\" \/>\n\t<meta property=\"og:image:type\" content=\"image\/jpeg\" \/>\n<meta name=\"twitter:card\" content=\"summary_large_image\" \/>\n<meta name=\"twitter:label1\" content=\"Predpokladan\u00fd \u010das \u010d\u00edtania\" \/>\n\t<meta name=\"twitter:data1\" content=\"3 min\u00faty\" \/>\n<script type=\"application\/ld+json\" class=\"yoast-schema-graph\">{\"@context\":\"https:\\\/\\\/schema.org\",\"@graph\":[{\"@type\":\"WebPage\",\"@id\":\"https:\\\/\\\/www.cantonuovo.org\\\/sk\\\/kto-sme-historia\\\/\",\"url\":\"https:\\\/\\\/www.cantonuovo.org\\\/sk\\\/kto-sme-historia\\\/\",\"name\":\"KTO SME - HIST\u00d3RIA - Fondazione Cantonuovo\",\"isPartOf\":{\"@id\":\"https:\\\/\\\/www.cantonuovo.org\\\/sk\\\/#website\"},\"primaryImageOfPage\":{\"@id\":\"https:\\\/\\\/www.cantonuovo.org\\\/sk\\\/kto-sme-historia\\\/#primaryimage\"},\"image\":{\"@id\":\"https:\\\/\\\/www.cantonuovo.org\\\/sk\\\/kto-sme-historia\\\/#primaryimage\"},\"thumbnailUrl\":\"https:\\\/\\\/www.cantonuovo.org\\\/wp-content\\\/uploads\\\/2019\\\/02\\\/fondazione-cantonuovo-siena-articoli-e-blog-6.jpg\",\"datePublished\":\"2019-03-10T07:04:35+00:00\",\"dateModified\":\"2025-05-22T17:26:29+00:00\",\"breadcrumb\":{\"@id\":\"https:\\\/\\\/www.cantonuovo.org\\\/sk\\\/kto-sme-historia\\\/#breadcrumb\"},\"inLanguage\":\"sk-SK\",\"potentialAction\":[{\"@type\":\"ReadAction\",\"target\":[\"https:\\\/\\\/www.cantonuovo.org\\\/sk\\\/kto-sme-historia\\\/\"]}]},{\"@type\":\"ImageObject\",\"inLanguage\":\"sk-SK\",\"@id\":\"https:\\\/\\\/www.cantonuovo.org\\\/sk\\\/kto-sme-historia\\\/#primaryimage\",\"url\":\"https:\\\/\\\/www.cantonuovo.org\\\/wp-content\\\/uploads\\\/2019\\\/02\\\/fondazione-cantonuovo-siena-articoli-e-blog-6.jpg\",\"contentUrl\":\"https:\\\/\\\/www.cantonuovo.org\\\/wp-content\\\/uploads\\\/2019\\\/02\\\/fondazione-cantonuovo-siena-articoli-e-blog-6.jpg\",\"width\":1000,\"height\":667,\"caption\":\"Porterete Frutto Fondazione Cantonuovo Siena\"},{\"@type\":\"BreadcrumbList\",\"@id\":\"https:\\\/\\\/www.cantonuovo.org\\\/sk\\\/kto-sme-historia\\\/#breadcrumb\",\"itemListElement\":[{\"@type\":\"ListItem\",\"position\":1,\"name\":\"Home\",\"item\":\"https:\\\/\\\/www.cantonuovo.org\\\/sk\\\/\"},{\"@type\":\"ListItem\",\"position\":2,\"name\":\"KTO SME &#8211; HIST\u00d3RIA\"}]},{\"@type\":\"WebSite\",\"@id\":\"https:\\\/\\\/www.cantonuovo.org\\\/sk\\\/#website\",\"url\":\"https:\\\/\\\/www.cantonuovo.org\\\/sk\\\/\",\"name\":\"Fondazione Cantonuovo\",\"description\":\"Fondazione Cantonuovo\",\"publisher\":{\"@id\":\"https:\\\/\\\/www.cantonuovo.org\\\/sk\\\/#organization\"},\"potentialAction\":[{\"@type\":\"SearchAction\",\"target\":{\"@type\":\"EntryPoint\",\"urlTemplate\":\"https:\\\/\\\/www.cantonuovo.org\\\/sk\\\/?s={search_term_string}\"},\"query-input\":{\"@type\":\"PropertyValueSpecification\",\"valueRequired\":true,\"valueName\":\"search_term_string\"}}],\"inLanguage\":\"sk-SK\"},{\"@type\":\"Organization\",\"@id\":\"https:\\\/\\\/www.cantonuovo.org\\\/sk\\\/#organization\",\"name\":\"Fondazione Cantonuovo\",\"url\":\"https:\\\/\\\/www.cantonuovo.org\\\/sk\\\/\",\"logo\":{\"@type\":\"ImageObject\",\"inLanguage\":\"sk-SK\",\"@id\":\"https:\\\/\\\/www.cantonuovo.org\\\/sk\\\/#\\\/schema\\\/logo\\\/image\\\/\",\"url\":\"https:\\\/\\\/www.cantonuovo.org\\\/wp-content\\\/uploads\\\/2019\\\/01\\\/logo-fondazione-cantonuovo-grigio.png\",\"contentUrl\":\"https:\\\/\\\/www.cantonuovo.org\\\/wp-content\\\/uploads\\\/2019\\\/01\\\/logo-fondazione-cantonuovo-grigio.png\",\"width\":180,\"height\":56,\"caption\":\"Fondazione Cantonuovo\"},\"image\":{\"@id\":\"https:\\\/\\\/www.cantonuovo.org\\\/sk\\\/#\\\/schema\\\/logo\\\/image\\\/\"},\"sameAs\":[\"https:\\\/\\\/www.facebook.com\\\/Fondazione-Cantonuovo-157049929923\\\/\",\"https:\\\/\\\/www.youtube.com\\\/user\\\/cantonuovo\"]}]}<\/script>\n<!-- \/ Yoast SEO plugin. -->","yoast_head_json":{"title":"KTO SME - HIST\u00d3RIA - Fondazione Cantonuovo","robots":{"index":"index","follow":"follow","max-snippet":"max-snippet:-1","max-image-preview":"max-image-preview:large","max-video-preview":"max-video-preview:-1"},"canonical":"https:\/\/www.cantonuovo.org\/sk\/kto-sme-historia\/","og_locale":"sk_SK","og_type":"article","og_title":"KTO SME - HIST\u00d3RIA - Fondazione Cantonuovo","og_description":"[vc_row full_width=\u201cstretch_row_content\u201c content_placement=\u201ctop\u201c css=\u201c.vc_custom_1733159693972{padding-top: 50px !important;}\u201c][vc_column width=\u201c1\/12\u2033][\/vc_column][vc_column width=\u201c2\/12\u2033 css=\u201c.vc_custom_1552205361351{padding-right: 5% !important;padding-left: 5% !important;}\u201c][vc_column_text css_animation=\u201cfadeInDown\u201c css=\u201c.vc_custom_1733159679067{border-right-width:...","og_url":"https:\/\/www.cantonuovo.org\/sk\/kto-sme-historia\/","og_site_name":"Fondazione Cantonuovo","article_publisher":"https:\/\/www.facebook.com\/Fondazione-Cantonuovo-157049929923\/","article_modified_time":"2025-05-22T17:26:29+00:00","og_image":[{"width":1000,"height":667,"url":"https:\/\/www.cantonuovo.org\/wp-content\/uploads\/2019\/02\/fondazione-cantonuovo-siena-articoli-e-blog-6.jpg","type":"image\/jpeg"}],"twitter_card":"summary_large_image","twitter_misc":{"Predpokladan\u00fd \u010das \u010d\u00edtania":"3 min\u00faty"},"schema":{"@context":"https:\/\/schema.org","@graph":[{"@type":"WebPage","@id":"https:\/\/www.cantonuovo.org\/sk\/kto-sme-historia\/","url":"https:\/\/www.cantonuovo.org\/sk\/kto-sme-historia\/","name":"KTO SME - HIST\u00d3RIA - Fondazione Cantonuovo","isPartOf":{"@id":"https:\/\/www.cantonuovo.org\/sk\/#website"},"primaryImageOfPage":{"@id":"https:\/\/www.cantonuovo.org\/sk\/kto-sme-historia\/#primaryimage"},"image":{"@id":"https:\/\/www.cantonuovo.org\/sk\/kto-sme-historia\/#primaryimage"},"thumbnailUrl":"https:\/\/www.cantonuovo.org\/wp-content\/uploads\/2019\/02\/fondazione-cantonuovo-siena-articoli-e-blog-6.jpg","datePublished":"2019-03-10T07:04:35+00:00","dateModified":"2025-05-22T17:26:29+00:00","breadcrumb":{"@id":"https:\/\/www.cantonuovo.org\/sk\/kto-sme-historia\/#breadcrumb"},"inLanguage":"sk-SK","potentialAction":[{"@type":"ReadAction","target":["https:\/\/www.cantonuovo.org\/sk\/kto-sme-historia\/"]}]},{"@type":"ImageObject","inLanguage":"sk-SK","@id":"https:\/\/www.cantonuovo.org\/sk\/kto-sme-historia\/#primaryimage","url":"https:\/\/www.cantonuovo.org\/wp-content\/uploads\/2019\/02\/fondazione-cantonuovo-siena-articoli-e-blog-6.jpg","contentUrl":"https:\/\/www.cantonuovo.org\/wp-content\/uploads\/2019\/02\/fondazione-cantonuovo-siena-articoli-e-blog-6.jpg","width":1000,"height":667,"caption":"Porterete Frutto Fondazione Cantonuovo Siena"},{"@type":"BreadcrumbList","@id":"https:\/\/www.cantonuovo.org\/sk\/kto-sme-historia\/#breadcrumb","itemListElement":[{"@type":"ListItem","position":1,"name":"Home","item":"https:\/\/www.cantonuovo.org\/sk\/"},{"@type":"ListItem","position":2,"name":"KTO SME &#8211; HIST\u00d3RIA"}]},{"@type":"WebSite","@id":"https:\/\/www.cantonuovo.org\/sk\/#website","url":"https:\/\/www.cantonuovo.org\/sk\/","name":"Fondazione Cantonuovo","description":"Fondazione Cantonuovo","publisher":{"@id":"https:\/\/www.cantonuovo.org\/sk\/#organization"},"potentialAction":[{"@type":"SearchAction","target":{"@type":"EntryPoint","urlTemplate":"https:\/\/www.cantonuovo.org\/sk\/?s={search_term_string}"},"query-input":{"@type":"PropertyValueSpecification","valueRequired":true,"valueName":"search_term_string"}}],"inLanguage":"sk-SK"},{"@type":"Organization","@id":"https:\/\/www.cantonuovo.org\/sk\/#organization","name":"Fondazione Cantonuovo","url":"https:\/\/www.cantonuovo.org\/sk\/","logo":{"@type":"ImageObject","inLanguage":"sk-SK","@id":"https:\/\/www.cantonuovo.org\/sk\/#\/schema\/logo\/image\/","url":"https:\/\/www.cantonuovo.org\/wp-content\/uploads\/2019\/01\/logo-fondazione-cantonuovo-grigio.png","contentUrl":"https:\/\/www.cantonuovo.org\/wp-content\/uploads\/2019\/01\/logo-fondazione-cantonuovo-grigio.png","width":180,"height":56,"caption":"Fondazione Cantonuovo"},"image":{"@id":"https:\/\/www.cantonuovo.org\/sk\/#\/schema\/logo\/image\/"},"sameAs":["https:\/\/www.facebook.com\/Fondazione-Cantonuovo-157049929923\/","https:\/\/www.youtube.com\/user\/cantonuovo"]}]}},"_links":{"self":[{"href":"https:\/\/www.cantonuovo.org\/sk\/wp-json\/wp\/v2\/pages\/6830","targetHints":{"allow":["GET"]}}],"collection":[{"href":"https:\/\/www.cantonuovo.org\/sk\/wp-json\/wp\/v2\/pages"}],"about":[{"href":"https:\/\/www.cantonuovo.org\/sk\/wp-json\/wp\/v2\/types\/page"}],"author":[{"embeddable":true,"href":"https:\/\/www.cantonuovo.org\/sk\/wp-json\/wp\/v2\/users\/6"}],"replies":[{"embeddable":true,"href":"https:\/\/www.cantonuovo.org\/sk\/wp-json\/wp\/v2\/comments?post=6830"}],"version-history":[{"count":13,"href":"https:\/\/www.cantonuovo.org\/sk\/wp-json\/wp\/v2\/pages\/6830\/revisions"}],"predecessor-version":[{"id":18977,"href":"https:\/\/www.cantonuovo.org\/sk\/wp-json\/wp\/v2\/pages\/6830\/revisions\/18977"}],"wp:featuredmedia":[{"embeddable":true,"href":"https:\/\/www.cantonuovo.org\/sk\/wp-json\/wp\/v2\/media\/6263"}],"wp:attachment":[{"href":"https:\/\/www.cantonuovo.org\/sk\/wp-json\/wp\/v2\/media?parent=6830"}],"curies":[{"name":"wp","href":"https:\/\/api.w.org\/{rel}","templated":true}]}}