{"id":7510,"date":"2019-02-24T18:40:44","date_gmt":"2019-02-24T17:40:44","guid":{"rendered":"https:\/\/www.cantonuovo.org\/video-talks\/"},"modified":"2022-06-22T17:27:21","modified_gmt":"2022-06-22T15:27:21","slug":"video-talks","status":"publish","type":"page","link":"https:\/\/www.cantonuovo.org\/sk\/video-talks\/","title":{"rendered":"Video Talks"},"content":{"rendered":"<section class=\"wpb-content-wrapper\"><p>[vc_row][vc_column width=\u201c1\/6\u2033][\/vc_column][vc_column width=\u201c2\/3\u2033][vc_empty_space height=\u201c80px\u201c][vc_custom_heading text=\u201cMaurizio Tiezzi sa venuje ot\u00e1zkam t\u00fdkaj\u00facim sa Kr\u00e1\u013eovstva Bo\u017eieho a kres\u0165anskej spirituality. Video Talks s\u00fa rozdelen\u00e9 pod\u013ea t\u00e9m a v\u0161etky s\u00fa zameran\u00e9 na pas\u00e1\u017ee z Biblie. Centrom vyu\u010dovan\u00ed je Bo\u017eie Slovo a cie\u013eom je, aby div\u00e1k \u010di posluch\u00e1\u010d boli povzbuden\u00ed \u017ei\u0165 Je\u017ei\u0161a Krista v ka\u017edom okamihu svojho ka\u017edodenn\u00e9ho \u017eivota.\u201c font_container=\u201ctag:h5|text_align:left|color:%23707173|line_height:1.2\u2033 use_theme_fonts=\u201cyes\u201c css=\u201c.vc_custom_1559924391462{padding-top: 10% !important;padding-right: 5% !important;padding-bottom: 10% !important;padding-left: 5% !important;}\u201c][vc_empty_space height=\u201c80px\u201c][\/vc_column][vc_column width=\u201c1\/6\u2033][\/vc_column][\/vc_row][vc_row][vc_column][vc_basic_grid post_type=\u201cpost\u201c max_items=\u201c-1\u2033 element_width=\u201c3\u2033 item=\u201c16725\u2033 grid_id=\u201cvc_gid:1655910796260-d5281fcb-785e-9\u2033 taxonomies=\u201c91\u2033][\/vc_column][\/vc_row]<\/p>\n<\/section>","protected":false},"excerpt":{"rendered":"<p>[vc_row][vc_column width=\u201c1\/6\u2033][\/vc_column][vc_column width=\u201c2\/3\u2033][vc_empty_space height=\u201c80px\u201c][vc_custom_heading text=\u201cMaurizio Tiezzi sa venuje ot\u00e1zkam t\u00fdkaj\u00facim sa Kr\u00e1\u013eovstva Bo\u017eieho a kres\u0165anskej&#8230;<\/p>\n","protected":false},"author":2,"featured_media":7512,"parent":0,"menu_order":0,"comment_status":"closed","ping_status":"closed","template":"visual-composer.php","meta":{"footnotes":""},"class_list":["post-7510","page","type-page","status-publish","has-post-thumbnail","hentry"],"yoast_head":"<!-- This site is optimized with the Yoast SEO plugin v27.4 - https:\/\/yoast.com\/product\/yoast-seo-wordpress\/ -->\n<title>Video Talks - Fondazione Cantonuovo<\/title>\n<meta name=\"robots\" content=\"index, follow, max-snippet:-1, max-image-preview:large, max-video-preview:-1\" \/>\n<link rel=\"canonical\" href=\"https:\/\/www.cantonuovo.org\/sk\/video-talks\/\" \/>\n<meta property=\"og:locale\" content=\"sk_SK\" \/>\n<meta property=\"og:type\" content=\"article\" \/>\n<meta property=\"og:title\" content=\"Video Talks - Fondazione Cantonuovo\" \/>\n<meta property=\"og:description\" content=\"[vc_row][vc_column width=\u201c1\/6\u2033][\/vc_column][vc_column width=\u201c2\/3\u2033][vc_empty_space height=\u201c80px\u201c][vc_custom_heading text=\u201cMaurizio Tiezzi sa venuje ot\u00e1zkam t\u00fdkaj\u00facim sa Kr\u00e1\u013eovstva Bo\u017eieho a kres\u0165anskej...\" \/>\n<meta property=\"og:url\" content=\"https:\/\/www.cantonuovo.org\/sk\/video-talks\/\" \/>\n<meta property=\"og:site_name\" content=\"Fondazione Cantonuovo\" \/>\n<meta property=\"article:publisher\" content=\"https:\/\/www.facebook.com\/Fondazione-Cantonuovo-157049929923\/\" \/>\n<meta property=\"article:modified_time\" content=\"2022-06-22T15:27:21+00:00\" \/>\n<meta property=\"og:image\" content=\"https:\/\/www.cantonuovo.org\/wp-content\/uploads\/2019\/02\/video-talks-page.jpg\" \/>\n\t<meta property=\"og:image:width\" content=\"1920\" \/>\n\t<meta property=\"og:image:height\" content=\"1080\" \/>\n\t<meta property=\"og:image:type\" content=\"image\/jpeg\" \/>\n<meta name=\"twitter:card\" content=\"summary_large_image\" \/>\n<meta name=\"twitter:label1\" content=\"Predpokladan\u00fd \u010das \u010d\u00edtania\" \/>\n\t<meta name=\"twitter:data1\" content=\"1 min\u00fata\" \/>\n<script type=\"application\/ld+json\" class=\"yoast-schema-graph\">{\"@context\":\"https:\\\/\\\/schema.org\",\"@graph\":[{\"@type\":\"WebPage\",\"@id\":\"https:\\\/\\\/www.cantonuovo.org\\\/sk\\\/video-talks\\\/\",\"url\":\"https:\\\/\\\/www.cantonuovo.org\\\/sk\\\/video-talks\\\/\",\"name\":\"Video Talks - Fondazione Cantonuovo\",\"isPartOf\":{\"@id\":\"https:\\\/\\\/www.cantonuovo.org\\\/sk\\\/#website\"},\"primaryImageOfPage\":{\"@id\":\"https:\\\/\\\/www.cantonuovo.org\\\/sk\\\/video-talks\\\/#primaryimage\"},\"image\":{\"@id\":\"https:\\\/\\\/www.cantonuovo.org\\\/sk\\\/video-talks\\\/#primaryimage\"},\"thumbnailUrl\":\"https:\\\/\\\/www.cantonuovo.org\\\/wp-content\\\/uploads\\\/2019\\\/02\\\/video-talks-page.jpg\",\"datePublished\":\"2019-02-24T17:40:44+00:00\",\"dateModified\":\"2022-06-22T15:27:21+00:00\",\"breadcrumb\":{\"@id\":\"https:\\\/\\\/www.cantonuovo.org\\\/sk\\\/video-talks\\\/#breadcrumb\"},\"inLanguage\":\"sk-SK\",\"potentialAction\":[{\"@type\":\"ReadAction\",\"target\":[\"https:\\\/\\\/www.cantonuovo.org\\\/sk\\\/video-talks\\\/\"]}]},{\"@type\":\"ImageObject\",\"inLanguage\":\"sk-SK\",\"@id\":\"https:\\\/\\\/www.cantonuovo.org\\\/sk\\\/video-talks\\\/#primaryimage\",\"url\":\"https:\\\/\\\/www.cantonuovo.org\\\/wp-content\\\/uploads\\\/2019\\\/02\\\/video-talks-page.jpg\",\"contentUrl\":\"https:\\\/\\\/www.cantonuovo.org\\\/wp-content\\\/uploads\\\/2019\\\/02\\\/video-talks-page.jpg\",\"width\":1920,\"height\":1080},{\"@type\":\"BreadcrumbList\",\"@id\":\"https:\\\/\\\/www.cantonuovo.org\\\/sk\\\/video-talks\\\/#breadcrumb\",\"itemListElement\":[{\"@type\":\"ListItem\",\"position\":1,\"name\":\"Home\",\"item\":\"https:\\\/\\\/www.cantonuovo.org\\\/sk\\\/\"},{\"@type\":\"ListItem\",\"position\":2,\"name\":\"Video Talks\"}]},{\"@type\":\"WebSite\",\"@id\":\"https:\\\/\\\/www.cantonuovo.org\\\/sk\\\/#website\",\"url\":\"https:\\\/\\\/www.cantonuovo.org\\\/sk\\\/\",\"name\":\"Fondazione Cantonuovo\",\"description\":\"Fondazione Cantonuovo\",\"publisher\":{\"@id\":\"https:\\\/\\\/www.cantonuovo.org\\\/sk\\\/#organization\"},\"potentialAction\":[{\"@type\":\"SearchAction\",\"target\":{\"@type\":\"EntryPoint\",\"urlTemplate\":\"https:\\\/\\\/www.cantonuovo.org\\\/sk\\\/?s={search_term_string}\"},\"query-input\":{\"@type\":\"PropertyValueSpecification\",\"valueRequired\":true,\"valueName\":\"search_term_string\"}}],\"inLanguage\":\"sk-SK\"},{\"@type\":\"Organization\",\"@id\":\"https:\\\/\\\/www.cantonuovo.org\\\/sk\\\/#organization\",\"name\":\"Fondazione Cantonuovo\",\"url\":\"https:\\\/\\\/www.cantonuovo.org\\\/sk\\\/\",\"logo\":{\"@type\":\"ImageObject\",\"inLanguage\":\"sk-SK\",\"@id\":\"https:\\\/\\\/www.cantonuovo.org\\\/sk\\\/#\\\/schema\\\/logo\\\/image\\\/\",\"url\":\"https:\\\/\\\/www.cantonuovo.org\\\/wp-content\\\/uploads\\\/2019\\\/01\\\/logo-fondazione-cantonuovo-grigio.png\",\"contentUrl\":\"https:\\\/\\\/www.cantonuovo.org\\\/wp-content\\\/uploads\\\/2019\\\/01\\\/logo-fondazione-cantonuovo-grigio.png\",\"width\":180,\"height\":56,\"caption\":\"Fondazione Cantonuovo\"},\"image\":{\"@id\":\"https:\\\/\\\/www.cantonuovo.org\\\/sk\\\/#\\\/schema\\\/logo\\\/image\\\/\"},\"sameAs\":[\"https:\\\/\\\/www.facebook.com\\\/Fondazione-Cantonuovo-157049929923\\\/\",\"https:\\\/\\\/www.youtube.com\\\/user\\\/cantonuovo\"]}]}<\/script>\n<!-- \/ Yoast SEO plugin. -->","yoast_head_json":{"title":"Video Talks - Fondazione Cantonuovo","robots":{"index":"index","follow":"follow","max-snippet":"max-snippet:-1","max-image-preview":"max-image-preview:large","max-video-preview":"max-video-preview:-1"},"canonical":"https:\/\/www.cantonuovo.org\/sk\/video-talks\/","og_locale":"sk_SK","og_type":"article","og_title":"Video Talks - Fondazione Cantonuovo","og_description":"[vc_row][vc_column width=\u201c1\/6\u2033][\/vc_column][vc_column width=\u201c2\/3\u2033][vc_empty_space height=\u201c80px\u201c][vc_custom_heading text=\u201cMaurizio Tiezzi sa venuje ot\u00e1zkam t\u00fdkaj\u00facim sa Kr\u00e1\u013eovstva Bo\u017eieho a kres\u0165anskej...","og_url":"https:\/\/www.cantonuovo.org\/sk\/video-talks\/","og_site_name":"Fondazione Cantonuovo","article_publisher":"https:\/\/www.facebook.com\/Fondazione-Cantonuovo-157049929923\/","article_modified_time":"2022-06-22T15:27:21+00:00","og_image":[{"width":1920,"height":1080,"url":"https:\/\/www.cantonuovo.org\/wp-content\/uploads\/2019\/02\/video-talks-page.jpg","type":"image\/jpeg"}],"twitter_card":"summary_large_image","twitter_misc":{"Predpokladan\u00fd \u010das \u010d\u00edtania":"1 min\u00fata"},"schema":{"@context":"https:\/\/schema.org","@graph":[{"@type":"WebPage","@id":"https:\/\/www.cantonuovo.org\/sk\/video-talks\/","url":"https:\/\/www.cantonuovo.org\/sk\/video-talks\/","name":"Video Talks - Fondazione Cantonuovo","isPartOf":{"@id":"https:\/\/www.cantonuovo.org\/sk\/#website"},"primaryImageOfPage":{"@id":"https:\/\/www.cantonuovo.org\/sk\/video-talks\/#primaryimage"},"image":{"@id":"https:\/\/www.cantonuovo.org\/sk\/video-talks\/#primaryimage"},"thumbnailUrl":"https:\/\/www.cantonuovo.org\/wp-content\/uploads\/2019\/02\/video-talks-page.jpg","datePublished":"2019-02-24T17:40:44+00:00","dateModified":"2022-06-22T15:27:21+00:00","breadcrumb":{"@id":"https:\/\/www.cantonuovo.org\/sk\/video-talks\/#breadcrumb"},"inLanguage":"sk-SK","potentialAction":[{"@type":"ReadAction","target":["https:\/\/www.cantonuovo.org\/sk\/video-talks\/"]}]},{"@type":"ImageObject","inLanguage":"sk-SK","@id":"https:\/\/www.cantonuovo.org\/sk\/video-talks\/#primaryimage","url":"https:\/\/www.cantonuovo.org\/wp-content\/uploads\/2019\/02\/video-talks-page.jpg","contentUrl":"https:\/\/www.cantonuovo.org\/wp-content\/uploads\/2019\/02\/video-talks-page.jpg","width":1920,"height":1080},{"@type":"BreadcrumbList","@id":"https:\/\/www.cantonuovo.org\/sk\/video-talks\/#breadcrumb","itemListElement":[{"@type":"ListItem","position":1,"name":"Home","item":"https:\/\/www.cantonuovo.org\/sk\/"},{"@type":"ListItem","position":2,"name":"Video Talks"}]},{"@type":"WebSite","@id":"https:\/\/www.cantonuovo.org\/sk\/#website","url":"https:\/\/www.cantonuovo.org\/sk\/","name":"Fondazione Cantonuovo","description":"Fondazione Cantonuovo","publisher":{"@id":"https:\/\/www.cantonuovo.org\/sk\/#organization"},"potentialAction":[{"@type":"SearchAction","target":{"@type":"EntryPoint","urlTemplate":"https:\/\/www.cantonuovo.org\/sk\/?s={search_term_string}"},"query-input":{"@type":"PropertyValueSpecification","valueRequired":true,"valueName":"search_term_string"}}],"inLanguage":"sk-SK"},{"@type":"Organization","@id":"https:\/\/www.cantonuovo.org\/sk\/#organization","name":"Fondazione Cantonuovo","url":"https:\/\/www.cantonuovo.org\/sk\/","logo":{"@type":"ImageObject","inLanguage":"sk-SK","@id":"https:\/\/www.cantonuovo.org\/sk\/#\/schema\/logo\/image\/","url":"https:\/\/www.cantonuovo.org\/wp-content\/uploads\/2019\/01\/logo-fondazione-cantonuovo-grigio.png","contentUrl":"https:\/\/www.cantonuovo.org\/wp-content\/uploads\/2019\/01\/logo-fondazione-cantonuovo-grigio.png","width":180,"height":56,"caption":"Fondazione Cantonuovo"},"image":{"@id":"https:\/\/www.cantonuovo.org\/sk\/#\/schema\/logo\/image\/"},"sameAs":["https:\/\/www.facebook.com\/Fondazione-Cantonuovo-157049929923\/","https:\/\/www.youtube.com\/user\/cantonuovo"]}]}},"_links":{"self":[{"href":"https:\/\/www.cantonuovo.org\/sk\/wp-json\/wp\/v2\/pages\/7510","targetHints":{"allow":["GET"]}}],"collection":[{"href":"https:\/\/www.cantonuovo.org\/sk\/wp-json\/wp\/v2\/pages"}],"about":[{"href":"https:\/\/www.cantonuovo.org\/sk\/wp-json\/wp\/v2\/types\/page"}],"author":[{"embeddable":true,"href":"https:\/\/www.cantonuovo.org\/sk\/wp-json\/wp\/v2\/users\/2"}],"replies":[{"embeddable":true,"href":"https:\/\/www.cantonuovo.org\/sk\/wp-json\/wp\/v2\/comments?post=7510"}],"version-history":[{"count":6,"href":"https:\/\/www.cantonuovo.org\/sk\/wp-json\/wp\/v2\/pages\/7510\/revisions"}],"predecessor-version":[{"id":16742,"href":"https:\/\/www.cantonuovo.org\/sk\/wp-json\/wp\/v2\/pages\/7510\/revisions\/16742"}],"wp:featuredmedia":[{"embeddable":true,"href":"https:\/\/www.cantonuovo.org\/sk\/wp-json\/wp\/v2\/media\/7512"}],"wp:attachment":[{"href":"https:\/\/www.cantonuovo.org\/sk\/wp-json\/wp\/v2\/media?parent=7510"}],"curies":[{"name":"wp","href":"https:\/\/api.w.org\/{rel}","templated":true}]}}