{"id":7544,"date":"2019-04-10T09:25:55","date_gmt":"2019-04-10T07:25:55","guid":{"rendered":"https:\/\/www.cantonuovo.org\/?page_id=7544"},"modified":"2021-05-08T21:35:34","modified_gmt":"2021-05-08T19:35:34","slug":"flumen-laudis","status":"publish","type":"page","link":"https:\/\/www.cantonuovo.org\/sk\/hortus-laudis\/flumen-laudis\/","title":{"rendered":"Flumen Laudis"},"content":{"rendered":"<section class=\"wpb-content-wrapper\"><p>[vc_row full_width=\u201cstretch_row\u201c full_height=\u201cyes\u201c css=\u201c.vc_custom_1554883783686{background: #f1f1f1 url(https:\/\/www.cantonuovo.org\/wp-content\/uploads\/2019\/04\/hortus-laudis-bk.jpg?id=5296) !important;background-position: 0 0 !important;background-repeat: no-repeat !important;}\u201c][vc_column css=\u201c.vc_custom_1554883453199{padding-top: 5% !important;}\u201c][vc_column_text el_class=\u201ccenter white\u201c]<\/p>\n<h3>Rieka chv\u00e1ly:<\/h3>\n<h5>In\u0161pirovan\u00e1 hudba pre in\u0161pir\u00e1ciu va\u0161ich dn\u00ed<\/h5>\n<p>[\/vc_column_text][vc_basic_grid post_type=\u201cpost\u201c max_items=\u201c-1\u2033 element_width=\u201c3\u2033 gap=\u201c20\u2033 item=\u201c4863\u2033 grid_id=\u201cvc_gid:1620502482548-a61d004e-12db-8\u2033 taxonomies=\u201c75\u2033 css=\u201c.vc_custom_1620502529287{padding: 1% !important;}\u201c][\/vc_column][\/vc_row]<\/p>\n<\/section>","protected":false},"excerpt":{"rendered":"<p>[vc_row full_width=\u201cstretch_row\u201c full_height=\u201cyes\u201c css=\u201c.vc_custom_1554883783686{background: #f1f1f1 url(https:\/\/www.cantonuovo.org\/wp-content\/uploads\/2019\/04\/hortus-laudis-bk.jpg?id=5296) !important;background-position: 0 0 !important;background-repeat: no-repeat !important;}\u201c][vc_column css=\u201c.vc_custom_1554883453199{padding-top: 5% !important;}\u201c][vc_column_text&#8230;<\/p>\n","protected":false},"author":6,"featured_media":0,"parent":7547,"menu_order":0,"comment_status":"closed","ping_status":"closed","template":"homepage.php","meta":{"footnotes":""},"class_list":["post-7544","page","type-page","status-publish","hentry"],"yoast_head":"<!-- This site is optimized with the Yoast SEO plugin v27.4 - https:\/\/yoast.com\/product\/yoast-seo-wordpress\/ -->\n<title>Flumen Laudis - Fondazione Cantonuovo<\/title>\n<meta name=\"description\" content=\"Rieka chv\u00e1ly: in\u0161pirovan\u00e1 hudba pre in\u0161pir\u00e1ciu va\u0161ich dn\u00ed\" \/>\n<meta name=\"robots\" content=\"index, follow, max-snippet:-1, max-image-preview:large, max-video-preview:-1\" \/>\n<link rel=\"canonical\" href=\"https:\/\/www.cantonuovo.org\/sk\/hortus-laudis\/flumen-laudis\/\" \/>\n<meta property=\"og:locale\" content=\"sk_SK\" \/>\n<meta property=\"og:type\" content=\"article\" \/>\n<meta property=\"og:title\" content=\"Flumen Laudis - Fondazione Cantonuovo\" \/>\n<meta property=\"og:description\" content=\"Rieka chv\u00e1ly: in\u0161pirovan\u00e1 hudba pre in\u0161pir\u00e1ciu va\u0161ich dn\u00ed\" \/>\n<meta property=\"og:url\" content=\"https:\/\/www.cantonuovo.org\/sk\/hortus-laudis\/flumen-laudis\/\" \/>\n<meta property=\"og:site_name\" content=\"Fondazione Cantonuovo\" \/>\n<meta property=\"article:publisher\" content=\"https:\/\/www.facebook.com\/Fondazione-Cantonuovo-157049929923\/\" \/>\n<meta property=\"article:modified_time\" content=\"2021-05-08T19:35:34+00:00\" \/>\n<meta property=\"og:image\" content=\"https:\/\/www.cantonuovo.org\/wp-content\/uploads\/2024\/10\/Fondazione-Cantonuovo-ETS-e1728726426479.png\" \/>\n\t<meta property=\"og:image:width\" content=\"1200\" \/>\n\t<meta property=\"og:image:height\" content=\"595\" \/>\n\t<meta property=\"og:image:type\" content=\"image\/png\" \/>\n<meta name=\"twitter:card\" content=\"summary_large_image\" \/>\n<script type=\"application\/ld+json\" class=\"yoast-schema-graph\">{\"@context\":\"https:\\\/\\\/schema.org\",\"@graph\":[{\"@type\":\"WebPage\",\"@id\":\"https:\\\/\\\/www.cantonuovo.org\\\/sk\\\/hortus-laudis\\\/flumen-laudis\\\/\",\"url\":\"https:\\\/\\\/www.cantonuovo.org\\\/sk\\\/hortus-laudis\\\/flumen-laudis\\\/\",\"name\":\"Flumen Laudis - Fondazione Cantonuovo\",\"isPartOf\":{\"@id\":\"https:\\\/\\\/www.cantonuovo.org\\\/sk\\\/#website\"},\"datePublished\":\"2019-04-10T07:25:55+00:00\",\"dateModified\":\"2021-05-08T19:35:34+00:00\",\"description\":\"Rieka chv\u00e1ly: in\u0161pirovan\u00e1 hudba pre in\u0161pir\u00e1ciu va\u0161ich dn\u00ed\",\"breadcrumb\":{\"@id\":\"https:\\\/\\\/www.cantonuovo.org\\\/sk\\\/hortus-laudis\\\/flumen-laudis\\\/#breadcrumb\"},\"inLanguage\":\"sk-SK\",\"potentialAction\":[{\"@type\":\"ReadAction\",\"target\":[\"https:\\\/\\\/www.cantonuovo.org\\\/sk\\\/hortus-laudis\\\/flumen-laudis\\\/\"]}]},{\"@type\":\"BreadcrumbList\",\"@id\":\"https:\\\/\\\/www.cantonuovo.org\\\/sk\\\/hortus-laudis\\\/flumen-laudis\\\/#breadcrumb\",\"itemListElement\":[{\"@type\":\"ListItem\",\"position\":1,\"name\":\"Home\",\"item\":\"https:\\\/\\\/www.cantonuovo.org\\\/sk\\\/\"},{\"@type\":\"ListItem\",\"position\":2,\"name\":\"Hortus Laudis\",\"item\":\"https:\\\/\\\/www.cantonuovo.org\\\/sk\\\/hortus-laudis\\\/\"},{\"@type\":\"ListItem\",\"position\":3,\"name\":\"Flumen Laudis\"}]},{\"@type\":\"WebSite\",\"@id\":\"https:\\\/\\\/www.cantonuovo.org\\\/sk\\\/#website\",\"url\":\"https:\\\/\\\/www.cantonuovo.org\\\/sk\\\/\",\"name\":\"Fondazione Cantonuovo\",\"description\":\"Fondazione Cantonuovo\",\"publisher\":{\"@id\":\"https:\\\/\\\/www.cantonuovo.org\\\/sk\\\/#organization\"},\"potentialAction\":[{\"@type\":\"SearchAction\",\"target\":{\"@type\":\"EntryPoint\",\"urlTemplate\":\"https:\\\/\\\/www.cantonuovo.org\\\/sk\\\/?s={search_term_string}\"},\"query-input\":{\"@type\":\"PropertyValueSpecification\",\"valueRequired\":true,\"valueName\":\"search_term_string\"}}],\"inLanguage\":\"sk-SK\"},{\"@type\":\"Organization\",\"@id\":\"https:\\\/\\\/www.cantonuovo.org\\\/sk\\\/#organization\",\"name\":\"Fondazione Cantonuovo\",\"url\":\"https:\\\/\\\/www.cantonuovo.org\\\/sk\\\/\",\"logo\":{\"@type\":\"ImageObject\",\"inLanguage\":\"sk-SK\",\"@id\":\"https:\\\/\\\/www.cantonuovo.org\\\/sk\\\/#\\\/schema\\\/logo\\\/image\\\/\",\"url\":\"https:\\\/\\\/www.cantonuovo.org\\\/wp-content\\\/uploads\\\/2019\\\/01\\\/logo-fondazione-cantonuovo-grigio.png\",\"contentUrl\":\"https:\\\/\\\/www.cantonuovo.org\\\/wp-content\\\/uploads\\\/2019\\\/01\\\/logo-fondazione-cantonuovo-grigio.png\",\"width\":180,\"height\":56,\"caption\":\"Fondazione Cantonuovo\"},\"image\":{\"@id\":\"https:\\\/\\\/www.cantonuovo.org\\\/sk\\\/#\\\/schema\\\/logo\\\/image\\\/\"},\"sameAs\":[\"https:\\\/\\\/www.facebook.com\\\/Fondazione-Cantonuovo-157049929923\\\/\",\"https:\\\/\\\/www.youtube.com\\\/user\\\/cantonuovo\"]}]}<\/script>\n<!-- \/ Yoast SEO plugin. -->","yoast_head_json":{"title":"Flumen Laudis - Fondazione Cantonuovo","description":"Rieka chv\u00e1ly: in\u0161pirovan\u00e1 hudba pre in\u0161pir\u00e1ciu va\u0161ich dn\u00ed","robots":{"index":"index","follow":"follow","max-snippet":"max-snippet:-1","max-image-preview":"max-image-preview:large","max-video-preview":"max-video-preview:-1"},"canonical":"https:\/\/www.cantonuovo.org\/sk\/hortus-laudis\/flumen-laudis\/","og_locale":"sk_SK","og_type":"article","og_title":"Flumen Laudis - Fondazione Cantonuovo","og_description":"Rieka chv\u00e1ly: in\u0161pirovan\u00e1 hudba pre in\u0161pir\u00e1ciu va\u0161ich dn\u00ed","og_url":"https:\/\/www.cantonuovo.org\/sk\/hortus-laudis\/flumen-laudis\/","og_site_name":"Fondazione Cantonuovo","article_publisher":"https:\/\/www.facebook.com\/Fondazione-Cantonuovo-157049929923\/","article_modified_time":"2021-05-08T19:35:34+00:00","og_image":[{"width":1200,"height":595,"url":"https:\/\/www.cantonuovo.org\/wp-content\/uploads\/2024\/10\/Fondazione-Cantonuovo-ETS-e1728726426479.png","type":"image\/png"}],"twitter_card":"summary_large_image","schema":{"@context":"https:\/\/schema.org","@graph":[{"@type":"WebPage","@id":"https:\/\/www.cantonuovo.org\/sk\/hortus-laudis\/flumen-laudis\/","url":"https:\/\/www.cantonuovo.org\/sk\/hortus-laudis\/flumen-laudis\/","name":"Flumen Laudis - Fondazione Cantonuovo","isPartOf":{"@id":"https:\/\/www.cantonuovo.org\/sk\/#website"},"datePublished":"2019-04-10T07:25:55+00:00","dateModified":"2021-05-08T19:35:34+00:00","description":"Rieka chv\u00e1ly: in\u0161pirovan\u00e1 hudba pre in\u0161pir\u00e1ciu va\u0161ich dn\u00ed","breadcrumb":{"@id":"https:\/\/www.cantonuovo.org\/sk\/hortus-laudis\/flumen-laudis\/#breadcrumb"},"inLanguage":"sk-SK","potentialAction":[{"@type":"ReadAction","target":["https:\/\/www.cantonuovo.org\/sk\/hortus-laudis\/flumen-laudis\/"]}]},{"@type":"BreadcrumbList","@id":"https:\/\/www.cantonuovo.org\/sk\/hortus-laudis\/flumen-laudis\/#breadcrumb","itemListElement":[{"@type":"ListItem","position":1,"name":"Home","item":"https:\/\/www.cantonuovo.org\/sk\/"},{"@type":"ListItem","position":2,"name":"Hortus Laudis","item":"https:\/\/www.cantonuovo.org\/sk\/hortus-laudis\/"},{"@type":"ListItem","position":3,"name":"Flumen Laudis"}]},{"@type":"WebSite","@id":"https:\/\/www.cantonuovo.org\/sk\/#website","url":"https:\/\/www.cantonuovo.org\/sk\/","name":"Fondazione Cantonuovo","description":"Fondazione Cantonuovo","publisher":{"@id":"https:\/\/www.cantonuovo.org\/sk\/#organization"},"potentialAction":[{"@type":"SearchAction","target":{"@type":"EntryPoint","urlTemplate":"https:\/\/www.cantonuovo.org\/sk\/?s={search_term_string}"},"query-input":{"@type":"PropertyValueSpecification","valueRequired":true,"valueName":"search_term_string"}}],"inLanguage":"sk-SK"},{"@type":"Organization","@id":"https:\/\/www.cantonuovo.org\/sk\/#organization","name":"Fondazione Cantonuovo","url":"https:\/\/www.cantonuovo.org\/sk\/","logo":{"@type":"ImageObject","inLanguage":"sk-SK","@id":"https:\/\/www.cantonuovo.org\/sk\/#\/schema\/logo\/image\/","url":"https:\/\/www.cantonuovo.org\/wp-content\/uploads\/2019\/01\/logo-fondazione-cantonuovo-grigio.png","contentUrl":"https:\/\/www.cantonuovo.org\/wp-content\/uploads\/2019\/01\/logo-fondazione-cantonuovo-grigio.png","width":180,"height":56,"caption":"Fondazione Cantonuovo"},"image":{"@id":"https:\/\/www.cantonuovo.org\/sk\/#\/schema\/logo\/image\/"},"sameAs":["https:\/\/www.facebook.com\/Fondazione-Cantonuovo-157049929923\/","https:\/\/www.youtube.com\/user\/cantonuovo"]}]}},"_links":{"self":[{"href":"https:\/\/www.cantonuovo.org\/sk\/wp-json\/wp\/v2\/pages\/7544","targetHints":{"allow":["GET"]}}],"collection":[{"href":"https:\/\/www.cantonuovo.org\/sk\/wp-json\/wp\/v2\/pages"}],"about":[{"href":"https:\/\/www.cantonuovo.org\/sk\/wp-json\/wp\/v2\/types\/page"}],"author":[{"embeddable":true,"href":"https:\/\/www.cantonuovo.org\/sk\/wp-json\/wp\/v2\/users\/6"}],"replies":[{"embeddable":true,"href":"https:\/\/www.cantonuovo.org\/sk\/wp-json\/wp\/v2\/comments?post=7544"}],"version-history":[{"count":0,"href":"https:\/\/www.cantonuovo.org\/sk\/wp-json\/wp\/v2\/pages\/7544\/revisions"}],"up":[{"embeddable":true,"href":"https:\/\/www.cantonuovo.org\/sk\/wp-json\/wp\/v2\/pages\/7547"}],"wp:attachment":[{"href":"https:\/\/www.cantonuovo.org\/sk\/wp-json\/wp\/v2\/media?parent=7544"}],"curies":[{"name":"wp","href":"https:\/\/api.w.org\/{rel}","templated":true}]}}