{"id":7563,"date":"2019-03-01T15:03:20","date_gmt":"2019-03-01T14:03:20","guid":{"rendered":"https:\/\/www.cantonuovo.org\/?page_id=7563"},"modified":"2020-05-21T14:12:31","modified_gmt":"2020-05-21T12:12:31","slug":"hudba","status":"publish","type":"page","link":"https:\/\/www.cantonuovo.org\/sk\/hudba\/","title":{"rendered":"HUDBA"},"content":{"rendered":"<section class=\"wpb-content-wrapper\"><p>[vc_row full_width=\u201cstretch_row_content_no_spaces\u201c equal_height=\u201cyes\u201c content_placement=\u201cmiddle\u201c css=\u201c.vc_custom_1551992371190{background-color: #000000 !important;}\u201c][vc_column width=\u201c1\/2\u2033 css=\u201c.vc_custom_1551992446317{padding-top: 35% !important;padding-bottom: 35% !important;background-image: url(http:\/\/www.cantonuovo.org\/wp-content\/uploads\/2019\/03\/rose-vintage.gif?id=4192) !important;background-position: center !important;background-repeat: no-repeat !important;background-size: cover !important;}\u201c][vc_column_text css_animation=\u201cfadeInDown\u201c el_class=\u201cwhite center\u201c]<\/p>\n<h3><a href=\"https:\/\/www.cantonuovo.org\/sk\/hortus-laudis\/\">Hortus Laudis<\/a><\/h3>\n<h5><a href=\"https:\/\/www.cantonuovo.org\/sk\/hortus-laudis\/\">hudba na ka\u017ed\u00fd de\u0148<\/a><\/h5>\n<p>[\/vc_column_text][\/vc_column][vc_column width=\u201c1\/2\u2033 css=\u201c.vc_custom_1551992453006{padding-top: 35% !important;padding-bottom: 35% !important;background-image: url(http:\/\/www.cantonuovo.org\/wp-content\/uploads\/2019\/03\/mandorlo.gif?id=4188) !important;background-position: 0 0 !important;background-repeat: no-repeat !important;}\u201c][vc_column_text css_animation=\u201cfadeInDown\u201c el_class=\u201cwhite center\u201c]<\/p>\n<h3><a href=\"https:\/\/www.cantonuovo.org\/sk\/hudba\/hudba-cantonuovo\/\">Albumy a single<\/a><\/h3>\n<h5><a href=\"https:\/\/www.cantonuovo.org\/sk\/hudba\/hudba-cantonuovo\/\">objavte v\u0161etky skladby<\/a><\/h5>\n<p>[\/vc_column_text][\/vc_column][\/vc_row][vc_row full_width=\u201cstretch_row_content_no_spaces\u201c equal_height=\u201cyes\u201c content_placement=\u201cmiddle\u201c awb_type=\u201cimage\u201c awb_image_background_size=\u201ccontain\u201c awb_image_background_position=\u201c1% 50%\u201c awb_color=\u201crgba(0,0,0,0.42)\u201c css=\u201c.vc_custom_1590062236801{padding-top: 12% !important;padding-bottom: 12% !important;background-color: #000000 !important;}\u201c awb_image=\u201c7566\u2033][vc_column css=\u201c.vc_custom_1590062351627{padding-top: 15% !important;padding-bottom: 15% !important;}\u201c][vc_column_text css_animation=\u201cfadeInDown\u201c el_class=\u201cdark-mode center\u201c]<\/p>\n<h3><a href=\"https:\/\/www.cantonuovo.org\/sk\/hudba\/live-journey\/\">Live Journey<\/a><\/h3>\n<h5><a href=\"https:\/\/www.cantonuovo.org\/sk\/hudba\/live-journey\/\">improvizovan\u00e9 chv\u00e1ly a hudba<\/a><\/h5>\n<p>[\/vc_column_text][\/vc_column][\/vc_row][vc_row full_width=\u201cstretch_row\u201c gap=\u201c35\u2033 full_height=\u201cyes\u201c equal_height=\u201cyes\u201c content_placement=\u201cmiddle\u201c css=\u201c.vc_custom_1553082843021{padding-top: 5% !important;background: #0a0a0a url(http:\/\/www.cantonuovo.org\/wp-content\/uploads\/2019\/03\/BK-Nuovo-album-cantonuovo.jpg?id=4258) !important;background-position: center !important;background-repeat: no-repeat !important;background-size: cover !important;}\u201c el_id=\u201ccantonuovo\u201c][vc_column width=\u201c1\/6\u2033][\/vc_column][vc_column width=\u201c2\/3\u2033][vc_single_image image=\u201c4260\u2033 img_size=\u201cfull\u201c alignment=\u201ccenter\u201c css_animation=\u201cfadeInDown\u201c][vc_column_text css_animation=\u201cfadeIn\u201c el_class=\u201cwhite center\u201c]<\/p>\n<h3 style=\"text-align: center;\">Nov\u00fd album<\/h3>\n<p>[\/vc_column_text][vc_row_inner][vc_column_inner][vc_column_text el_class=\u201cwhite center\u201c]<\/p>\n<h4 style=\"text-align: center;\"><img loading=\"lazy\" decoding=\"async\" class=\"aligncenter size-full wp-image-4721\" src=\"https:\/\/www.cantonuovo.org\/wp-content\/uploads\/2019\/03\/mockup-album-cantonuovo.png\" alt=\"\" width=\"1000\" height=\"667\" srcset=\"https:\/\/www.cantonuovo.org\/wp-content\/uploads\/2019\/03\/mockup-album-cantonuovo.png 1000w, https:\/\/www.cantonuovo.org\/wp-content\/uploads\/2019\/03\/mockup-album-cantonuovo-768x512.png 768w, https:\/\/www.cantonuovo.org\/wp-content\/uploads\/2019\/03\/mockup-album-cantonuovo-500x334.png 500w, https:\/\/www.cantonuovo.org\/wp-content\/uploads\/2019\/03\/mockup-album-cantonuovo-800x534.png 800w, https:\/\/www.cantonuovo.org\/wp-content\/uploads\/2019\/03\/mockup-album-cantonuovo-680x454.png 680w\" sizes=\"auto, (max-width: 1000px) 100vw, 1000px\" \/><a href=\"https:\/\/www.cantonuovo.org\/sk\/hudba\/cantonuovo\/\">Vypo\u010dujte si nov\u00fd album \u2192<\/a><\/h4>\n<hr \/>\n<h4 style=\"text-align: center;\"><a href=\"https:\/\/www.cantonuovo.org\/sk\/hudba\/hudba-cantonuovo\/\"><strong>Vypo\u010dujte si v\u0161etky albumy \u2192<\/strong><\/a><\/h4>\n<p>[\/vc_column_text][\/vc_column_inner][\/vc_row_inner][\/vc_column][vc_column width=\u201c1\/6\u2033][\/vc_column][\/vc_row]<\/p>\n<\/section>","protected":false},"excerpt":{"rendered":"<p>[vc_row full_width=\u201cstretch_row_content_no_spaces\u201c equal_height=\u201cyes\u201c content_placement=\u201cmiddle\u201c css=\u201c.vc_custom_1551992371190{background-color: #000000 !important;}\u201c][vc_column width=\u201c1\/2\u2033 css=\u201c.vc_custom_1551992446317{padding-top: 35% !important;padding-bottom: 35% !important;background-image: url(http:\/\/www.cantonuovo.org\/wp-content\/uploads\/2019\/03\/rose-vintage.gif?id=4192) !important;background-position:&#8230;<\/p>\n","protected":false},"author":6,"featured_media":7568,"parent":0,"menu_order":0,"comment_status":"closed","ping_status":"closed","template":"visual-composer.php","meta":{"footnotes":""},"class_list":["post-7563","page","type-page","status-publish","has-post-thumbnail","hentry"],"yoast_head":"<!-- This site is optimized with the Yoast SEO plugin v27.4 - https:\/\/yoast.com\/product\/yoast-seo-wordpress\/ -->\n<title>HUDBA - Fondazione Cantonuovo<\/title>\n<meta name=\"description\" content=\"Hudba na ka\u017ed\u00fd de\u0148\" \/>\n<meta name=\"robots\" content=\"index, follow, max-snippet:-1, max-image-preview:large, max-video-preview:-1\" \/>\n<link rel=\"canonical\" href=\"https:\/\/www.cantonuovo.org\/sk\/hudba\/\" \/>\n<meta property=\"og:locale\" content=\"sk_SK\" \/>\n<meta property=\"og:type\" content=\"article\" \/>\n<meta property=\"og:title\" content=\"HUDBA - Fondazione Cantonuovo\" \/>\n<meta property=\"og:description\" content=\"Hudba na ka\u017ed\u00fd de\u0148\" \/>\n<meta property=\"og:url\" content=\"https:\/\/www.cantonuovo.org\/sk\/hudba\/\" \/>\n<meta property=\"og:site_name\" content=\"Fondazione Cantonuovo\" \/>\n<meta property=\"article:publisher\" content=\"https:\/\/www.facebook.com\/Fondazione-Cantonuovo-157049929923\/\" \/>\n<meta property=\"article:modified_time\" content=\"2020-05-21T12:12:31+00:00\" \/>\n<meta property=\"og:image\" content=\"https:\/\/www.cantonuovo.org\/wp-content\/uploads\/2019\/03\/rose-vintage.gif\" \/>\n\t<meta property=\"og:image:width\" content=\"490\" \/>\n\t<meta property=\"og:image:height\" content=\"392\" \/>\n\t<meta property=\"og:image:type\" content=\"image\/gif\" \/>\n<meta name=\"twitter:card\" content=\"summary_large_image\" \/>\n<meta name=\"twitter:label1\" content=\"Predpokladan\u00fd \u010das \u010d\u00edtania\" \/>\n\t<meta name=\"twitter:data1\" content=\"2 min\u00faty\" \/>\n<script type=\"application\/ld+json\" class=\"yoast-schema-graph\">{\"@context\":\"https:\\\/\\\/schema.org\",\"@graph\":[{\"@type\":\"WebPage\",\"@id\":\"https:\\\/\\\/www.cantonuovo.org\\\/sk\\\/hudba\\\/\",\"url\":\"https:\\\/\\\/www.cantonuovo.org\\\/sk\\\/hudba\\\/\",\"name\":\"HUDBA - Fondazione Cantonuovo\",\"isPartOf\":{\"@id\":\"https:\\\/\\\/www.cantonuovo.org\\\/sk\\\/#website\"},\"primaryImageOfPage\":{\"@id\":\"https:\\\/\\\/www.cantonuovo.org\\\/sk\\\/hudba\\\/#primaryimage\"},\"image\":{\"@id\":\"https:\\\/\\\/www.cantonuovo.org\\\/sk\\\/hudba\\\/#primaryimage\"},\"thumbnailUrl\":\"https:\\\/\\\/www.cantonuovo.org\\\/wp-content\\\/uploads\\\/2019\\\/03\\\/rose-vintage.gif\",\"datePublished\":\"2019-03-01T14:03:20+00:00\",\"dateModified\":\"2020-05-21T12:12:31+00:00\",\"description\":\"Hudba na ka\u017ed\u00fd de\u0148\",\"breadcrumb\":{\"@id\":\"https:\\\/\\\/www.cantonuovo.org\\\/sk\\\/hudba\\\/#breadcrumb\"},\"inLanguage\":\"sk-SK\",\"potentialAction\":[{\"@type\":\"ReadAction\",\"target\":[\"https:\\\/\\\/www.cantonuovo.org\\\/sk\\\/hudba\\\/\"]}]},{\"@type\":\"ImageObject\",\"inLanguage\":\"sk-SK\",\"@id\":\"https:\\\/\\\/www.cantonuovo.org\\\/sk\\\/hudba\\\/#primaryimage\",\"url\":\"https:\\\/\\\/www.cantonuovo.org\\\/wp-content\\\/uploads\\\/2019\\\/03\\\/rose-vintage.gif\",\"contentUrl\":\"https:\\\/\\\/www.cantonuovo.org\\\/wp-content\\\/uploads\\\/2019\\\/03\\\/rose-vintage.gif\",\"width\":490,\"height\":392},{\"@type\":\"BreadcrumbList\",\"@id\":\"https:\\\/\\\/www.cantonuovo.org\\\/sk\\\/hudba\\\/#breadcrumb\",\"itemListElement\":[{\"@type\":\"ListItem\",\"position\":1,\"name\":\"Home\",\"item\":\"https:\\\/\\\/www.cantonuovo.org\\\/sk\\\/\"},{\"@type\":\"ListItem\",\"position\":2,\"name\":\"HUDBA\"}]},{\"@type\":\"WebSite\",\"@id\":\"https:\\\/\\\/www.cantonuovo.org\\\/sk\\\/#website\",\"url\":\"https:\\\/\\\/www.cantonuovo.org\\\/sk\\\/\",\"name\":\"Fondazione Cantonuovo\",\"description\":\"Fondazione Cantonuovo\",\"publisher\":{\"@id\":\"https:\\\/\\\/www.cantonuovo.org\\\/sk\\\/#organization\"},\"potentialAction\":[{\"@type\":\"SearchAction\",\"target\":{\"@type\":\"EntryPoint\",\"urlTemplate\":\"https:\\\/\\\/www.cantonuovo.org\\\/sk\\\/?s={search_term_string}\"},\"query-input\":{\"@type\":\"PropertyValueSpecification\",\"valueRequired\":true,\"valueName\":\"search_term_string\"}}],\"inLanguage\":\"sk-SK\"},{\"@type\":\"Organization\",\"@id\":\"https:\\\/\\\/www.cantonuovo.org\\\/sk\\\/#organization\",\"name\":\"Fondazione Cantonuovo\",\"url\":\"https:\\\/\\\/www.cantonuovo.org\\\/sk\\\/\",\"logo\":{\"@type\":\"ImageObject\",\"inLanguage\":\"sk-SK\",\"@id\":\"https:\\\/\\\/www.cantonuovo.org\\\/sk\\\/#\\\/schema\\\/logo\\\/image\\\/\",\"url\":\"https:\\\/\\\/www.cantonuovo.org\\\/wp-content\\\/uploads\\\/2019\\\/01\\\/logo-fondazione-cantonuovo-grigio.png\",\"contentUrl\":\"https:\\\/\\\/www.cantonuovo.org\\\/wp-content\\\/uploads\\\/2019\\\/01\\\/logo-fondazione-cantonuovo-grigio.png\",\"width\":180,\"height\":56,\"caption\":\"Fondazione Cantonuovo\"},\"image\":{\"@id\":\"https:\\\/\\\/www.cantonuovo.org\\\/sk\\\/#\\\/schema\\\/logo\\\/image\\\/\"},\"sameAs\":[\"https:\\\/\\\/www.facebook.com\\\/Fondazione-Cantonuovo-157049929923\\\/\",\"https:\\\/\\\/www.youtube.com\\\/user\\\/cantonuovo\"]}]}<\/script>\n<!-- \/ Yoast SEO plugin. -->","yoast_head_json":{"title":"HUDBA - Fondazione Cantonuovo","description":"Hudba na ka\u017ed\u00fd de\u0148","robots":{"index":"index","follow":"follow","max-snippet":"max-snippet:-1","max-image-preview":"max-image-preview:large","max-video-preview":"max-video-preview:-1"},"canonical":"https:\/\/www.cantonuovo.org\/sk\/hudba\/","og_locale":"sk_SK","og_type":"article","og_title":"HUDBA - Fondazione Cantonuovo","og_description":"Hudba na ka\u017ed\u00fd de\u0148","og_url":"https:\/\/www.cantonuovo.org\/sk\/hudba\/","og_site_name":"Fondazione Cantonuovo","article_publisher":"https:\/\/www.facebook.com\/Fondazione-Cantonuovo-157049929923\/","article_modified_time":"2020-05-21T12:12:31+00:00","og_image":[{"url":"https:\/\/www.cantonuovo.org\/wp-content\/uploads\/2019\/03\/rose-vintage.gif","width":490,"height":392,"type":"image\/gif"}],"twitter_card":"summary_large_image","twitter_misc":{"Predpokladan\u00fd \u010das \u010d\u00edtania":"2 min\u00faty"},"schema":{"@context":"https:\/\/schema.org","@graph":[{"@type":"WebPage","@id":"https:\/\/www.cantonuovo.org\/sk\/hudba\/","url":"https:\/\/www.cantonuovo.org\/sk\/hudba\/","name":"HUDBA - Fondazione Cantonuovo","isPartOf":{"@id":"https:\/\/www.cantonuovo.org\/sk\/#website"},"primaryImageOfPage":{"@id":"https:\/\/www.cantonuovo.org\/sk\/hudba\/#primaryimage"},"image":{"@id":"https:\/\/www.cantonuovo.org\/sk\/hudba\/#primaryimage"},"thumbnailUrl":"https:\/\/www.cantonuovo.org\/wp-content\/uploads\/2019\/03\/rose-vintage.gif","datePublished":"2019-03-01T14:03:20+00:00","dateModified":"2020-05-21T12:12:31+00:00","description":"Hudba na ka\u017ed\u00fd de\u0148","breadcrumb":{"@id":"https:\/\/www.cantonuovo.org\/sk\/hudba\/#breadcrumb"},"inLanguage":"sk-SK","potentialAction":[{"@type":"ReadAction","target":["https:\/\/www.cantonuovo.org\/sk\/hudba\/"]}]},{"@type":"ImageObject","inLanguage":"sk-SK","@id":"https:\/\/www.cantonuovo.org\/sk\/hudba\/#primaryimage","url":"https:\/\/www.cantonuovo.org\/wp-content\/uploads\/2019\/03\/rose-vintage.gif","contentUrl":"https:\/\/www.cantonuovo.org\/wp-content\/uploads\/2019\/03\/rose-vintage.gif","width":490,"height":392},{"@type":"BreadcrumbList","@id":"https:\/\/www.cantonuovo.org\/sk\/hudba\/#breadcrumb","itemListElement":[{"@type":"ListItem","position":1,"name":"Home","item":"https:\/\/www.cantonuovo.org\/sk\/"},{"@type":"ListItem","position":2,"name":"HUDBA"}]},{"@type":"WebSite","@id":"https:\/\/www.cantonuovo.org\/sk\/#website","url":"https:\/\/www.cantonuovo.org\/sk\/","name":"Fondazione Cantonuovo","description":"Fondazione Cantonuovo","publisher":{"@id":"https:\/\/www.cantonuovo.org\/sk\/#organization"},"potentialAction":[{"@type":"SearchAction","target":{"@type":"EntryPoint","urlTemplate":"https:\/\/www.cantonuovo.org\/sk\/?s={search_term_string}"},"query-input":{"@type":"PropertyValueSpecification","valueRequired":true,"valueName":"search_term_string"}}],"inLanguage":"sk-SK"},{"@type":"Organization","@id":"https:\/\/www.cantonuovo.org\/sk\/#organization","name":"Fondazione Cantonuovo","url":"https:\/\/www.cantonuovo.org\/sk\/","logo":{"@type":"ImageObject","inLanguage":"sk-SK","@id":"https:\/\/www.cantonuovo.org\/sk\/#\/schema\/logo\/image\/","url":"https:\/\/www.cantonuovo.org\/wp-content\/uploads\/2019\/01\/logo-fondazione-cantonuovo-grigio.png","contentUrl":"https:\/\/www.cantonuovo.org\/wp-content\/uploads\/2019\/01\/logo-fondazione-cantonuovo-grigio.png","width":180,"height":56,"caption":"Fondazione Cantonuovo"},"image":{"@id":"https:\/\/www.cantonuovo.org\/sk\/#\/schema\/logo\/image\/"},"sameAs":["https:\/\/www.facebook.com\/Fondazione-Cantonuovo-157049929923\/","https:\/\/www.youtube.com\/user\/cantonuovo"]}]}},"_links":{"self":[{"href":"https:\/\/www.cantonuovo.org\/sk\/wp-json\/wp\/v2\/pages\/7563","targetHints":{"allow":["GET"]}}],"collection":[{"href":"https:\/\/www.cantonuovo.org\/sk\/wp-json\/wp\/v2\/pages"}],"about":[{"href":"https:\/\/www.cantonuovo.org\/sk\/wp-json\/wp\/v2\/types\/page"}],"author":[{"embeddable":true,"href":"https:\/\/www.cantonuovo.org\/sk\/wp-json\/wp\/v2\/users\/6"}],"replies":[{"embeddable":true,"href":"https:\/\/www.cantonuovo.org\/sk\/wp-json\/wp\/v2\/comments?post=7563"}],"version-history":[{"count":0,"href":"https:\/\/www.cantonuovo.org\/sk\/wp-json\/wp\/v2\/pages\/7563\/revisions"}],"wp:featuredmedia":[{"embeddable":true,"href":"https:\/\/www.cantonuovo.org\/sk\/wp-json\/wp\/v2\/media\/7568"}],"wp:attachment":[{"href":"https:\/\/www.cantonuovo.org\/sk\/wp-json\/wp\/v2\/media?parent=7563"}],"curies":[{"name":"wp","href":"https:\/\/api.w.org\/{rel}","templated":true}]}}